{"id":105,"date":"2016-02-10T11:59:29","date_gmt":"2016-02-10T10:59:29","guid":{"rendered":"http:\/\/resarquitectura.blogs.upv.es\/?page_id=105"},"modified":"2026-02-16T00:27:13","modified_gmt":"2026-02-15T23:27:13","slug":"exposiciones","status":"publish","type":"page","link":"https:\/\/resarquitectura.blogs.upv.es\/?page_id=105","title":{"rendered":"Exposiciones"},"content":{"rendered":"<p><\/p>\n<div class=\"\">\n<ul>\n<li><span style=\"color: #000000\">Rehabilitaci\u00f3n sostenible de la arquitectura de tierra. Lecciones para la arquitectura contempor\u00e1nea (2025)<\/span><\/li>\n<li><span style=\"color: #000000\">reHABITAT. Restauraci\u00f3n y rehabilitaci\u00f3n sostenible. Viviendas tradicionales en contextos hist\u00f3ricos (2025)<\/span><\/li>\n<li><span style=\"color: #000000\">Architecture withOUT architects. Documentation and conservation proposals by <em>RES<\/em> students (2025)<\/span><\/li>\n<li><span style=\"color: #000000\">ENACT-15mC. Envisioning Neighbourhoods And Co-Creating Thriving communities (2025)<\/span><\/li>\n<li>Pegaso I+D+i Projects 2025 (2025)<\/li>\n<li><span style=\"color: #000000\">Construcci\u00f3n tradicional de madera. Catalogaci\u00f3n, conservaci\u00f3n, transformaci\u00f3n e intervenci\u00f3n en muros mixtos de madera (2025)<\/span><\/li>\n<li><span style=\"color: #000000\"><a style=\"color: #000000\" href=\"https:\/\/storymaps.com\/es\/stories\/73cdd76535e941e093fdcca418661348\">Arquitectura y Naturaleza. La apertura al otro (2024)<\/a><\/span><\/li>\n<li><span style=\"color: #000000\">Pegaso I+D+i Projects 2024 (2024)<\/span><\/li>\n<li><span style=\"color: #000000\">Pegaso I+D+i Projects (2023)<\/span><\/li>\n<li><span style=\"color: #000000\"><a style=\"color: #000000\" href=\"https:\/\/versus-people.webs.upv.es\/art-exhibition\/\">Art &amp; Crafts for the future of tradition (2023)<\/a><\/span><\/li>\n<li><span style=\"color: #000000\"><a style=\"color: #000000\" href=\"https:\/\/heritage2022.blogs.upv.es\/virtual-exhibition_for-sale-empty-spain\/\">For Sale! Empty Spain. Empty and forgotten: values and strategies for the recovery of vernacular architecture in empty Spain (2022)<\/a><\/span><\/li>\n<li><span style=\"color: #000000\"><a style=\"color: #000000\" href=\"https:\/\/heritage2022.blogs.upv.es\/virtual-exhibition_mujeres-en-burkina\/\">Women in Burkina Faso vernacular architecture (2022)<\/a><\/span><\/li>\n<li><span style=\"color: #000000\"><a style=\"color: #000000\" href=\"https:\/\/heritage2022.blogs.upv.es\/virtual-exhibition_risk-terra\/\">RISKterra. Earthen architecture in the Iberian Peninsula: study of natural, social and anthropic risks and strategies to improve resilience (2022)<\/a><\/span><\/li>\n<li>Arquitectura, Patrimonio y Gesti\u00f3n para el Desarrollo Sostenible (2021)<\/li>\n<li><span style=\"color: #000000\"><a style=\"color: #000000\" href=\"https:\/\/riskterra.blogs.upv.es\/exposicion\/\">RISKterra. Arquitectura vern\u00e1cula de tierra en la Pen\u00ednsula Ib\u00e9rica: Riesgos naturales y vulnerabilidad (2020)<\/a><\/span><\/li>\n<li><span style=\"color: #000000\">MINIArquitecTURAS. El imaginario colectivo a trav\u00e9s de miniaturas de la arquitectura vern\u00e1cula (2017-2019)<\/span><\/li>\n<li><span style=\"color: #000000\"><a style=\"color: #000000\" href=\"https:\/\/resarquitectura.blogs.upv.es\/?page_id=15289\">ConBurkina. Arquitectura, cultura y cooperaci\u00f3n (2018)<\/a><\/span><\/li>\n<\/ul>\n<\/div>\n<ul>\n<li><span style=\"color: #000000\">Materiales hist\u00f3ricos CON-TACTO (2018)<\/span><\/li>\n<li><span style=\"color: #000000\">Architectural Heritage Patrimoni. Trabajos del curso 2017-18 (2018)<\/span><\/li>\n<li><span style=\"color: #000000\">Hispania Nostra. 40 aniversario. Reconociendo el Patrimonio Espa\u00f1ol en Europa (2018)<\/span><\/li>\n<\/ul>\n<ul>\n<li><span style=\"color: #000000\"><a style=\"color: #000000\" href=\"http:\/\/resarquitectura.blogs.upv.es\/?page_id=5313\">Caba\u00f1al | Record (2017)<\/a><\/span><\/li>\n<li><span style=\"color: #000000\"><a style=\"color: #000000\" href=\"https:\/\/resarquitectura.blogs.upv.es\/?page_id=5277&amp;lang=en\">Fragile: Hadle with Care. Una retrospectiva sobre cinco a\u00f1os de actividades arqueol\u00f3gicas en Siria (2017)<\/a><\/span><\/li>\n<li><span style=\"color: #000000\"><a style=\"color: #000000\" href=\"http:\/\/sostierra.blogs.upv.es\/exposicion\/\">La restauraci\u00f3n y rehabilitaci\u00f3n de arquitectura tradicional de tierra en la Pen\u00ednsula Ib\u00e9rica. L\u00edneas gu\u00eda y herramientas para una intervenci\u00f3n sostenible. SOStierra (2017)<\/a><\/span><\/li>\n<li style=\"text-align: justify\"><span style=\"color: #000000\">Actividades de la C\u00e1tedra UNESCO de Arquitectura de tierra, culturas constructivas y desarrollo sostenible (2015)<\/span><\/li>\n<li style=\"text-align: justify\"><span style=\"color: #000000\"><a style=\"color: #000000\" href=\"http:\/\/www.restapia.es\/pages\/exposicion\" target=\"_blank\" rel=\"noopener noreferrer\">La restauraci\u00f3n de la arquitectura de tapia en la Pen\u00ednsula Ib\u00e9rica. 1980 &#8211; 2010<\/a>&nbsp;(2014)<\/span><\/li>\n<li style=\"text-align: justify\"><span style=\"color: #000000\"><a style=\"color: #000000\" href=\"http:\/\/resarquitectura.blogs.upv.es\/?page_id=5079\">VerSus. Lessons from vernacular heritage to sustainable architecture (2014)<\/a><\/span><\/li>\n<li style=\"text-align: justify\"><span style=\"color: #000000\">Proyectando y construyendo en Burkina Fasso. Propuesta para una escuela secundaria en Baasneere (2014)<\/span><\/li>\n<li style=\"text-align: justify\"><span style=\"color: #000000\">Terra Europae. Earthen Architecture in Europe (2012)<\/span><\/li>\n<li style=\"text-align: justify\"><span style=\"color: #000000\">Tras las huellas de la Torre de Babel. Primer proyecto espa\u00f1ol para la reconstrucci\u00f3n del monumento (2010)<\/span><\/li>\n<li style=\"text-align: justify\"><span style=\"color: #000000\"><a style=\"color: #000000\" href=\"http:\/\/resarquitectura.blogs.upv.es\/?page_id=5162\">Earthen Domes and Habitats. Villages of Northern Syria. An architectural tradition shared by East and West (2009)<\/a><\/span><\/li>\n<li style=\"text-align: justify\"><span style=\"color: #000000\">Nueva hip\u00f3tesis de reconstrucci\u00f3n del zigurat de Nabucodonosor II en la ciudad de Babilonia (2003)<\/span><\/li>\n<\/ul>\n<p style=\"text-align: justify\">&nbsp;<\/p>\n<p><\/p>","protected":false},"excerpt":{"rendered":"<p class=\"excerpt\">Rehabilitaci\u00f3n sostenible de la arquitectura de tierra. Lecciones para la arquitectura contempor\u00e1nea (2025) reHABITAT. Restauraci\u00f3n y rehabilitaci\u00f3n sostenible. Viviendas tradicionales en contextos hist\u00f3ricos (2025) Architecture withOUT architects. Documentation and conservation proposals by RES students (2025) ENACT-15mC. Envisioning Neighbourhoods And Co-Creating Thriving communities (2025) Pegaso I+D+i Projects 2025 (2025) Construcci\u00f3n tradicional de madera. Catalogaci\u00f3n, conservaci\u00f3n, transformaci\u00f3n e intervenci\u00f3n en muros mixtos&hellip;<\/p>\n<p class=\"more-link-p\"><a class=\"btn btn-default\" href=\"https:\/\/resarquitectura.blogs.upv.es\/?page_id=105\">Read more<\/a><\/p>\n","protected":false},"author":5990,"featured_media":0,"parent":0,"menu_order":0,"comment_status":"closed","ping_status":"closed","template":"","meta":{"ngg_post_thumbnail":0,"footnotes":""},"class_list":["post-105","page","type-page","status-publish","hentry"],"aioseo_notices":[],"_links":{"self":[{"href":"https:\/\/resarquitectura.blogs.upv.es\/index.php?rest_route=\/wp\/v2\/pages\/105","targetHints":{"allow":["GET"]}}],"collection":[{"href":"https:\/\/resarquitectura.blogs.upv.es\/index.php?rest_route=\/wp\/v2\/pages"}],"about":[{"href":"https:\/\/resarquitectura.blogs.upv.es\/index.php?rest_route=\/wp\/v2\/types\/page"}],"author":[{"embeddable":true,"href":"https:\/\/resarquitectura.blogs.upv.es\/index.php?rest_route=\/wp\/v2\/users\/5990"}],"replies":[{"embeddable":true,"href":"https:\/\/resarquitectura.blogs.upv.es\/index.php?rest_route=%2Fwp%2Fv2%2Fcomments&post=105"}],"version-history":[{"count":2,"href":"https:\/\/resarquitectura.blogs.upv.es\/index.php?rest_route=\/wp\/v2\/pages\/105\/revisions"}],"predecessor-version":[{"id":21651,"href":"https:\/\/resarquitectura.blogs.upv.es\/index.php?rest_route=\/wp\/v2\/pages\/105\/revisions\/21651"}],"wp:attachment":[{"href":"https:\/\/resarquitectura.blogs.upv.es\/index.php?rest_route=%2Fwp%2Fv2%2Fmedia&parent=105"}],"curies":[{"name":"wp","href":"https:\/\/api.w.org\/{rel}","templated":true}]}}