{"id":111,"date":"2016-02-10T11:59:36","date_gmt":"2016-02-10T10:59:36","guid":{"rendered":"http:\/\/resarquitectura.blogs.upv.es\/?page_id=111"},"modified":"2020-07-08T17:45:39","modified_gmt":"2020-07-08T16:45:39","slug":"cursos","status":"publish","type":"page","link":"https:\/\/resarquitectura.blogs.upv.es\/?page_id=111","title":{"rendered":"Cursos y talleres"},"content":{"rendered":"<p><a href=\"http:\/\/resarquitectura.blogs.upv.es\/wp-content\/uploads\/2019\/09\/Cartel-taller-CHAILLOT.jpg\"><img loading=\"lazy\" decoding=\"async\" class=\"alignleft wp-image-13570\" src=\"http:\/\/resarquitectura.blogs.upv.es\/wp-content\/uploads\/2019\/09\/Cartel-taller-CHAILLOT-212x300.jpg\" alt=\"\" width=\"150\" height=\"212\" srcset=\"https:\/\/resarquitectura.blogs.upv.es\/wp-content\/uploads\/2019\/09\/Cartel-taller-CHAILLOT-212x300.jpg 212w, https:\/\/resarquitectura.blogs.upv.es\/wp-content\/uploads\/2019\/09\/Cartel-taller-CHAILLOT-768x1086.jpg 768w, https:\/\/resarquitectura.blogs.upv.es\/wp-content\/uploads\/2019\/09\/Cartel-taller-CHAILLOT-724x1024.jpg 724w\" sizes=\"auto, (max-width: 150px) 100vw, 150px\" \/><\/a><\/p>\n<p><strong>Taller de construcci\u00f3n y restauraci\u00f3n de arquitectura de tierra<\/strong><\/p>\n<p>15-16 mayo 2019<\/p>\n<p>&nbsp;<\/p>\n<p>&nbsp;<\/p>\n<p>&nbsp;<\/p>\n<p>&nbsp;<\/p>\n<p>&nbsp;<\/p>\n<p>&nbsp;<\/p>\n<p><a href=\"http:\/\/resarquitectura.blogs.upv.es\/wp-content\/uploads\/2019\/09\/Cartel-taller-OBU.jpg\"><img loading=\"lazy\" decoding=\"async\" class=\"alignleft wp-image-13561\" src=\"http:\/\/resarquitectura.blogs.upv.es\/wp-content\/uploads\/2019\/09\/Cartel-taller-OBU-212x300.jpg\" alt=\"\" width=\"150\" height=\"212\" srcset=\"https:\/\/resarquitectura.blogs.upv.es\/wp-content\/uploads\/2019\/09\/Cartel-taller-OBU-212x300.jpg 212w, https:\/\/resarquitectura.blogs.upv.es\/wp-content\/uploads\/2019\/09\/Cartel-taller-OBU-768x1086.jpg 768w, https:\/\/resarquitectura.blogs.upv.es\/wp-content\/uploads\/2019\/09\/Cartel-taller-OBU-724x1024.jpg 724w\" sizes=\"auto, (max-width: 150px) 100vw, 150px\" \/><\/a><\/p>\n<p><strong>International Architectural regeneration project in Huerta de Alboraya<\/strong><\/p>\n<p>28 enero-2 febrero 2018<\/p>\n<p>&nbsp;<\/p>\n<p>&nbsp;<\/p>\n<p>&nbsp;<\/p>\n<p>&nbsp;<\/p>\n<p>&nbsp;<\/p>\n<p><a href=\"http:\/\/resarquitectura.blogs.upv.es\/wp-content\/uploads\/2017\/11\/Cartel-taller-india-espa\u00f1a-logo-cambiado_low.jpg\" target=\"_blank\" rel=\"noopener noreferrer\"><img loading=\"lazy\" decoding=\"async\" class=\"alignleft wp-image-5031\" src=\"http:\/\/resarquitectura.blogs.upv.es\/wp-content\/uploads\/2017\/11\/Cartel-taller-india-espa\u00f1a-logo-cambiado_low-212x300.jpg\" alt=\"\" width=\"150\" height=\"212\" srcset=\"https:\/\/resarquitectura.blogs.upv.es\/wp-content\/uploads\/2017\/11\/Cartel-taller-india-espa\u00f1a-logo-cambiado_low-212x300.jpg 212w, https:\/\/resarquitectura.blogs.upv.es\/wp-content\/uploads\/2017\/11\/Cartel-taller-india-espa\u00f1a-logo-cambiado_low-768x1086.jpg 768w, https:\/\/resarquitectura.blogs.upv.es\/wp-content\/uploads\/2017\/11\/Cartel-taller-india-espa\u00f1a-logo-cambiado_low-724x1024.jpg 724w, https:\/\/resarquitectura.blogs.upv.es\/wp-content\/uploads\/2017\/11\/Cartel-taller-india-espa\u00f1a-logo-cambiado_low.jpg 835w\" sizes=\"auto, (max-width: 150px) 100vw, 150px\" \/><\/a><strong>Taller pr\u00e1ctico de construcci\u00f3n con tierra y b\u00f3vedas. India &#8211; Espa\u00f1a<\/strong><\/p>\n<p>5-7 julio 2017<\/p>\n<p>&nbsp;<\/p>\n<p>&nbsp;<\/p>\n<p>&nbsp;<\/p>\n<p>&nbsp;<\/p>\n<p>&nbsp;<\/p>\n<p>&nbsp;<\/p>\n<p><a href=\"http:\/\/resarquitectura.blogs.upv.es\/wp-content\/uploads\/2016\/02\/Cartel-taller-cal-viva_low.jpg\" target=\"_blank\" rel=\"noopener noreferrer\"><img loading=\"lazy\" decoding=\"async\" class=\"wp-image-1509 alignleft\" src=\"http:\/\/resarquitectura.blogs.upv.es\/wp-content\/uploads\/2016\/02\/Cartel-taller-cal-viva_low-212x300.jpg\" alt=\"Cartel taller cal viva_low\" width=\"150\" height=\"212\" srcset=\"https:\/\/resarquitectura.blogs.upv.es\/wp-content\/uploads\/2016\/02\/Cartel-taller-cal-viva_low-212x300.jpg 212w, https:\/\/resarquitectura.blogs.upv.es\/wp-content\/uploads\/2016\/02\/Cartel-taller-cal-viva_low-768x1086.jpg 768w, https:\/\/resarquitectura.blogs.upv.es\/wp-content\/uploads\/2016\/02\/Cartel-taller-cal-viva_low-724x1024.jpg 724w, https:\/\/resarquitectura.blogs.upv.es\/wp-content\/uploads\/2016\/02\/Cartel-taller-cal-viva_low.jpg 1671w\" sizes=\"auto, (max-width: 150px) 100vw, 150px\" \/><\/a><\/p>\n<p><strong>Morteros de cal viva mezclada en caliente<\/strong><\/p>\n<p>25-27 febrero 2016<\/p>\n<p>&nbsp;<\/p>\n<p>&nbsp;<\/p>\n<p>&nbsp;<\/p>\n<p>&nbsp;<\/p>\n<p>&nbsp;<\/p>\n<p>&nbsp;<\/p>\n<h5><a href=\"http:\/\/resarquitectura.blogs.upv.es\/wp-content\/uploads\/2016\/02\/Cartel-taller-yeso_low.jpg\" target=\"_blank\" rel=\"noopener noreferrer\"><img loading=\"lazy\" decoding=\"async\" class=\"wp-image-568 alignleft\" src=\"http:\/\/resarquitectura.blogs.upv.es\/wp-content\/uploads\/2016\/02\/Cartel-taller-yeso_low-212x300.jpg\" alt=\"Cartel taller yeso_low\" width=\"150\" height=\"212\" srcset=\"https:\/\/resarquitectura.blogs.upv.es\/wp-content\/uploads\/2016\/02\/Cartel-taller-yeso_low-212x300.jpg 212w, https:\/\/resarquitectura.blogs.upv.es\/wp-content\/uploads\/2016\/02\/Cartel-taller-yeso_low-768x1086.jpg 768w, https:\/\/resarquitectura.blogs.upv.es\/wp-content\/uploads\/2016\/02\/Cartel-taller-yeso_low-724x1024.jpg 724w\" sizes=\"auto, (max-width: 150px) 100vw, 150px\" \/><\/a><\/h5>\n<p><strong>XX Taller de arquitectura tradicional en el Rinc\u00f3n de Ademuz. Construcci\u00f3n de pavimentos de yeso<\/strong><\/p>\n<p>19-20 septiembre 2015<\/p>\n<p>&nbsp;<\/p>\n<p>&nbsp;<\/p>\n<p>&nbsp;<\/p>\n<p>&nbsp;<\/p>\n<p>&nbsp;<\/p>\n<p><a href=\"http:\/\/resarquitectura.blogs.upv.es\/wp-content\/uploads\/2016\/02\/Cartel-taller-BTC-low.jpg\" target=\"_blank\" rel=\"noopener noreferrer\"><img loading=\"lazy\" decoding=\"async\" class=\"wp-image-577 alignleft\" src=\"http:\/\/resarquitectura.blogs.upv.es\/wp-content\/uploads\/2016\/02\/Cartel-taller-BTC-low-212x300.jpg\" alt=\"Cartel taller BTC low\" width=\"150\" height=\"212\" srcset=\"https:\/\/resarquitectura.blogs.upv.es\/wp-content\/uploads\/2016\/02\/Cartel-taller-BTC-low-212x300.jpg 212w, https:\/\/resarquitectura.blogs.upv.es\/wp-content\/uploads\/2016\/02\/Cartel-taller-BTC-low.jpg 668w\" sizes=\"auto, (max-width: 150px) 100vw, 150px\" \/><\/a><\/p>\n<p><strong>Iniciaci\u00f3n a la producci\u00f3n y uso de BTC<\/strong><\/p>\n<p>25-27 junio 2015<\/p>\n<p>&nbsp;<\/p>\n<p>&nbsp;<\/p>\n<p>&nbsp;<\/p>\n<p>&nbsp;<\/p>\n<p>&nbsp;<\/p>\n<p>&nbsp;<\/p>\n<p><a href=\"http:\/\/resarquitectura.blogs.upv.es\/wp-content\/uploads\/2016\/02\/Cartel-taller-B\u00f3vedas_low.jpg\" target=\"_blank\" rel=\"noopener noreferrer\"><img loading=\"lazy\" decoding=\"async\" class=\"wp-image-1522 alignleft\" src=\"http:\/\/resarquitectura.blogs.upv.es\/wp-content\/uploads\/2016\/02\/Cartel-taller-B\u00f3vedas_low-212x300.jpg\" alt=\"Cartel taller B\u00f3vedas_low\" width=\"150\" height=\"212\" srcset=\"https:\/\/resarquitectura.blogs.upv.es\/wp-content\/uploads\/2016\/02\/Cartel-taller-B\u00f3vedas_low-212x300.jpg 212w, https:\/\/resarquitectura.blogs.upv.es\/wp-content\/uploads\/2016\/02\/Cartel-taller-B\u00f3vedas_low-768x1086.jpg 768w, https:\/\/resarquitectura.blogs.upv.es\/wp-content\/uploads\/2016\/02\/Cartel-taller-B\u00f3vedas_low-724x1024.jpg 724w\" sizes=\"auto, (max-width: 150px) 100vw, 150px\" \/><\/a><\/p>\n<p><strong>B\u00f3vedas tabicadas: t\u00e9cnica constructiva y puesta en obra<\/strong><\/p>\n<p>19-21 febrero 2015<\/p>\n<p>&nbsp;<\/p>\n<p>&nbsp;<\/p>\n<p>&nbsp;<\/p>\n<p>&nbsp;<\/p>\n<p>&nbsp;<\/p>\n<p>&nbsp;<\/p>\n<p><a href=\"http:\/\/resarquitectura.blogs.upv.es\/wp-content\/uploads\/2016\/02\/Cartel-taller-Burkina_low.jpg\" target=\"_blank\" rel=\"noopener noreferrer\"><img loading=\"lazy\" decoding=\"async\" class=\"wp-image-1527 alignleft\" src=\"http:\/\/resarquitectura.blogs.upv.es\/wp-content\/uploads\/2016\/02\/Cartel-taller-Burkina_low-212x300.jpg\" alt=\"Cartel taller Burkina_low\" width=\"150\" height=\"212\" srcset=\"https:\/\/resarquitectura.blogs.upv.es\/wp-content\/uploads\/2016\/02\/Cartel-taller-Burkina_low-212x300.jpg 212w, https:\/\/resarquitectura.blogs.upv.es\/wp-content\/uploads\/2016\/02\/Cartel-taller-Burkina_low-768x1086.jpg 768w, https:\/\/resarquitectura.blogs.upv.es\/wp-content\/uploads\/2016\/02\/Cartel-taller-Burkina_low-724x1024.jpg 724w, https:\/\/resarquitectura.blogs.upv.es\/wp-content\/uploads\/2016\/02\/Cartel-taller-Burkina_low.jpg 1253w\" sizes=\"auto, (max-width: 150px) 100vw, 150px\" \/><\/a><\/p>\n<p style=\"text-align: justify\"><strong>Proyectando y construyendo en Burkina Fasso. Propuesta para una escuela secundaria en Baasneere<\/strong><\/p>\n<p style=\"text-align: justify\">7-11 julio 2014<\/p>\n<p>&nbsp;<\/p>\n<p>&nbsp;<\/p>\n<p>&nbsp;<\/p>\n<p>&nbsp;<\/p>\n<p>&nbsp;<\/p>\n<p><a href=\"http:\/\/resarquitectura.blogs.upv.es\/wp-content\/uploads\/2016\/02\/Cartel-taller-Tapia-Valenciana_low.jpg\" target=\"_blank\" rel=\"noopener noreferrer\"><img loading=\"lazy\" decoding=\"async\" class=\"wp-image-1531 alignleft\" src=\"http:\/\/resarquitectura.blogs.upv.es\/wp-content\/uploads\/2016\/02\/Cartel-taller-Tapia-Valenciana_low-212x300.jpg\" alt=\"Cartel taller Tapia Valenciana_low\" width=\"150\" height=\"212\" srcset=\"https:\/\/resarquitectura.blogs.upv.es\/wp-content\/uploads\/2016\/02\/Cartel-taller-Tapia-Valenciana_low-212x300.jpg 212w, https:\/\/resarquitectura.blogs.upv.es\/wp-content\/uploads\/2016\/02\/Cartel-taller-Tapia-Valenciana_low-768x1086.jpg 768w, https:\/\/resarquitectura.blogs.upv.es\/wp-content\/uploads\/2016\/02\/Cartel-taller-Tapia-Valenciana_low-724x1024.jpg 724w, https:\/\/resarquitectura.blogs.upv.es\/wp-content\/uploads\/2016\/02\/Cartel-taller-Tapia-Valenciana_low.jpg 1253w\" sizes=\"auto, (max-width: 150px) 100vw, 150px\" \/><\/a><\/p>\n<p style=\"text-align: justify\"><strong>La tapia y sus variantes: tapia valenciana, calicostrada y con mampuestos<\/strong><\/p>\n<p style=\"text-align: justify\">8-10 mayo 2014<\/p>\n<p>&nbsp;<\/p>\n<p>&nbsp;<\/p>\n<p>&nbsp;<\/p>\n<p>&nbsp;<\/p>\n<p>&nbsp;<\/p>\n<p><a href=\"http:\/\/resarquitectura.blogs.upv.es\/wp-content\/uploads\/2016\/02\/Cartel-taller-Tierra_low.jpg\" target=\"_blank\" rel=\"noopener noreferrer\"><img loading=\"lazy\" decoding=\"async\" class=\"wp-image-1534 alignleft\" src=\"http:\/\/resarquitectura.blogs.upv.es\/wp-content\/uploads\/2016\/02\/Cartel-taller-Tierra_low-212x300.jpg\" alt=\"Cartel taller Tierra_low\" width=\"150\" height=\"212\" srcset=\"https:\/\/resarquitectura.blogs.upv.es\/wp-content\/uploads\/2016\/02\/Cartel-taller-Tierra_low-212x300.jpg 212w, https:\/\/resarquitectura.blogs.upv.es\/wp-content\/uploads\/2016\/02\/Cartel-taller-Tierra_low-768x1086.jpg 768w, https:\/\/resarquitectura.blogs.upv.es\/wp-content\/uploads\/2016\/02\/Cartel-taller-Tierra_low-724x1024.jpg 724w, https:\/\/resarquitectura.blogs.upv.es\/wp-content\/uploads\/2016\/02\/Cartel-taller-Tierra_low.jpg 1772w\" sizes=\"auto, (max-width: 150px) 100vw, 150px\" \/><\/a><\/p>\n<p><strong>Arquitectura de tierra: t\u00e9cnica constructiva y restauraci\u00f3n<\/strong><\/p>\n<p>27 febrero &#8211;&nbsp;1 marzo 2014<\/p>\n<p>&nbsp;<\/p>\n<p>&nbsp;<\/p>\n<p>&nbsp;<\/p>\n<p>&nbsp;<\/p>\n<p>&nbsp;<\/p>\n<p>&nbsp;<\/p>\n<p><a href=\"http:\/\/resarquitectura.blogs.upv.es\/\">Volver<\/a><\/p>","protected":false},"excerpt":{"rendered":"<p class=\"excerpt\">Taller de construcci\u00f3n y restauraci\u00f3n de arquitectura de tierra 15-16 mayo 2019 &nbsp; &nbsp; &nbsp; &nbsp; &nbsp; &nbsp; International Architectural regeneration project in Huerta de Alboraya 28 enero-2 febrero 2018 &nbsp; &nbsp; &nbsp; &nbsp; &nbsp; Taller pr\u00e1ctico de construcci\u00f3n con tierra y b\u00f3vedas. India &#8211; Espa\u00f1a 5-7 julio 2017 &nbsp; &nbsp; &nbsp; &nbsp; &nbsp; &nbsp; Morteros de cal viva mezclada&hellip;<\/p>\n<p class=\"more-link-p\"><a class=\"btn btn-default\" href=\"https:\/\/resarquitectura.blogs.upv.es\/?page_id=111\">Read more<\/a><\/p>\n","protected":false},"author":5990,"featured_media":0,"parent":0,"menu_order":0,"comment_status":"closed","ping_status":"closed","template":"","meta":{"ngg_post_thumbnail":0,"footnotes":""},"class_list":["post-111","page","type-page","status-publish","hentry"],"aioseo_notices":[],"_links":{"self":[{"href":"https:\/\/resarquitectura.blogs.upv.es\/index.php?rest_route=\/wp\/v2\/pages\/111","targetHints":{"allow":["GET"]}}],"collection":[{"href":"https:\/\/resarquitectura.blogs.upv.es\/index.php?rest_route=\/wp\/v2\/pages"}],"about":[{"href":"https:\/\/resarquitectura.blogs.upv.es\/index.php?rest_route=\/wp\/v2\/types\/page"}],"author":[{"embeddable":true,"href":"https:\/\/resarquitectura.blogs.upv.es\/index.php?rest_route=\/wp\/v2\/users\/5990"}],"replies":[{"embeddable":true,"href":"https:\/\/resarquitectura.blogs.upv.es\/index.php?rest_route=%2Fwp%2Fv2%2Fcomments&post=111"}],"version-history":[{"count":3,"href":"https:\/\/resarquitectura.blogs.upv.es\/index.php?rest_route=\/wp\/v2\/pages\/111\/revisions"}],"predecessor-version":[{"id":15268,"href":"https:\/\/resarquitectura.blogs.upv.es\/index.php?rest_route=\/wp\/v2\/pages\/111\/revisions\/15268"}],"wp:attachment":[{"href":"https:\/\/resarquitectura.blogs.upv.es\/index.php?rest_route=%2Fwp%2Fv2%2Fmedia&parent=111"}],"curies":[{"name":"wp","href":"https:\/\/api.w.org\/{rel}","templated":true}]}}