{"id":1124,"date":"2016-03-08T15:55:23","date_gmt":"2016-03-08T14:55:23","guid":{"rendered":"http:\/\/resarquitectura.blogs.upv.es\/?page_id=1124"},"modified":"2017-02-03T11:27:32","modified_gmt":"2017-02-03T10:27:32","slug":"un-elemento-industrial-con-valor-arquitectonico-chimeneas-de-ladrillo","status":"publish","type":"page","link":"https:\/\/resarquitectura.blogs.upv.es\/?page_id=1124","title":{"rendered":"Un elemento industrial con valor arquitect\u00f3nico: chimeneas de ladrillo"},"content":{"rendered":"<p><img loading=\"lazy\" decoding=\"async\" class=\"alignleft wp-image-1127 size-medium\" src=\"http:\/\/resarquitectura.blogs.upv.es\/wp-content\/uploads\/2016\/03\/panel-2015.03.27_low-212x300.jpg\" alt=\"panel 2015.03.27_low\" width=\"212\" height=\"300\" srcset=\"https:\/\/resarquitectura.blogs.upv.es\/wp-content\/uploads\/2016\/03\/panel-2015.03.27_low-212x300.jpg 212w, https:\/\/resarquitectura.blogs.upv.es\/wp-content\/uploads\/2016\/03\/panel-2015.03.27_low-768x1086.jpg 768w, https:\/\/resarquitectura.blogs.upv.es\/wp-content\/uploads\/2016\/03\/panel-2015.03.27_low-724x1024.jpg 724w, https:\/\/resarquitectura.blogs.upv.es\/wp-content\/uploads\/2016\/03\/panel-2015.03.27_low.jpg 1654w\" sizes=\"auto, (max-width: 212px) 100vw, 212px\" \/><\/p>\n<p style=\"text-align: justify\"><strong>T\u00edtulo:<\/strong> Un elemento industrial con valor arquitect\u00f3nico: chimeneas de ladrillo<\/p>\n<p style=\"text-align: justify\"><strong>Ponente:<\/strong>\u00a0Gracia L\u00f3pez Pati\u00f1o<\/p>\n<p style=\"text-align: justify\"><strong>Fecha:\u00a0<\/strong>27 de Marzo\u00a0de 2015<\/p>\n<p style=\"text-align: justify\"><strong>Lugar:\u00a0<\/strong>Sala de Proyecciones de la ETSA, Universitat Polit\u00e8cnica de Val\u00e8ncia<\/p>\n<p style=\"text-align: justify\"><a href=\"https:\/\/www.youtube.com\/watch?v=sRGEhb4mvbo&amp;list=PLNx1OPdqZXt83VSes4iEeN-GW9I_VX7dd&amp;index=5&amp;t=1s\">V\u00eddeo de la conferencia<\/a><\/p>\n<p style=\"text-align: justify\"><a href=\"http:\/\/resarquitectura.blogs.upv.es\/?page_id=285\">Volver<\/a><\/p>\n","protected":false},"excerpt":{"rendered":"<p class=\"excerpt\">T\u00edtulo: Un elemento industrial con valor arquitect\u00f3nico: chimeneas de ladrillo Ponente:\u00a0Gracia L\u00f3pez Pati\u00f1o Fecha:\u00a027 de Marzo\u00a0de 2015 Lugar:\u00a0Sala de Proyecciones de la ETSA, Universitat Polit\u00e8cnica de Val\u00e8ncia V\u00eddeo de la conferencia Volver<\/p>\n<p class=\"more-link-p\"><a class=\"btn btn-default\" href=\"https:\/\/resarquitectura.blogs.upv.es\/?page_id=1124\">Read more<\/a><\/p>\n","protected":false},"author":41051,"featured_media":0,"parent":0,"menu_order":0,"comment_status":"closed","ping_status":"closed","template":"","meta":{"ngg_post_thumbnail":0,"footnotes":""},"class_list":["post-1124","page","type-page","status-publish","hentry"],"aioseo_notices":[],"_links":{"self":[{"href":"https:\/\/resarquitectura.blogs.upv.es\/index.php?rest_route=\/wp\/v2\/pages\/1124","targetHints":{"allow":["GET"]}}],"collection":[{"href":"https:\/\/resarquitectura.blogs.upv.es\/index.php?rest_route=\/wp\/v2\/pages"}],"about":[{"href":"https:\/\/resarquitectura.blogs.upv.es\/index.php?rest_route=\/wp\/v2\/types\/page"}],"author":[{"embeddable":true,"href":"https:\/\/resarquitectura.blogs.upv.es\/index.php?rest_route=\/wp\/v2\/users\/41051"}],"replies":[{"embeddable":true,"href":"https:\/\/resarquitectura.blogs.upv.es\/index.php?rest_route=%2Fwp%2Fv2%2Fcomments&post=1124"}],"version-history":[{"count":0,"href":"https:\/\/resarquitectura.blogs.upv.es\/index.php?rest_route=\/wp\/v2\/pages\/1124\/revisions"}],"wp:attachment":[{"href":"https:\/\/resarquitectura.blogs.upv.es\/index.php?rest_route=%2Fwp%2Fv2%2Fmedia&parent=1124"}],"curies":[{"name":"wp","href":"https:\/\/api.w.org\/{rel}","templated":true}]}}