{"id":1158,"date":"2016-03-08T16:20:53","date_gmt":"2016-03-08T15:20:53","guid":{"rendered":"http:\/\/resarquitectura.blogs.upv.es\/?page_id=1158"},"modified":"2017-02-03T11:43:23","modified_gmt":"2017-02-03T10:43:23","slug":"la-cana-como-material-de-construccion-interpretacion-e-innovacion-en-la-arquitectura-contemporanea","status":"publish","type":"page","link":"https:\/\/resarquitectura.blogs.upv.es\/?page_id=1158","title":{"rendered":"La ca\u00f1a como material de construcci\u00f3n: interpretaci\u00f3n e innovaci\u00f3n en la arquitectura contempor\u00e1nea"},"content":{"rendered":"<p><img loading=\"lazy\" decoding=\"async\" class=\"alignleft wp-image-1159 size-medium\" src=\"http:\/\/resarquitectura.blogs.upv.es\/wp-content\/uploads\/2016\/03\/panel-2015.10-02-low-212x300.jpg\" alt=\"panel 2015.10-02 low\" width=\"212\" height=\"300\" srcset=\"https:\/\/resarquitectura.blogs.upv.es\/wp-content\/uploads\/2016\/03\/panel-2015.10-02-low-212x300.jpg 212w, https:\/\/resarquitectura.blogs.upv.es\/wp-content\/uploads\/2016\/03\/panel-2015.10-02-low-768x1086.jpg 768w, https:\/\/resarquitectura.blogs.upv.es\/wp-content\/uploads\/2016\/03\/panel-2015.10-02-low-724x1024.jpg 724w\" sizes=\"auto, (max-width: 212px) 100vw, 212px\" \/><\/p>\n<p style=\"text-align: justify\"><strong>T\u00edtulo:<\/strong> La ca\u00f1a como material de construcci\u00f3n: interpretaci\u00f3n e innovaci\u00f3n en la arquitectura contempor\u00e1nea<\/p>\n<p style=\"text-align: justify\"><strong>Ponente:<\/strong>\u00a0Irene Arce y J\u00falia de Orovio. Investigaci\u00f3 Canyera<\/p>\n<p style=\"text-align: justify\"><strong>Fecha:\u00a0<\/strong>2 de Octubre\u00a0de 2015<\/p>\n<p style=\"text-align: justify\"><strong>Lugar:\u00a0<\/strong>Sala de Proyecciones de la ETSA, Universitat Polit\u00e8cnica de Val\u00e8ncia<\/p>\n<p style=\"text-align: justify\"><a href=\"https:\/\/www.youtube.com\/watch?v=PddDZSrgoTg&amp;list=PLNx1OPdqZXt_5NAzSsWuPKKi8EFICnxZz&amp;index=1\">V\u00eddeo de la conferencia<\/a><\/p>\n<p style=\"text-align: justify\"><a href=\"http:\/\/resarquitectura.blogs.upv.es\/?page_id=285\">Volver<\/a><\/p>\n","protected":false},"excerpt":{"rendered":"<p class=\"excerpt\">T\u00edtulo: La ca\u00f1a como material de construcci\u00f3n: interpretaci\u00f3n e innovaci\u00f3n en la arquitectura contempor\u00e1nea Ponente:\u00a0Irene Arce y J\u00falia de Orovio. Investigaci\u00f3 Canyera Fecha:\u00a02 de Octubre\u00a0de 2015 Lugar:\u00a0Sala de Proyecciones de la ETSA, Universitat Polit\u00e8cnica de Val\u00e8ncia V\u00eddeo de la conferencia Volver<\/p>\n<p class=\"more-link-p\"><a class=\"btn btn-default\" href=\"https:\/\/resarquitectura.blogs.upv.es\/?page_id=1158\">Read more<\/a><\/p>\n","protected":false},"author":41051,"featured_media":0,"parent":0,"menu_order":0,"comment_status":"closed","ping_status":"closed","template":"","meta":{"ngg_post_thumbnail":0,"footnotes":""},"class_list":["post-1158","page","type-page","status-publish","hentry"],"aioseo_notices":[],"_links":{"self":[{"href":"https:\/\/resarquitectura.blogs.upv.es\/index.php?rest_route=\/wp\/v2\/pages\/1158","targetHints":{"allow":["GET"]}}],"collection":[{"href":"https:\/\/resarquitectura.blogs.upv.es\/index.php?rest_route=\/wp\/v2\/pages"}],"about":[{"href":"https:\/\/resarquitectura.blogs.upv.es\/index.php?rest_route=\/wp\/v2\/types\/page"}],"author":[{"embeddable":true,"href":"https:\/\/resarquitectura.blogs.upv.es\/index.php?rest_route=\/wp\/v2\/users\/41051"}],"replies":[{"embeddable":true,"href":"https:\/\/resarquitectura.blogs.upv.es\/index.php?rest_route=%2Fwp%2Fv2%2Fcomments&post=1158"}],"version-history":[{"count":0,"href":"https:\/\/resarquitectura.blogs.upv.es\/index.php?rest_route=\/wp\/v2\/pages\/1158\/revisions"}],"wp:attachment":[{"href":"https:\/\/resarquitectura.blogs.upv.es\/index.php?rest_route=%2Fwp%2Fv2%2Fmedia&parent=1158"}],"curies":[{"name":"wp","href":"https:\/\/api.w.org\/{rel}","templated":true}]}}