{"id":117,"date":"2016-02-10T11:59:43","date_gmt":"2016-02-10T10:59:43","guid":{"rendered":"http:\/\/resarquitectura.blogs.upv.es\/?page_id=117"},"modified":"2016-05-10T14:36:16","modified_gmt":"2016-05-10T13:36:16","slug":"publicaciones","status":"publish","type":"page","link":"https:\/\/resarquitectura.blogs.upv.es\/?page_id=117","title":{"rendered":"Publicaciones"},"content":{"rendered":"<p>&nbsp;<\/p>\n<p><a href=\"http:\/\/resarquitectura.blogs.upv.es\/libros\/\">Libros y publicaciones colectivas<\/a><\/p>\n<p><a href=\"http:\/\/resarquitectura.blogs.upv.es\/capitulos-de-libro\/\">Cap\u00edtulos de libro<\/a><\/p>\n<p><a href=\"http:\/\/resarquitectura.blogs.upv.es\/actas-de-congresos\/\">Actas de congresos. Edici\u00f3n<\/a><\/p>\n<p><a href=\"http:\/\/resarquitectura.blogs.upv.es\/articulos\/\">Art\u00edculos en revistas<\/a><\/p>\n<p><a href=\"http:\/\/resarquitectura.blogs.upv.es\/actas-de-congreso-comunicacion\/\">Actas de congresos. Comunicaci\u00f3n<\/a><\/p>\n","protected":false},"excerpt":{"rendered":"<p class=\"excerpt\">&nbsp; Libros y publicaciones colectivas Cap\u00edtulos de libro Actas de congresos. Edici\u00f3n Art\u00edculos en revistas Actas de congresos. Comunicaci\u00f3n<\/p>\n<p class=\"more-link-p\"><a class=\"btn btn-default\" href=\"https:\/\/resarquitectura.blogs.upv.es\/?page_id=117\">Read more<\/a><\/p>\n","protected":false},"author":5990,"featured_media":0,"parent":0,"menu_order":0,"comment_status":"closed","ping_status":"closed","template":"","meta":{"ngg_post_thumbnail":0,"footnotes":""},"class_list":["post-117","page","type-page","status-publish","hentry"],"aioseo_notices":[],"_links":{"self":[{"href":"https:\/\/resarquitectura.blogs.upv.es\/index.php?rest_route=\/wp\/v2\/pages\/117","targetHints":{"allow":["GET"]}}],"collection":[{"href":"https:\/\/resarquitectura.blogs.upv.es\/index.php?rest_route=\/wp\/v2\/pages"}],"about":[{"href":"https:\/\/resarquitectura.blogs.upv.es\/index.php?rest_route=\/wp\/v2\/types\/page"}],"author":[{"embeddable":true,"href":"https:\/\/resarquitectura.blogs.upv.es\/index.php?rest_route=\/wp\/v2\/users\/5990"}],"replies":[{"embeddable":true,"href":"https:\/\/resarquitectura.blogs.upv.es\/index.php?rest_route=%2Fwp%2Fv2%2Fcomments&post=117"}],"version-history":[{"count":0,"href":"https:\/\/resarquitectura.blogs.upv.es\/index.php?rest_route=\/wp\/v2\/pages\/117\/revisions"}],"wp:attachment":[{"href":"https:\/\/resarquitectura.blogs.upv.es\/index.php?rest_route=%2Fwp%2Fv2%2Fmedia&parent=117"}],"curies":[{"name":"wp","href":"https:\/\/api.w.org\/{rel}","templated":true}]}}