{"id":1170,"date":"2016-03-08T16:52:41","date_gmt":"2016-03-08T15:52:41","guid":{"rendered":"http:\/\/resarquitectura.blogs.upv.es\/?page_id=1170"},"modified":"2017-02-03T11:45:02","modified_gmt":"2017-02-03T10:45:02","slug":"instituto-ecohabitar-formacion-en-el-cambio-social","status":"publish","type":"page","link":"https:\/\/resarquitectura.blogs.upv.es\/?page_id=1170","title":{"rendered":"Instituto EcoHabitar, formaci\u00f3n en el cambio social"},"content":{"rendered":"<p><img loading=\"lazy\" decoding=\"async\" class=\"alignleft wp-image-1173 size-medium\" src=\"http:\/\/resarquitectura.blogs.upv.es\/wp-content\/uploads\/2016\/03\/panel-2016.01.15-low-212x300.jpg\" alt=\"panel 2016.01.15 low\" width=\"212\" height=\"300\" srcset=\"https:\/\/resarquitectura.blogs.upv.es\/wp-content\/uploads\/2016\/03\/panel-2016.01.15-low-212x300.jpg 212w, https:\/\/resarquitectura.blogs.upv.es\/wp-content\/uploads\/2016\/03\/panel-2016.01.15-low-768x1086.jpg 768w, https:\/\/resarquitectura.blogs.upv.es\/wp-content\/uploads\/2016\/03\/panel-2016.01.15-low-724x1024.jpg 724w, https:\/\/resarquitectura.blogs.upv.es\/wp-content\/uploads\/2016\/03\/panel-2016.01.15-low.jpg 1654w\" sizes=\"auto, (max-width: 212px) 100vw, 212px\" \/><\/p>\n<p style=\"text-align: justify\"><strong>T\u00edtulo:<\/strong> Instituto EcoHabitar, formaci\u00f3n en el cambio social<\/p>\n<p style=\"text-align: justify\"><strong>Ponente:<\/strong>\u00a0Pilar Valero Peir\u00f3. Instituto EcoHabitar<\/p>\n<p style=\"text-align: justify\"><strong>Fecha:\u00a0<\/strong>15 de Enero\u00a0de 2016<\/p>\n<p style=\"text-align: justify\"><strong>Lugar:\u00a0<\/strong>Aula B03\u00a0de la ETSA, Universitat Polit\u00e8cnica de Val\u00e8ncia<\/p>\n<p style=\"text-align: justify\"><a href=\"https:\/\/www.youtube.com\/watch?v=PYeHj9QTMIc&amp;list=PLNx1OPdqZXt_5NAzSsWuPKKi8EFICnxZz&amp;index=2\">V\u00eddeo de la conferencia<\/a><\/p>\n<p style=\"text-align: justify\"><a href=\"http:\/\/resarquitectura.blogs.upv.es\/?page_id=285\">Volver<\/a><\/p>\n","protected":false},"excerpt":{"rendered":"<p class=\"excerpt\">T\u00edtulo: Instituto EcoHabitar, formaci\u00f3n en el cambio social Ponente:\u00a0Pilar Valero Peir\u00f3. Instituto EcoHabitar Fecha:\u00a015 de Enero\u00a0de 2016 Lugar:\u00a0Aula B03\u00a0de la ETSA, Universitat Polit\u00e8cnica de Val\u00e8ncia V\u00eddeo de la conferencia Volver<\/p>\n<p class=\"more-link-p\"><a class=\"btn btn-default\" href=\"https:\/\/resarquitectura.blogs.upv.es\/?page_id=1170\">Read more<\/a><\/p>\n","protected":false},"author":41051,"featured_media":0,"parent":0,"menu_order":0,"comment_status":"closed","ping_status":"closed","template":"","meta":{"ngg_post_thumbnail":0,"footnotes":""},"class_list":["post-1170","page","type-page","status-publish","hentry"],"aioseo_notices":[],"_links":{"self":[{"href":"https:\/\/resarquitectura.blogs.upv.es\/index.php?rest_route=\/wp\/v2\/pages\/1170","targetHints":{"allow":["GET"]}}],"collection":[{"href":"https:\/\/resarquitectura.blogs.upv.es\/index.php?rest_route=\/wp\/v2\/pages"}],"about":[{"href":"https:\/\/resarquitectura.blogs.upv.es\/index.php?rest_route=\/wp\/v2\/types\/page"}],"author":[{"embeddable":true,"href":"https:\/\/resarquitectura.blogs.upv.es\/index.php?rest_route=\/wp\/v2\/users\/41051"}],"replies":[{"embeddable":true,"href":"https:\/\/resarquitectura.blogs.upv.es\/index.php?rest_route=%2Fwp%2Fv2%2Fcomments&post=1170"}],"version-history":[{"count":0,"href":"https:\/\/resarquitectura.blogs.upv.es\/index.php?rest_route=\/wp\/v2\/pages\/1170\/revisions"}],"wp:attachment":[{"href":"https:\/\/resarquitectura.blogs.upv.es\/index.php?rest_route=%2Fwp%2Fv2%2Fmedia&parent=1170"}],"curies":[{"name":"wp","href":"https:\/\/api.w.org\/{rel}","templated":true}]}}