{"id":1190,"date":"2016-03-08T16:58:59","date_gmt":"2016-03-08T15:58:59","guid":{"rendered":"http:\/\/resarquitectura.blogs.upv.es\/?page_id=1190"},"modified":"2017-02-03T11:47:03","modified_gmt":"2017-02-03T10:47:03","slug":"arquitectura-de-tierra-en-arabia-saudita-documentacion-y-adaptacion","status":"publish","type":"page","link":"https:\/\/resarquitectura.blogs.upv.es\/?page_id=1190","title":{"rendered":"Arquitectura de tierra en Arabia Saudita: documentaci\u00f3n y adaptaci\u00f3n"},"content":{"rendered":"<p><img loading=\"lazy\" decoding=\"async\" class=\"alignleft wp-image-1193 size-medium\" src=\"http:\/\/resarquitectura.blogs.upv.es\/wp-content\/uploads\/2016\/03\/panel-2016.03.04-low-212x300.jpg\" alt=\"panel 2016.03.04 low\" width=\"212\" height=\"300\" srcset=\"https:\/\/resarquitectura.blogs.upv.es\/wp-content\/uploads\/2016\/03\/panel-2016.03.04-low-212x300.jpg 212w, https:\/\/resarquitectura.blogs.upv.es\/wp-content\/uploads\/2016\/03\/panel-2016.03.04-low-768x1086.jpg 768w, https:\/\/resarquitectura.blogs.upv.es\/wp-content\/uploads\/2016\/03\/panel-2016.03.04-low-724x1024.jpg 724w\" sizes=\"auto, (max-width: 212px) 100vw, 212px\" \/><\/p>\n<p style=\"text-align: justify\"><strong>T\u00edtulo:<\/strong> Arquitectura de tierra en Arabia Saudita: documentaci\u00f3n y adaptaci\u00f3n<\/p>\n<p style=\"text-align: justify\"><strong>Ponente:<\/strong>\u00a0Ahmed Alaidarous<\/p>\n<p style=\"text-align: justify\"><strong>Fecha:\u00a0<\/strong>4\u00a0de Marzo\u00a0de 2016<\/p>\n<p style=\"text-align: justify\"><strong>Lugar:\u00a0<\/strong>Sala de Proyecciones de la ETSA, Universitat Polit\u00e8cnica de Val\u00e8ncia<\/p>\n<p style=\"text-align: justify\"><a href=\"https:\/\/www.youtube.com\/watch?v=bGCB4mIp74s&amp;list=PLNx1OPdqZXt_5NAzSsWuPKKi8EFICnxZz&amp;index=4\">V\u00eddeo de la conferencia<\/a><\/p>\n<p style=\"text-align: justify\"><a href=\"http:\/\/resarquitectura.blogs.upv.es\/?page_id=285\">Volver<\/a><\/p>\n","protected":false},"excerpt":{"rendered":"<p class=\"excerpt\">T\u00edtulo: Arquitectura de tierra en Arabia Saudita: documentaci\u00f3n y adaptaci\u00f3n Ponente:\u00a0Ahmed Alaidarous Fecha:\u00a04\u00a0de Marzo\u00a0de 2016 Lugar:\u00a0Sala de Proyecciones de la ETSA, Universitat Polit\u00e8cnica de Val\u00e8ncia V\u00eddeo de la conferencia Volver<\/p>\n<p class=\"more-link-p\"><a class=\"btn btn-default\" href=\"https:\/\/resarquitectura.blogs.upv.es\/?page_id=1190\">Read more<\/a><\/p>\n","protected":false},"author":41051,"featured_media":0,"parent":0,"menu_order":0,"comment_status":"closed","ping_status":"closed","template":"","meta":{"ngg_post_thumbnail":0,"footnotes":""},"class_list":["post-1190","page","type-page","status-publish","hentry"],"aioseo_notices":[],"_links":{"self":[{"href":"https:\/\/resarquitectura.blogs.upv.es\/index.php?rest_route=\/wp\/v2\/pages\/1190","targetHints":{"allow":["GET"]}}],"collection":[{"href":"https:\/\/resarquitectura.blogs.upv.es\/index.php?rest_route=\/wp\/v2\/pages"}],"about":[{"href":"https:\/\/resarquitectura.blogs.upv.es\/index.php?rest_route=\/wp\/v2\/types\/page"}],"author":[{"embeddable":true,"href":"https:\/\/resarquitectura.blogs.upv.es\/index.php?rest_route=\/wp\/v2\/users\/41051"}],"replies":[{"embeddable":true,"href":"https:\/\/resarquitectura.blogs.upv.es\/index.php?rest_route=%2Fwp%2Fv2%2Fcomments&post=1190"}],"version-history":[{"count":0,"href":"https:\/\/resarquitectura.blogs.upv.es\/index.php?rest_route=\/wp\/v2\/pages\/1190\/revisions"}],"wp:attachment":[{"href":"https:\/\/resarquitectura.blogs.upv.es\/index.php?rest_route=%2Fwp%2Fv2%2Fmedia&parent=1190"}],"curies":[{"name":"wp","href":"https:\/\/api.w.org\/{rel}","templated":true}]}}