{"id":120,"date":"2016-02-10T11:59:50","date_gmt":"2016-02-10T10:59:50","guid":{"rendered":"http:\/\/resarquitectura.blogs.upv.es\/?page_id=120"},"modified":"2025-04-11T19:54:29","modified_gmt":"2025-04-11T18:54:29","slug":"libros","status":"publish","type":"page","link":"https:\/\/resarquitectura.blogs.upv.es\/?page_id=120","title":{"rendered":"Libros y publicaciones colectivas"},"content":{"rendered":"<p><strong>Libros completos<\/strong><\/p>\n\n\n\n<ul class=\"wp-block-list\">\n<li class=\"has-black-color has-text-color has-link-color wp-elements-942919d0e2357be47d3da57531d50bd9\"><a href=\"https:\/\/www.routledge.com\/Sustainability-Risks-and-Resilience-of-Vernacular-Heritage\/Vegas-Mileto-Escobar-Miguel\/p\/book\/9781032756721\">Sustainability, Risks and Resilience of Vernacular Heritage (2024<\/a>)<\/li>\n\n\n\n<li><span style=\"color: #000000\"><a style=\"color: #000000\" href=\"https:\/\/resarquitectura.blogs.upv.es\/?page_id=21272\">Burkina Faso. Arquitectura, Cultura y Cooperaci\u00f3n (2024)<\/a><\/span><\/li>\n\n\n\n<li><span style=\"color: #000000\"><a style=\"color: #000000\" href=\"https:\/\/resarquitectura.blogs.upv.es\/?page_id=20539\">Rehabilitando El Cabanyal. Un recorrido arquitect\u00f3nico por el barrio de El Cabanyal, El Canyamelar y El Cap de Fran\u00e7a (2023)<\/a><\/span><\/li>\n\n\n\n<li><span style=\"color: #000000\"><a style=\"color: #000000\" href=\"https:\/\/resarquitectura.blogs.upv.es\/?page_id=15151\">Colecci\u00f3n Red Nacional de Maestros de la Construcci\u00f3n Tradicional: Maestros de la piedra, Maestros de ca\u00f1as y fibras, Maestros de los metales, Maestros del yeso, Maestros del vidrio, Maestros de la cer\u00e1mica, Maestros de la tierra, Maestros de la cal, Maestros de la madera (2018)<\/a><\/span><\/li>\n\n\n\n<li><span style=\"color: #000000\"><a style=\"color: #000000\" href=\"http:\/\/resarquitectura.blogs.upv.es\/?page_id=7516\">MINIArquitecTURAS. El imaginario colectivo a trav\u00e9s de las miniaturas de la arquitectura vern\u00e1cula<\/a><\/span> (2017)<\/li>\n\n\n\n<li><a href=\"https:\/\/resarquitectura.blogs.upv.es\/?page_id=12903\"><span style=\"color: #000000\">TAP-TAP. Guia did\u00e1ctica de actividades infantiles de sensibilizaci\u00f3n hacia la arquitectura de tierra (2017)<\/span><\/a><\/li>\n\n\n\n<li><span style=\"color: #000000\"><a style=\"color: #000000\" href=\"http:\/\/resarquitectura.blogs.upv.es\/?page_id=251\">Centro Hist\u00f3rico de Valencia. Ocho siglos de arquitectura residencial<\/a> (2015)<\/span><\/li>\n\n\n\n<li><span style=\"color: #000000\"><a style=\"color: #000000\" href=\"http:\/\/resarquitectura.blogs.upv.es\/?page_id=7538\">Lazos de alarife \/ Entrelacs de b\u00e2tisseur<\/a><\/span> (2013)<\/li>\n\n\n\n<li><span style=\"color: #000000\"><a style=\"color: #000000\" href=\"http:\/\/resarquitectura.blogs.upv.es\/?page_id=241\">Aprendiendo a restaurar. Un manual de restauraci\u00f3n de la arquitectura tradicional de la Comunidad Valenciana<\/a> (2011)<\/span><\/li>\n\n\n\n<li><span style=\"color: #000000\"><a style=\"color: #000000\" href=\"http:\/\/resarquitectura.blogs.upv.es\/?page_id=7545\">Homo faber. Arquitectura preindustrial del Rinc\u00f3n de Ademuz<\/a><\/span> (2008)<\/li>\n\n\n\n<li><span style=\"color: #000000\"><a style=\"color: #000000\" href=\"http:\/\/resarquitectura.blogs.upv.es\/?page_id=7557\">Renovar conservando. Manual para la restauraci\u00f3n de la arquitectura rural del Rinc\u00f3n de Ademuz<\/a><\/span> (2007)<\/li>\n\n\n\n<li><span style=\"color: #000000\"><a style=\"color: #000000\" href=\"http:\/\/resarquitectura.blogs.upv.es\/?page_id=7564\">Memoria construida. Arquitectura tradicional del Rinc\u00f3n de Ademuz<\/a><\/span> (2001)<\/li>\n<\/ul>\n\n\n\n<p>&nbsp;<\/p>\n\n\n\n<p><strong>Publicaciones colectivas resultado de proyectos de investigaci\u00f3n<\/strong><\/p>\n\n\n\n<ul class=\"wp-block-list\">\n<li><span style=\"color: #000000\"><a style=\"color: #000000\" href=\"https:\/\/resarquitectura.blogs.upv.es\/?page_id=21146\">Heritage for People. Sharing vernacular knowledge to build the future<\/a><\/span><\/li>\n\n\n\n<li><span style=\"color: #000000\"><a style=\"color: #000000\" href=\"https:\/\/resarquitectura.blogs.upv.es\/?page_id=21160\">Versus+Heritage for People: educational tools to transmit heritage values<\/a><\/span><\/li>\n\n\n\n<li><span style=\"color: #000000\"><a style=\"color: #000000\" href=\"http:\/\/resarquitectura.blogs.upv.es\/wp-content\/uploads\/2023\/10\/Construyendo-bovedas-tabicadas-2.pdf\">Construyendo b\u00f3vedas tabicadas II (2022)<\/a><\/span><\/li>\n\n\n\n<li><span style=\"color: #000000\"><a style=\"color: #000000\" href=\"https:\/\/resarquitectura.blogs.upv.es\/?page_id=19706\">3DPast. Guidelines and strategies for maintenance of vernacular architecture in World Heritage sites (2020)<\/a><\/span><\/li>\n\n\n\n<li><span style=\"color: #000000\"><a style=\"color: #000000\" href=\"http:\/\/resarquitectura.blogs.upv.es\/?page_id=7820\">Proyecto COREMANS: Criterios de intervenci\u00f3n en la arquitectura de tierra (2017)<\/a><\/span><\/li>\n\n\n\n<li><span style=\"color: #000000\"><a style=\"color: #000000\" href=\"https:\/\/resarquitectura.blogs.upv.es\/?page_id=258\">La restauraci\u00f3n de la tapia en la Pen\u00ednsula Ib\u00e9rica. Criterios, t\u00e9cnicas, resultados y perspectivas (2014)<\/a> <\/span><\/li>\n\n\n\n<li><span style=\"color: #000000\"><a style=\"color: #000000\" href=\"http:\/\/resarquitectura.blogs.upv.es\/?page_id=4883\" rel=\"noopener\">Versus. Lessons from vernacular heritage to sustainable architecture (2014)<\/a><\/span><\/li>\n\n\n\n<li><span style=\"color: #000000\"><a style=\"color: #000000\" href=\"http:\/\/resarquitectura.blogs.upv.es\/?page_id=4892\" rel=\"noopener\">Versus. Heritage for tomorrow. Knowledge for sustainable architecture (2014)<\/a><\/span><\/li>\n\n\n\n<li><span style=\"color: #000000\"><a style=\"color: #000000\" href=\"http:\/\/resarquitectura.blogs.upv.es\/?page_id=7573\">Earthen Domes and Habitats<\/a><\/span> (2009)<\/li>\n\n\n\n<li><span style=\"color: #000000\"><a style=\"color: #000000\" href=\"http:\/\/resarquitectura.blogs.upv.es\/?page_id=7584\">Terra Incognita. Preserving European Earthen Architecture<\/a><\/span> (2008)<\/li>\n\n\n\n<li><span style=\"color: #000000\"><a style=\"color: #000000\" href=\"http:\/\/resarquitectura.blogs.upv.es\/?page_id=7597\">Terra Incognita. Discovering\u00a0European Earthen Architecture<\/a><\/span> (2008)<\/li>\n\n\n\n<li><span style=\"color: #000000\"><a style=\"color: #000000\" href=\"http:\/\/resarquitectura.blogs.upv.es\/?page_id=7608\">Las Torres de Serranos. Historia y Restauraci\u00f3n<\/a><\/span> (2003)<\/li>\n<\/ul>\n\n\n\n<p>&nbsp;<\/p>\n\n\n\n<p><a href=\"http:\/\/resarquitectura.blogs.upv.es\">Volver<\/a><\/p>","protected":false},"excerpt":{"rendered":"<p class=\"excerpt\">Libros completos &nbsp; Publicaciones colectivas resultado de proyectos de investigaci\u00f3n &nbsp; Volver<\/p>\n<p class=\"more-link-p\"><a class=\"btn btn-default\" href=\"https:\/\/resarquitectura.blogs.upv.es\/?page_id=120\">Read more<\/a><\/p>\n","protected":false},"author":5990,"featured_media":0,"parent":0,"menu_order":0,"comment_status":"closed","ping_status":"closed","template":"","meta":{"ngg_post_thumbnail":0,"footnotes":""},"class_list":["post-120","page","type-page","status-publish","hentry"],"aioseo_notices":[],"_links":{"self":[{"href":"https:\/\/resarquitectura.blogs.upv.es\/index.php?rest_route=\/wp\/v2\/pages\/120","targetHints":{"allow":["GET"]}}],"collection":[{"href":"https:\/\/resarquitectura.blogs.upv.es\/index.php?rest_route=\/wp\/v2\/pages"}],"about":[{"href":"https:\/\/resarquitectura.blogs.upv.es\/index.php?rest_route=\/wp\/v2\/types\/page"}],"author":[{"embeddable":true,"href":"https:\/\/resarquitectura.blogs.upv.es\/index.php?rest_route=\/wp\/v2\/users\/5990"}],"replies":[{"embeddable":true,"href":"https:\/\/resarquitectura.blogs.upv.es\/index.php?rest_route=%2Fwp%2Fv2%2Fcomments&post=120"}],"version-history":[{"count":2,"href":"https:\/\/resarquitectura.blogs.upv.es\/index.php?rest_route=\/wp\/v2\/pages\/120\/revisions"}],"predecessor-version":[{"id":21396,"href":"https:\/\/resarquitectura.blogs.upv.es\/index.php?rest_route=\/wp\/v2\/pages\/120\/revisions\/21396"}],"wp:attachment":[{"href":"https:\/\/resarquitectura.blogs.upv.es\/index.php?rest_route=%2Fwp%2Fv2%2Fmedia&parent=120"}],"curies":[{"name":"wp","href":"https:\/\/api.w.org\/{rel}","templated":true}]}}