{"id":12673,"date":"2019-01-08T17:45:40","date_gmt":"2019-01-08T16:45:40","guid":{"rendered":"http:\/\/resarquitectura.blogs.upv.es\/?page_id=12673"},"modified":"2023-10-19T19:10:06","modified_gmt":"2023-10-19T18:10:06","slug":"estudio-preliminar-del-castillo-de-bellver-palma-de-mallorca","status":"publish","type":"page","link":"https:\/\/resarquitectura.blogs.upv.es\/?page_id=12673","title":{"rendered":"Estudio preliminar del Castillo de Bellver (Palma de Mallorca)"},"content":{"rendered":"<p><strong>A\u00f1o:<\/strong> 2018<\/p>\n<p><strong>Ubicaci\u00f3n:<\/strong> Palma (Mallorca)<\/p>\n<p><strong>Promotor:<\/strong>&nbsp;\u00c1rea de Cultura del Ayuntamiento de Palma, Gobierno de las Islas Baleares<\/p>\n<p><strong>Arquitectos:<\/strong> Camilla Mileto y Fernando Vegas L\u00f3pez-Manzanares<\/p>\n<p><strong>Coordinaci\u00f3n:<\/strong> Anna P\u00e9rez Vila<\/p>\n<p><strong>Estudio completo del Castillo:<\/strong> Anna P\u00e9rez Vila, Mar\u00eda Diodato, Alicia Hueto Escobar, Sergio Manzano Fern\u00e1ndez<\/p>\n<p><strong>Colaboraci\u00f3n en el estudio estructural:<\/strong> Aldolfo Alonso Dur\u00e1<\/p>\n<p>ngg_shortcode_0_placeholder<a href=\"http:\/\/resarquitectura.blogs.upv.es\/?page_id=2606\">Volver<\/a><\/p>\n<p><\/p>","protected":false},"excerpt":{"rendered":"<p class=\"excerpt\">A\u00f1o: 2018 Ubicaci\u00f3n: Palma (Mallorca) Promotor:&nbsp;\u00c1rea de Cultura del Ayuntamiento de Palma, Gobierno de las Islas Baleares Arquitectos: Camilla Mileto y Fernando Vegas L\u00f3pez-Manzanares Coordinaci\u00f3n: Anna P\u00e9rez Vila Estudio completo del Castillo: Anna P\u00e9rez Vila, Mar\u00eda Diodato, Alicia Hueto Escobar, Sergio Manzano Fern\u00e1ndez Colaboraci\u00f3n en el estudio estructural: Aldolfo Alonso Dur\u00e1 Volver<\/p>\n<p class=\"more-link-p\"><a class=\"btn btn-default\" href=\"https:\/\/resarquitectura.blogs.upv.es\/?page_id=12673\">Read more<\/a><\/p>\n","protected":false},"author":23693,"featured_media":0,"parent":0,"menu_order":0,"comment_status":"closed","ping_status":"closed","template":"","meta":{"ngg_post_thumbnail":0,"footnotes":""},"class_list":["post-12673","page","type-page","status-publish","hentry"],"aioseo_notices":[],"_links":{"self":[{"href":"https:\/\/resarquitectura.blogs.upv.es\/index.php?rest_route=\/wp\/v2\/pages\/12673","targetHints":{"allow":["GET"]}}],"collection":[{"href":"https:\/\/resarquitectura.blogs.upv.es\/index.php?rest_route=\/wp\/v2\/pages"}],"about":[{"href":"https:\/\/resarquitectura.blogs.upv.es\/index.php?rest_route=\/wp\/v2\/types\/page"}],"author":[{"embeddable":true,"href":"https:\/\/resarquitectura.blogs.upv.es\/index.php?rest_route=\/wp\/v2\/users\/23693"}],"replies":[{"embeddable":true,"href":"https:\/\/resarquitectura.blogs.upv.es\/index.php?rest_route=%2Fwp%2Fv2%2Fcomments&post=12673"}],"version-history":[{"count":2,"href":"https:\/\/resarquitectura.blogs.upv.es\/index.php?rest_route=\/wp\/v2\/pages\/12673\/revisions"}],"predecessor-version":[{"id":21089,"href":"https:\/\/resarquitectura.blogs.upv.es\/index.php?rest_route=\/wp\/v2\/pages\/12673\/revisions\/21089"}],"wp:attachment":[{"href":"https:\/\/resarquitectura.blogs.upv.es\/index.php?rest_route=%2Fwp%2Fv2%2Fmedia&parent=12673"}],"curies":[{"name":"wp","href":"https:\/\/api.w.org\/{rel}","templated":true}]}}