{"id":12827,"date":"2019-02-01T10:40:00","date_gmt":"2019-02-01T09:40:00","guid":{"rendered":"http:\/\/resarquitectura.blogs.upv.es\/?page_id=12827"},"modified":"2019-04-17T12:33:29","modified_gmt":"2019-04-17T11:33:29","slug":"proyecto-conburkina-bovedas-de-tierra-para-el-desarrollo-de-la-comunidad-de-baasneere-burkina-faso","status":"publish","type":"page","link":"https:\/\/resarquitectura.blogs.upv.es\/?page_id=12827","title":{"rendered":"Proyecto ConBurkina: B\u00f3vedas de tierra para el desarrollo de la comunidad de Baasneere (Burkina Faso)"},"content":{"rendered":"<p><strong><img loading=\"lazy\" decoding=\"async\" class=\"alignleft size-medium wp-image-12829\" src=\"http:\/\/resarquitectura.blogs.upv.es\/wp-content\/uploads\/2019\/02\/cartel-2018-11-16_def-212x300.jpg\" alt=\"\" width=\"212\" height=\"300\" srcset=\"https:\/\/resarquitectura.blogs.upv.es\/wp-content\/uploads\/2019\/02\/cartel-2018-11-16_def-212x300.jpg 212w, https:\/\/resarquitectura.blogs.upv.es\/wp-content\/uploads\/2019\/02\/cartel-2018-11-16_def-768x1086.jpg 768w, https:\/\/resarquitectura.blogs.upv.es\/wp-content\/uploads\/2019\/02\/cartel-2018-11-16_def-724x1024.jpg 724w\" sizes=\"auto, (max-width: 212px) 100vw, 212px\" \/>T\u00edtulo: <\/strong>Proyecto ConBurkina: B\u00f3vedas de tierra para el desarrollo de la comunidad de Baasneere (Burkina Faso)<\/p>\n<p><strong>Ponentes: <\/strong>Lidia Garc\u00eda Soriano, F. Javier G\u00f3mez Patrocinio y Mar\u00eda Lid\u00f3n de Miguel<\/p>\n<p><strong>Fecha:<\/strong>&nbsp;16 de Noviembre de 2018<\/p>\n<p><strong>Lugar:<\/strong>&nbsp;Sala de proyecciones de la ETSA, Universitat Polit\u00e8cnica de Val\u00e8ncia<\/p>\n<p><a href=\"http:\/\/resarquitectura.blogs.upv.es\/?page_id=285\">Volver<\/a><\/p>","protected":false},"excerpt":{"rendered":"<p class=\"excerpt\">T\u00edtulo: Proyecto ConBurkina: B\u00f3vedas de tierra para el desarrollo de la comunidad de Baasneere (Burkina Faso) Ponentes: Lidia Garc\u00eda Soriano, F. Javier G\u00f3mez Patrocinio y Mar\u00eda Lid\u00f3n de Miguel Fecha:&nbsp;16 de Noviembre de 2018 Lugar:&nbsp;Sala de proyecciones de la ETSA, Universitat Polit\u00e8cnica de Val\u00e8ncia Volver<\/p>\n<p class=\"more-link-p\"><a class=\"btn btn-default\" href=\"https:\/\/resarquitectura.blogs.upv.es\/?page_id=12827\">Read more<\/a><\/p>\n","protected":false},"author":23693,"featured_media":0,"parent":0,"menu_order":0,"comment_status":"closed","ping_status":"closed","template":"","meta":{"ngg_post_thumbnail":0,"footnotes":""},"class_list":["post-12827","page","type-page","status-publish","hentry"],"aioseo_notices":[],"_links":{"self":[{"href":"https:\/\/resarquitectura.blogs.upv.es\/index.php?rest_route=\/wp\/v2\/pages\/12827","targetHints":{"allow":["GET"]}}],"collection":[{"href":"https:\/\/resarquitectura.blogs.upv.es\/index.php?rest_route=\/wp\/v2\/pages"}],"about":[{"href":"https:\/\/resarquitectura.blogs.upv.es\/index.php?rest_route=\/wp\/v2\/types\/page"}],"author":[{"embeddable":true,"href":"https:\/\/resarquitectura.blogs.upv.es\/index.php?rest_route=\/wp\/v2\/users\/23693"}],"replies":[{"embeddable":true,"href":"https:\/\/resarquitectura.blogs.upv.es\/index.php?rest_route=%2Fwp%2Fv2%2Fcomments&post=12827"}],"version-history":[{"count":0,"href":"https:\/\/resarquitectura.blogs.upv.es\/index.php?rest_route=\/wp\/v2\/pages\/12827\/revisions"}],"wp:attachment":[{"href":"https:\/\/resarquitectura.blogs.upv.es\/index.php?rest_route=%2Fwp%2Fv2%2Fmedia&parent=12827"}],"curies":[{"name":"wp","href":"https:\/\/api.w.org\/{rel}","templated":true}]}}