{"id":12903,"date":"2019-02-20T13:35:03","date_gmt":"2019-02-20T12:35:03","guid":{"rendered":"http:\/\/resarquitectura.blogs.upv.es\/?page_id=12903"},"modified":"2023-12-21T11:22:51","modified_gmt":"2023-12-21T10:22:51","slug":"miniarquitecturas-el-imaginario-colectivo-a-traves-de-las-miniaturas-de-la-arquitectura-2","status":"publish","type":"page","link":"https:\/\/resarquitectura.blogs.upv.es\/?page_id=12903","title":{"rendered":"TAP-TAP.\u00a0Guia did\u00e1ctica de actividades infantiles de sensibilizaci\u00f3n hacia la arquitectura de tierra"},"content":{"rendered":"<p><img loading=\"lazy\" decoding=\"async\" class=\"size-medium wp-image-12276 alignleft\" style=\"font-style: normal;font-weight: 400;font-family: 'Open Sans', sans-serif;font-size: 16px\" src=\"http:\/\/resarquitectura.blogs.upv.es\/wp-content\/uploads\/2018\/11\/portada-300x211.jpg\" alt=\"\" width=\"300\" height=\"211\" srcset=\"https:\/\/resarquitectura.blogs.upv.es\/wp-content\/uploads\/2018\/11\/portada-300x211.jpg 300w, https:\/\/resarquitectura.blogs.upv.es\/wp-content\/uploads\/2018\/11\/portada-768x541.jpg 768w, https:\/\/resarquitectura.blogs.upv.es\/wp-content\/uploads\/2018\/11\/portada-1024x722.jpg 1024w\" sizes=\"auto, (max-width: 300px) 100vw, 300px\" \/><strong>T\u00edtulo: <\/strong>TAP-TAP.&nbsp;Guia did\u00e1ctica de actividades infantiles de sensibilizaci\u00f3n hacia la arquitectura de tierra.<\/p>\n<p><strong>Autores:&nbsp;<\/strong>Camilla Mileto; Fernando Vegas; Valentina Cristini: Lidia Garc\u00eda-Soriano y Esther Blanco Tamayo<\/p>\n<p><strong>A\u00f1o<\/strong><strong>:&nbsp;<\/strong>2017<\/p>\n<p><strong>Edita: <\/strong>Argumentum<\/p>\n<p><strong>ISBN:&nbsp;<\/strong>978-972-8479-99-2<\/p>\n<p><a href=\"http:\/\/resarquitectura.blogs.upv.es\/wp-content\/uploads\/2019\/02\/TAP-TAP.pdf\" target=\"_blank\" rel=\"noopener\">Descarga online<\/a><\/p>\n<p>&nbsp;<\/p>\n<p><a href=\"http:\/\/resarquitectura.blogs.upv.es\/?page_id=120\">Volver<\/a><\/p>\n<p><\/p>","protected":false},"excerpt":{"rendered":"<p class=\"excerpt\">T\u00edtulo: TAP-TAP.&nbsp;Guia did\u00e1ctica de actividades infantiles de sensibilizaci\u00f3n hacia la arquitectura de tierra. Autores:&nbsp;Camilla Mileto; Fernando Vegas; Valentina Cristini: Lidia Garc\u00eda-Soriano y Esther Blanco Tamayo A\u00f1o:&nbsp;2017 Edita: Argumentum ISBN:&nbsp;978-972-8479-99-2 Descarga online &nbsp; Volver<\/p>\n<p class=\"more-link-p\"><a class=\"btn btn-default\" href=\"https:\/\/resarquitectura.blogs.upv.es\/?page_id=12903\">Read more<\/a><\/p>\n","protected":false},"author":31569,"featured_media":0,"parent":0,"menu_order":0,"comment_status":"closed","ping_status":"closed","template":"","meta":{"ngg_post_thumbnail":0,"footnotes":""},"class_list":["post-12903","page","type-page","status-publish","hentry"],"aioseo_notices":[],"_links":{"self":[{"href":"https:\/\/resarquitectura.blogs.upv.es\/index.php?rest_route=\/wp\/v2\/pages\/12903","targetHints":{"allow":["GET"]}}],"collection":[{"href":"https:\/\/resarquitectura.blogs.upv.es\/index.php?rest_route=\/wp\/v2\/pages"}],"about":[{"href":"https:\/\/resarquitectura.blogs.upv.es\/index.php?rest_route=\/wp\/v2\/types\/page"}],"author":[{"embeddable":true,"href":"https:\/\/resarquitectura.blogs.upv.es\/index.php?rest_route=\/wp\/v2\/users\/31569"}],"replies":[{"embeddable":true,"href":"https:\/\/resarquitectura.blogs.upv.es\/index.php?rest_route=%2Fwp%2Fv2%2Fcomments&post=12903"}],"version-history":[{"count":2,"href":"https:\/\/resarquitectura.blogs.upv.es\/index.php?rest_route=\/wp\/v2\/pages\/12903\/revisions"}],"predecessor-version":[{"id":21205,"href":"https:\/\/resarquitectura.blogs.upv.es\/index.php?rest_route=\/wp\/v2\/pages\/12903\/revisions\/21205"}],"wp:attachment":[{"href":"https:\/\/resarquitectura.blogs.upv.es\/index.php?rest_route=%2Fwp%2Fv2%2Fmedia&parent=12903"}],"curies":[{"name":"wp","href":"https:\/\/api.w.org\/{rel}","templated":true}]}}