{"id":12956,"date":"2019-03-27T12:31:57","date_gmt":"2019-03-27T11:31:57","guid":{"rendered":"http:\/\/resarquitectura.blogs.upv.es\/?page_id=12956"},"modified":"2019-04-17T12:24:25","modified_gmt":"2019-04-17T11:24:25","slug":"shanghai-ciudad-del-patrimonio-autenticidad-recreacion-y-narrativas","status":"publish","type":"page","link":"https:\/\/resarquitectura.blogs.upv.es\/?page_id=12956","title":{"rendered":"Shanghai, ciudad del patrimonio: Autenticidad, recreaci\u00f3n y narrativas"},"content":{"rendered":"<p><strong><img loading=\"lazy\" decoding=\"async\" class=\"alignleft size-medium wp-image-12960\" src=\"http:\/\/resarquitectura.blogs.upv.es\/wp-content\/uploads\/2019\/03\/cartel-2019-02-08-212x300.jpg\" alt=\"\" width=\"212\" height=\"300\" srcset=\"https:\/\/resarquitectura.blogs.upv.es\/wp-content\/uploads\/2019\/03\/cartel-2019-02-08-212x300.jpg 212w, https:\/\/resarquitectura.blogs.upv.es\/wp-content\/uploads\/2019\/03\/cartel-2019-02-08-768x1086.jpg 768w, https:\/\/resarquitectura.blogs.upv.es\/wp-content\/uploads\/2019\/03\/cartel-2019-02-08-724x1024.jpg 724w\" sizes=\"auto, (max-width: 212px) 100vw, 212px\" \/>T\u00edtulo: <\/strong>Shanghai, ciudad del patrimonio: Autenticidad, recreaci\u00f3n y narrativas<\/p>\n<p><strong>Ponentes: <\/strong>Pl\u00e1cido Gonz\u00e1lez (<em>Tongji University<\/em>)<\/p>\n<p><strong>Fecha:<\/strong> 08 de Febrero de 2019<\/p>\n<p><strong>Lugar:<\/strong>&nbsp;Sala de proyecciones de la ETSA, Universitat Polit\u00e8cnica de Val\u00e8ncia<\/p>\n<p><a href=\"http:\/\/resarquitectura.blogs.upv.es\/?page_id=285\">Volver<\/a><\/p>","protected":false},"excerpt":{"rendered":"<p class=\"excerpt\">T\u00edtulo: Shanghai, ciudad del patrimonio: Autenticidad, recreaci\u00f3n y narrativas Ponentes: Pl\u00e1cido Gonz\u00e1lez (Tongji University) Fecha: 08 de Febrero de 2019 Lugar:&nbsp;Sala de proyecciones de la ETSA, Universitat Polit\u00e8cnica de Val\u00e8ncia Volver<\/p>\n<p class=\"more-link-p\"><a class=\"btn btn-default\" href=\"https:\/\/resarquitectura.blogs.upv.es\/?page_id=12956\">Read more<\/a><\/p>\n","protected":false},"author":23693,"featured_media":0,"parent":0,"menu_order":0,"comment_status":"closed","ping_status":"closed","template":"","meta":{"ngg_post_thumbnail":0,"footnotes":""},"class_list":["post-12956","page","type-page","status-publish","hentry"],"aioseo_notices":[],"_links":{"self":[{"href":"https:\/\/resarquitectura.blogs.upv.es\/index.php?rest_route=\/wp\/v2\/pages\/12956","targetHints":{"allow":["GET"]}}],"collection":[{"href":"https:\/\/resarquitectura.blogs.upv.es\/index.php?rest_route=\/wp\/v2\/pages"}],"about":[{"href":"https:\/\/resarquitectura.blogs.upv.es\/index.php?rest_route=\/wp\/v2\/types\/page"}],"author":[{"embeddable":true,"href":"https:\/\/resarquitectura.blogs.upv.es\/index.php?rest_route=\/wp\/v2\/users\/23693"}],"replies":[{"embeddable":true,"href":"https:\/\/resarquitectura.blogs.upv.es\/index.php?rest_route=%2Fwp%2Fv2%2Fcomments&post=12956"}],"version-history":[{"count":0,"href":"https:\/\/resarquitectura.blogs.upv.es\/index.php?rest_route=\/wp\/v2\/pages\/12956\/revisions"}],"wp:attachment":[{"href":"https:\/\/resarquitectura.blogs.upv.es\/index.php?rest_route=%2Fwp%2Fv2%2Fmedia&parent=12956"}],"curies":[{"name":"wp","href":"https:\/\/api.w.org\/{rel}","templated":true}]}}