{"id":1349,"date":"2016-03-09T13:02:13","date_gmt":"2016-03-09T12:02:13","guid":{"rendered":"http:\/\/resarquitectura.blogs.upv.es\/?page_id=1349"},"modified":"2024-10-03T09:56:46","modified_gmt":"2024-10-03T08:56:46","slug":"proyecto-basico-de-edificio-de-viviendas-en-c-cuba-16","status":"publish","type":"page","link":"https:\/\/resarquitectura.blogs.upv.es\/?page_id=1349","title":{"rendered":"Proyecto b\u00e1sico de edificio de viviendas en C\/ Cuba 16"},"content":{"rendered":"<p><\/p>\n<p style=\"text-align: justify\"><strong>A\u00f1o: <\/strong>2011-2015<\/p>\n<p style=\"text-align: justify\"><strong>Ubicaci\u00f3n:<\/strong>&nbsp;Calle Cuba 16, Valencia<\/p>\n<p style=\"text-align: justify\"><strong>Promotor:<\/strong>&nbsp;Comunidad de Propietarios del edificio<\/p>\n<p style=\"text-align: justify\"><strong>Arquitectos:&nbsp;<\/strong>Fernando Vegas L\u00f3pez-Manzanares y Camilla Mileto<\/p>\n<p style=\"text-align: justify\"><strong>Colaboradores: <\/strong>M. Soledad Garc\u00eda S\u00e1ez, Lidia Garc\u00eda Soriano, F. Javier G\u00f3mez Patrocinio, Maria Diodato, Jos\u00e9 Miguel Zapata Peral, Paolo Privitera, Vanesa Prado, Mar\u00eda Vela<\/p>\n<p><strong>Arquitecto t\u00e9cnico:<\/strong> Salvador Tom\u00e1s M\u00e1rquez<\/p>\n<p><a href=\"http:\/\/resarquitectura.blogs.upv.es\/?page_id=92\">Volver<\/a><\/p>\n<p><a href=\"http:\/\/resarquitectura.blogs.upv.es\/wp-content\/uploads\/2018\/07\/Cuba-16-planta3.jpg\"><img loading=\"lazy\" decoding=\"async\" class=\"alignleft size-medium wp-image-8242\" src=\"http:\/\/resarquitectura.blogs.upv.es\/wp-content\/uploads\/2018\/07\/Cuba-16-planta3-300x180.jpg\" alt=\"\" width=\"300\" height=\"180\" srcset=\"https:\/\/resarquitectura.blogs.upv.es\/wp-content\/uploads\/2018\/07\/Cuba-16-planta3-300x180.jpg 300w, https:\/\/resarquitectura.blogs.upv.es\/wp-content\/uploads\/2018\/07\/Cuba-16-planta3-768x461.jpg 768w, https:\/\/resarquitectura.blogs.upv.es\/wp-content\/uploads\/2018\/07\/Cuba-16-planta3-1024x614.jpg 1024w\" sizes=\"auto, (max-width: 300px) 100vw, 300px\" \/><\/a> <a href=\"http:\/\/resarquitectura.blogs.upv.es\/wp-content\/uploads\/2016\/02\/Cuba-16-alzados.jpg\"><img loading=\"lazy\" decoding=\"async\" class=\"alignleft size-medium wp-image-3110\" src=\"http:\/\/resarquitectura.blogs.upv.es\/wp-content\/uploads\/2016\/02\/Cuba-16-alzados-300x180.jpg\" alt=\"\" width=\"300\" height=\"180\" srcset=\"https:\/\/resarquitectura.blogs.upv.es\/wp-content\/uploads\/2016\/02\/Cuba-16-alzados-300x180.jpg 300w, https:\/\/resarquitectura.blogs.upv.es\/wp-content\/uploads\/2016\/02\/Cuba-16-alzados-768x461.jpg 768w, https:\/\/resarquitectura.blogs.upv.es\/wp-content\/uploads\/2016\/02\/Cuba-16-alzados-1024x615.jpg 1024w, https:\/\/resarquitectura.blogs.upv.es\/wp-content\/uploads\/2016\/02\/Cuba-16-alzados.jpg 1181w\" sizes=\"auto, (max-width: 300px) 100vw, 300px\" \/><\/a><\/p>","protected":false},"excerpt":{"rendered":"<p class=\"excerpt\">A\u00f1o: 2011-2015 Ubicaci\u00f3n:&nbsp;Calle Cuba 16, Valencia Promotor:&nbsp;Comunidad de Propietarios del edificio Arquitectos:&nbsp;Fernando Vegas L\u00f3pez-Manzanares y Camilla Mileto Colaboradores: M. Soledad Garc\u00eda S\u00e1ez, Lidia Garc\u00eda Soriano, F. Javier G\u00f3mez Patrocinio, Maria Diodato, Jos\u00e9 Miguel Zapata Peral, Paolo Privitera, Vanesa Prado, Mar\u00eda Vela Arquitecto t\u00e9cnico: Salvador Tom\u00e1s M\u00e1rquez Volver<\/p>\n<p class=\"more-link-p\"><a class=\"btn btn-default\" href=\"https:\/\/resarquitectura.blogs.upv.es\/?page_id=1349\">Read more<\/a><\/p>\n","protected":false},"author":41051,"featured_media":0,"parent":0,"menu_order":0,"comment_status":"closed","ping_status":"closed","template":"","meta":{"ngg_post_thumbnail":0,"footnotes":""},"class_list":["post-1349","page","type-page","status-publish","hentry"],"aioseo_notices":[],"_links":{"self":[{"href":"https:\/\/resarquitectura.blogs.upv.es\/index.php?rest_route=\/wp\/v2\/pages\/1349","targetHints":{"allow":["GET"]}}],"collection":[{"href":"https:\/\/resarquitectura.blogs.upv.es\/index.php?rest_route=\/wp\/v2\/pages"}],"about":[{"href":"https:\/\/resarquitectura.blogs.upv.es\/index.php?rest_route=\/wp\/v2\/types\/page"}],"author":[{"embeddable":true,"href":"https:\/\/resarquitectura.blogs.upv.es\/index.php?rest_route=\/wp\/v2\/users\/41051"}],"replies":[{"embeddable":true,"href":"https:\/\/resarquitectura.blogs.upv.es\/index.php?rest_route=%2Fwp%2Fv2%2Fcomments&post=1349"}],"version-history":[{"count":2,"href":"https:\/\/resarquitectura.blogs.upv.es\/index.php?rest_route=\/wp\/v2\/pages\/1349\/revisions"}],"predecessor-version":[{"id":21366,"href":"https:\/\/resarquitectura.blogs.upv.es\/index.php?rest_route=\/wp\/v2\/pages\/1349\/revisions\/21366"}],"wp:attachment":[{"href":"https:\/\/resarquitectura.blogs.upv.es\/index.php?rest_route=%2Fwp%2Fv2%2Fmedia&parent=1349"}],"curies":[{"name":"wp","href":"https:\/\/api.w.org\/{rel}","templated":true}]}}