{"id":14255,"date":"2020-01-15T17:21:12","date_gmt":"2020-01-15T16:21:12","guid":{"rendered":"http:\/\/resarquitectura.blogs.upv.es\/?page_id=14255"},"modified":"2020-01-15T17:33:40","modified_gmt":"2020-01-15T16:33:40","slug":"arquitectura-de-tierra-en-mexico-uso-y-tecnica-de-la-construccion-con-tapia","status":"publish","type":"page","link":"https:\/\/resarquitectura.blogs.upv.es\/?page_id=14255","title":{"rendered":"Arquitectura de tierra en M\u00e9xico. Uso y t\u00e9cnica de la construcci\u00f3n con tapia."},"content":{"rendered":"<p><strong><a href=\"http:\/\/resarquitectura.blogs.upv.es\/wp-content\/uploads\/2020\/01\/cartel-2019-11-red-scaled.jpg\"><img loading=\"lazy\" decoding=\"async\" class=\"alignleft size-medium wp-image-14258\" src=\"http:\/\/resarquitectura.blogs.upv.es\/wp-content\/uploads\/2020\/01\/cartel-2019-11-red-212x300.jpg\" alt=\"\" width=\"212\" height=\"300\" srcset=\"https:\/\/resarquitectura.blogs.upv.es\/wp-content\/uploads\/2020\/01\/cartel-2019-11-red-212x300.jpg 212w, https:\/\/resarquitectura.blogs.upv.es\/wp-content\/uploads\/2020\/01\/cartel-2019-11-red-724x1024.jpg 724w, https:\/\/resarquitectura.blogs.upv.es\/wp-content\/uploads\/2020\/01\/cartel-2019-11-red-768x1086.jpg 768w, https:\/\/resarquitectura.blogs.upv.es\/wp-content\/uploads\/2020\/01\/cartel-2019-11-red-1086x1536.jpg 1086w, https:\/\/resarquitectura.blogs.upv.es\/wp-content\/uploads\/2020\/01\/cartel-2019-11-red-1448x2048.jpg 1448w, https:\/\/resarquitectura.blogs.upv.es\/wp-content\/uploads\/2020\/01\/cartel-2019-11-red-scaled.jpg 1810w\" sizes=\"auto, (max-width: 212px) 100vw, 212px\" \/><\/a>T\u00edtulo:<\/strong> Arquitectura de tierra en M\u00e9xico. Uso y t\u00e9cnica de la construcci\u00f3n con tapia<\/p>\n<p><strong>Ponente: <\/strong>Daniela S. Romero<\/p>\n<p><strong>Fecha:<\/strong> 28 de noviembre de 2019<\/p>\n<p><strong>Lugar:<\/strong> Sal\u00f3n de Grados de la ETSA, Universitat Polit\u00e8cnica de Val\u00e8ncia<\/p>\n<p><a href=\"http:\/\/resarquitectura.blogs.upv.es\/?page_id=285\">Volver<\/a><\/p>","protected":false},"excerpt":{"rendered":"<p class=\"excerpt\">T\u00edtulo: Arquitectura de tierra en M\u00e9xico. Uso y t\u00e9cnica de la construcci\u00f3n con tapia Ponente: Daniela S. Romero Fecha: 28 de noviembre de 2019 Lugar: Sal\u00f3n de Grados de la ETSA, Universitat Polit\u00e8cnica de Val\u00e8ncia Volver<\/p>\n<p class=\"more-link-p\"><a class=\"btn btn-default\" href=\"https:\/\/resarquitectura.blogs.upv.es\/?page_id=14255\">Read more<\/a><\/p>\n","protected":false},"author":23693,"featured_media":0,"parent":0,"menu_order":0,"comment_status":"closed","ping_status":"closed","template":"","meta":{"ngg_post_thumbnail":0,"footnotes":""},"class_list":["post-14255","page","type-page","status-publish","hentry"],"aioseo_notices":[],"_links":{"self":[{"href":"https:\/\/resarquitectura.blogs.upv.es\/index.php?rest_route=\/wp\/v2\/pages\/14255","targetHints":{"allow":["GET"]}}],"collection":[{"href":"https:\/\/resarquitectura.blogs.upv.es\/index.php?rest_route=\/wp\/v2\/pages"}],"about":[{"href":"https:\/\/resarquitectura.blogs.upv.es\/index.php?rest_route=\/wp\/v2\/types\/page"}],"author":[{"embeddable":true,"href":"https:\/\/resarquitectura.blogs.upv.es\/index.php?rest_route=\/wp\/v2\/users\/23693"}],"replies":[{"embeddable":true,"href":"https:\/\/resarquitectura.blogs.upv.es\/index.php?rest_route=%2Fwp%2Fv2%2Fcomments&post=14255"}],"version-history":[{"count":2,"href":"https:\/\/resarquitectura.blogs.upv.es\/index.php?rest_route=\/wp\/v2\/pages\/14255\/revisions"}],"predecessor-version":[{"id":14306,"href":"https:\/\/resarquitectura.blogs.upv.es\/index.php?rest_route=\/wp\/v2\/pages\/14255\/revisions\/14306"}],"wp:attachment":[{"href":"https:\/\/resarquitectura.blogs.upv.es\/index.php?rest_route=%2Fwp%2Fv2%2Fmedia&parent=14255"}],"curies":[{"name":"wp","href":"https:\/\/api.w.org\/{rel}","templated":true}]}}