{"id":14669,"date":"2020-03-11T17:09:11","date_gmt":"2020-03-11T16:09:11","guid":{"rendered":"http:\/\/resarquitectura.blogs.upv.es\/?page_id=14669"},"modified":"2020-03-11T17:09:11","modified_gmt":"2020-03-11T16:09:11","slug":"restaurando-piedra-en-fortificaciones-medievales","status":"publish","type":"page","link":"https:\/\/resarquitectura.blogs.upv.es\/?page_id=14669","title":{"rendered":"Restaurando piedra en fortificaciones medievales"},"content":{"rendered":"<p><strong><a href=\"http:\/\/resarquitectura.blogs.upv.es\/wp-content\/uploads\/2020\/03\/cartel-2020-02-scaled.jpg\"><img loading=\"lazy\" decoding=\"async\" class=\"alignleft size-medium wp-image-14672\" src=\"http:\/\/resarquitectura.blogs.upv.es\/wp-content\/uploads\/2020\/03\/cartel-2020-02-212x300.jpg\" alt=\"\" width=\"212\" height=\"300\" srcset=\"https:\/\/resarquitectura.blogs.upv.es\/wp-content\/uploads\/2020\/03\/cartel-2020-02-212x300.jpg 212w, https:\/\/resarquitectura.blogs.upv.es\/wp-content\/uploads\/2020\/03\/cartel-2020-02-724x1024.jpg 724w, https:\/\/resarquitectura.blogs.upv.es\/wp-content\/uploads\/2020\/03\/cartel-2020-02-768x1086.jpg 768w, https:\/\/resarquitectura.blogs.upv.es\/wp-content\/uploads\/2020\/03\/cartel-2020-02-1086x1536.jpg 1086w, https:\/\/resarquitectura.blogs.upv.es\/wp-content\/uploads\/2020\/03\/cartel-2020-02-1448x2048.jpg 1448w, https:\/\/resarquitectura.blogs.upv.es\/wp-content\/uploads\/2020\/03\/cartel-2020-02-scaled.jpg 1810w\" sizes=\"auto, (max-width: 212px) 100vw, 212px\" \/><\/a>T\u00edtulo:<\/strong> Restaurando piedra en fortificaciones medievales<\/p>\n<p><strong>Ponente: <\/strong>Jos\u00e9 Manuel L\u00f3pez Osorio<\/p>\n<p><strong>Fecha:<\/strong> 19 de febrero de 2020<\/p>\n<p><strong>Lugar:<\/strong> Sala de Proyecciones de la ETSA, Universitat Polit\u00e8cnica de Val\u00e8ncia<\/p>\n<p><a href=\"http:\/\/resarquitectura.blogs.upv.es\/?page_id=285\">Volver<\/a><\/p>","protected":false},"excerpt":{"rendered":"<p class=\"excerpt\">T\u00edtulo: Restaurando piedra en fortificaciones medievales Ponente: Jos\u00e9 Manuel L\u00f3pez Osorio Fecha: 19 de febrero de 2020 Lugar: Sala de Proyecciones de la ETSA, Universitat Polit\u00e8cnica de Val\u00e8ncia Volver<\/p>\n<p class=\"more-link-p\"><a class=\"btn btn-default\" href=\"https:\/\/resarquitectura.blogs.upv.es\/?page_id=14669\">Read more<\/a><\/p>\n","protected":false},"author":23693,"featured_media":0,"parent":0,"menu_order":0,"comment_status":"closed","ping_status":"closed","template":"","meta":{"ngg_post_thumbnail":0,"footnotes":""},"class_list":["post-14669","page","type-page","status-publish","hentry"],"aioseo_notices":[],"_links":{"self":[{"href":"https:\/\/resarquitectura.blogs.upv.es\/index.php?rest_route=\/wp\/v2\/pages\/14669","targetHints":{"allow":["GET"]}}],"collection":[{"href":"https:\/\/resarquitectura.blogs.upv.es\/index.php?rest_route=\/wp\/v2\/pages"}],"about":[{"href":"https:\/\/resarquitectura.blogs.upv.es\/index.php?rest_route=\/wp\/v2\/types\/page"}],"author":[{"embeddable":true,"href":"https:\/\/resarquitectura.blogs.upv.es\/index.php?rest_route=\/wp\/v2\/users\/23693"}],"replies":[{"embeddable":true,"href":"https:\/\/resarquitectura.blogs.upv.es\/index.php?rest_route=%2Fwp%2Fv2%2Fcomments&post=14669"}],"version-history":[{"count":1,"href":"https:\/\/resarquitectura.blogs.upv.es\/index.php?rest_route=\/wp\/v2\/pages\/14669\/revisions"}],"predecessor-version":[{"id":14675,"href":"https:\/\/resarquitectura.blogs.upv.es\/index.php?rest_route=\/wp\/v2\/pages\/14669\/revisions\/14675"}],"wp:attachment":[{"href":"https:\/\/resarquitectura.blogs.upv.es\/index.php?rest_route=%2Fwp%2Fv2%2Fmedia&parent=14669"}],"curies":[{"name":"wp","href":"https:\/\/api.w.org\/{rel}","templated":true}]}}