{"id":14681,"date":"2020-03-11T17:12:17","date_gmt":"2020-03-11T16:12:17","guid":{"rendered":"http:\/\/resarquitectura.blogs.upv.es\/?page_id=14681"},"modified":"2020-03-11T17:12:17","modified_gmt":"2020-03-11T16:12:17","slug":"nepal-y-su-tradicion-sin-letra-una-transformacion-social","status":"publish","type":"page","link":"https:\/\/resarquitectura.blogs.upv.es\/?page_id=14681","title":{"rendered":"Nepal y su tradici\u00f3n sin letra: Una transformaci\u00f3n social"},"content":{"rendered":"<p><strong><a href=\"http:\/\/resarquitectura.blogs.upv.es\/wp-content\/uploads\/2020\/03\/cartel-2020-02-2-scaled.jpg\"><img loading=\"lazy\" decoding=\"async\" class=\"alignleft size-medium wp-image-14684\" src=\"http:\/\/resarquitectura.blogs.upv.es\/wp-content\/uploads\/2020\/03\/cartel-2020-02-2-212x300.jpg\" alt=\"\" width=\"212\" height=\"300\" srcset=\"https:\/\/resarquitectura.blogs.upv.es\/wp-content\/uploads\/2020\/03\/cartel-2020-02-2-212x300.jpg 212w, https:\/\/resarquitectura.blogs.upv.es\/wp-content\/uploads\/2020\/03\/cartel-2020-02-2-724x1024.jpg 724w, https:\/\/resarquitectura.blogs.upv.es\/wp-content\/uploads\/2020\/03\/cartel-2020-02-2-768x1086.jpg 768w, https:\/\/resarquitectura.blogs.upv.es\/wp-content\/uploads\/2020\/03\/cartel-2020-02-2-1086x1536.jpg 1086w, https:\/\/resarquitectura.blogs.upv.es\/wp-content\/uploads\/2020\/03\/cartel-2020-02-2-1448x2048.jpg 1448w, https:\/\/resarquitectura.blogs.upv.es\/wp-content\/uploads\/2020\/03\/cartel-2020-02-2-scaled.jpg 1810w\" sizes=\"auto, (max-width: 212px) 100vw, 212px\" \/><\/a>T\u00edtulo:<\/strong> Nepal y su tradici\u00f3n sin letra: Una transformaci\u00f3n social<\/p>\n<p><strong>Ponente: <\/strong>As\u00eds Casa\u00f1s Tejedor<\/p>\n<p><strong>Fecha:<\/strong> 28 de febrero de 2020<\/p>\n<p><strong>Lugar:<\/strong> Sala de Proyecciones de la ETSA, Universitat Polit\u00e8cnica de Val\u00e8ncia<\/p>\n<p><a href=\"http:\/\/resarquitectura.blogs.upv.es\/?page_id=285\">Volver<\/a><\/p>","protected":false},"excerpt":{"rendered":"<p class=\"excerpt\">T\u00edtulo: Nepal y su tradici\u00f3n sin letra: Una transformaci\u00f3n social Ponente: As\u00eds Casa\u00f1s Tejedor Fecha: 28 de febrero de 2020 Lugar: Sala de Proyecciones de la ETSA, Universitat Polit\u00e8cnica de Val\u00e8ncia Volver<\/p>\n<p class=\"more-link-p\"><a class=\"btn btn-default\" href=\"https:\/\/resarquitectura.blogs.upv.es\/?page_id=14681\">Read more<\/a><\/p>\n","protected":false},"author":23693,"featured_media":0,"parent":0,"menu_order":0,"comment_status":"closed","ping_status":"closed","template":"","meta":{"ngg_post_thumbnail":0,"footnotes":""},"class_list":["post-14681","page","type-page","status-publish","hentry"],"aioseo_notices":[],"_links":{"self":[{"href":"https:\/\/resarquitectura.blogs.upv.es\/index.php?rest_route=\/wp\/v2\/pages\/14681","targetHints":{"allow":["GET"]}}],"collection":[{"href":"https:\/\/resarquitectura.blogs.upv.es\/index.php?rest_route=\/wp\/v2\/pages"}],"about":[{"href":"https:\/\/resarquitectura.blogs.upv.es\/index.php?rest_route=\/wp\/v2\/types\/page"}],"author":[{"embeddable":true,"href":"https:\/\/resarquitectura.blogs.upv.es\/index.php?rest_route=\/wp\/v2\/users\/23693"}],"replies":[{"embeddable":true,"href":"https:\/\/resarquitectura.blogs.upv.es\/index.php?rest_route=%2Fwp%2Fv2%2Fcomments&post=14681"}],"version-history":[{"count":1,"href":"https:\/\/resarquitectura.blogs.upv.es\/index.php?rest_route=\/wp\/v2\/pages\/14681\/revisions"}],"predecessor-version":[{"id":14687,"href":"https:\/\/resarquitectura.blogs.upv.es\/index.php?rest_route=\/wp\/v2\/pages\/14681\/revisions\/14687"}],"wp:attachment":[{"href":"https:\/\/resarquitectura.blogs.upv.es\/index.php?rest_route=%2Fwp%2Fv2%2Fmedia&parent=14681"}],"curies":[{"name":"wp","href":"https:\/\/api.w.org\/{rel}","templated":true}]}}