{"id":1564,"date":"2016-03-10T12:35:35","date_gmt":"2016-03-10T11:35:35","guid":{"rendered":"http:\/\/resarquitectura.blogs.upv.es\/?page_id=1564"},"modified":"2024-09-21T11:03:53","modified_gmt":"2024-09-21T10:03:53","slug":"proyectos-de-investigacion-como-investigador","status":"publish","type":"page","link":"https:\/\/resarquitectura.blogs.upv.es\/?page_id=1564","title":{"rendered":"Participaci\u00f3n en proyectos de investigaci\u00f3n"},"content":{"rendered":"<p><\/p>\n<ul>\n<li><strong><a href=\"https:\/\/enact15mc.org\/about-2\/\" target=\"_blank\" rel=\"noopener\"><span style=\"color: #000000\">ENACT 15mC<\/span><\/a><\/strong>&nbsp;&#8211; Envisioning Neighbourhoods and Co-Creating Thriving Communities in the 15mC. I.P.: Norwegian University of Science and Technology, Yu Wang<\/li>\n<li><strong>ALAB-ARQ: Alabastro y arquitectura.<\/strong> Conservaci\u00f3n, caracterizaci\u00f3n, composici\u00f3n y nuevas expectativas. I.P.: Jos\u00e9 Luis Bar\u00f3 Zarzo<\/li>\n<li><span style=\"color: #000000\"><strong><a style=\"color: #000000\" href=\"https:\/\/rethink-heritage.eu\/\" target=\"_blank\" rel=\"noopener\">Re-think Heritage!<\/a><\/strong><\/span>. Erasmus+ KA2 Strategic Partnership Project. 2020-2023. I.P.: Gabor Palot\u00e1s<\/li>\n<li><span style=\"color: #000000\"><strong>After the damages | Prevention and safety solutions through design and practice on existing built environment. The Italian experience<\/strong>. 2020. I.P.: Marcello Balzani<\/span><\/li>\n<li><span style=\"color: #000000\"><strong>Accordo bilaterale \u201cLa lezione del passato. Migrazioni di culture e di saperi tecnici tra il Mezzogiorno d\u2019Italia e la Spagna orientale\u201d<\/strong>. Universit\u00e0 FedericoII di Napoli. 2016-2019. I.P.: Valentina Russo<\/span><\/li>\n<li><span style=\"color: #000000\"><a style=\"color: #000000\" href=\"https:\/\/esg.pt\/3dpast\/\"><strong>3dPast &#8211; Living &amp; virtual visiting European World Heritage<\/strong><\/a><em>.<\/em> European Commission (Creative Europe). 2016-2019. I.P.: Mariana Correia<\/span><\/li>\n<li><span style=\"color: #000000\"><a style=\"color: #000000\" href=\"http:\/\/www.esg.pt\/versus\/\" target=\"_blank\" rel=\"noopener noreferrer\"><strong>VerSus: Lessons from Vernacular Heritage to&nbsp;Sustainable Architecture<\/strong><\/a> (grant 2012-2792\/001-001 CU7 COOP7). Uni\u00f3n Europea (Culture 2007-2013 Programme). 2012-2014. I.P.: Mariana Correia<\/span><\/li>\n<li><span style=\"color: #000000\"><a style=\"color: #000000\" href=\"http:\/\/culture-terra-incognita.org\/\" target=\"_blank\" rel=\"noopener noreferrer\"><strong>Terra (In)cognita. Architecture de terre en Europe<\/strong><\/a> (convention n\u00ba 2009-0758\/001-001 CU7 COOP7). Uni\u00f3n Europea&nbsp;(Culture 2007-2013 Programme). 2009-2011I.P.: Patrice Morot-Sir<\/span><\/li>\n<li><span style=\"color: #000000\"><strong>Proyecto interdisciplinar: desarrollo de un sistema inform\u00e1tico arquitect\u00f3nico para la modelizaci\u00f3n automatizada, documentaci\u00f3n y difusi\u00f3n multimedia del patrimonio cultural<\/strong> (PAID-05-07-6616). Universitat Polit\u00e8cnica de Val\u00e8ncia. 2008-2009 I.P.: Jos\u00e9 Luis Lerma Garc\u00eda<\/span><\/li>\n<li><span style=\"color: #000000\"><strong>Coupoles et habitats. Une tradition constructive entre Orient et Occident<\/strong> (convention 2007-1134\/001-001 CTU COHANT). Uni\u00f3n Europea&nbsp;(Culture Programme 2000). 2007-2009 I.P.: Saverio Mecca<\/span><\/li>\n<li><span style=\"color: #000000\"><strong>Mission franco-syrienne sur le site de Z\u00e9nobia-Halabiy\u00e9<\/strong> (CRISES-EA4424). Universit\u00e9 Paul Val\u00e9ry, Montpellier III y Minist\u00e8re fran\u00e7ais des affaires \u00e9trang\u00e8res et europ\u00e9ennes. 2007-2011 I.P.: Sylvie Bl\u00e9try<\/span><\/li>\n<li><span style=\"color: #000000\"><strong>Study on the changing process of farmer&#8217;s house and cyclic&nbsp;village environment with sustainability in France, Spain and&nbsp;Japan<\/strong> (Grant in Aid for Scientific Research &#8211; Monbukagakusho).&nbsp;Ministerio de Cultura de Jap\u00f3n. 2006-2010 I.P.:&nbsp;Takahiro Noguchi<\/span><\/li>\n<li><span style=\"color: #000000\"><strong>Terra Incognita: Conservatoire Europ\u00e9en des Architectures en Terre<\/strong> (convention n\u00ba 2006-2344). Uni\u00f3n Europea&nbsp;(Culture 2000). 2006-2007 I.P.: Gilles Nourissier<\/span><\/li>\n<li><span style=\"color: #000000\"><strong>Misi\u00f3n arqueol\u00f3gica hispano-siria en el Valle del Medio \u00c9ufrates<\/strong> (Deir ez-Zor) (IPHE\/AMN\/cmm, Arqueolog\u00eda exterior). Universidade da Coru\u00f1a; CSIC;&nbsp;Universitat Polit\u00e8cnica de Val\u00e8ncia&nbsp;2005-2010 I.P.: Juan Luis Montero Fenoll\u00f3s<\/span><\/li>\n<li><span style=\"color: #000000\"><strong>Desarrollo de un sistema de informaci\u00f3n arquitect\u00f3nico para la&nbsp;modelizaci\u00f3n automatizada, documentaci\u00f3n y difusi\u00f3n&nbsp;multimedia del patrimonio cultural<\/strong> (HUM2005-03152). Universitat Polit\u00e8cnica de Val\u00e8ncia. 2005-2009. I.P.: Jos\u00e9 Luis Lerma Garc\u00eda<\/span><\/li>\n<li><span style=\"color: #000000\"><strong>Integration of Traditional and new Techniques for the&nbsp;Protection and Conservation of Historical Built heritage in&nbsp;Earthquake-prone Areas<\/strong> (ERB IC18-CT98-0385 \/ DG 12 CEOR).&nbsp;Uni\u00f3n Europea- Co-operation with Third Countries and&nbsp;International Organism. 2000-2002 I.P.:&nbsp;Vincenzo Petrini<\/span><\/li>\n<\/ul>\n<p style=\"text-align: justify\">&nbsp;<\/p>\n<p><a href=\"http:\/\/resarquitectura.blogs.upv.es\/publicaciones\/\">Volver<\/a><\/p>","protected":false},"excerpt":{"rendered":"<p class=\"excerpt\">ENACT 15mC&nbsp;&#8211; Envisioning Neighbourhoods and Co-Creating Thriving Communities in the 15mC. I.P.: Norwegian University of Science and Technology, Yu Wang ALAB-ARQ: Alabastro y arquitectura. Conservaci\u00f3n, caracterizaci\u00f3n, composici\u00f3n y nuevas expectativas. I.P.: Jos\u00e9 Luis Bar\u00f3 Zarzo Re-think Heritage!. Erasmus+ KA2 Strategic Partnership Project. 2020-2023. I.P.: Gabor Palot\u00e1s After the damages | Prevention and safety solutions through design and practice on existing&hellip;<\/p>\n<p class=\"more-link-p\"><a class=\"btn btn-default\" href=\"https:\/\/resarquitectura.blogs.upv.es\/?page_id=1564\">Read more<\/a><\/p>\n","protected":false},"author":41051,"featured_media":0,"parent":0,"menu_order":0,"comment_status":"closed","ping_status":"closed","template":"","meta":{"ngg_post_thumbnail":0,"footnotes":""},"class_list":["post-1564","page","type-page","status-publish","hentry"],"aioseo_notices":[],"_links":{"self":[{"href":"https:\/\/resarquitectura.blogs.upv.es\/index.php?rest_route=\/wp\/v2\/pages\/1564","targetHints":{"allow":["GET"]}}],"collection":[{"href":"https:\/\/resarquitectura.blogs.upv.es\/index.php?rest_route=\/wp\/v2\/pages"}],"about":[{"href":"https:\/\/resarquitectura.blogs.upv.es\/index.php?rest_route=\/wp\/v2\/types\/page"}],"author":[{"embeddable":true,"href":"https:\/\/resarquitectura.blogs.upv.es\/index.php?rest_route=\/wp\/v2\/users\/41051"}],"replies":[{"embeddable":true,"href":"https:\/\/resarquitectura.blogs.upv.es\/index.php?rest_route=%2Fwp%2Fv2%2Fcomments&post=1564"}],"version-history":[{"count":1,"href":"https:\/\/resarquitectura.blogs.upv.es\/index.php?rest_route=\/wp\/v2\/pages\/1564\/revisions"}],"predecessor-version":[{"id":21350,"href":"https:\/\/resarquitectura.blogs.upv.es\/index.php?rest_route=\/wp\/v2\/pages\/1564\/revisions\/21350"}],"wp:attachment":[{"href":"https:\/\/resarquitectura.blogs.upv.es\/index.php?rest_route=%2Fwp%2Fv2%2Fmedia&parent=1564"}],"curies":[{"name":"wp","href":"https:\/\/api.w.org\/{rel}","templated":true}]}}