{"id":157,"date":"2016-02-10T13:22:06","date_gmt":"2016-02-10T12:22:06","guid":{"rendered":"http:\/\/resarquitectura.blogs.upv.es\/?page_id=157"},"modified":"2020-07-22T18:05:08","modified_gmt":"2020-07-22T17:05:08","slug":"2015-panteon-funerario-para-la-familia-soriano-manzanet","status":"publish","type":"page","link":"https:\/\/resarquitectura.blogs.upv.es\/?page_id=157","title":{"rendered":"Pante\u00f3n funerario para la familia Soriano Manzanet"},"content":{"rendered":"<p><img loading=\"lazy\" decoding=\"async\" class=\"alignnone wp-image-15727 size-full\" src=\"http:\/\/resarquitectura.blogs.upv.es\/wp-content\/uploads\/2020\/07\/villareal14.jpg\" alt=\"\" width=\"2000\" height=\"1287\" srcset=\"https:\/\/resarquitectura.blogs.upv.es\/wp-content\/uploads\/2020\/07\/villareal14.jpg 2000w, https:\/\/resarquitectura.blogs.upv.es\/wp-content\/uploads\/2020\/07\/villareal14-300x193.jpg 300w, https:\/\/resarquitectura.blogs.upv.es\/wp-content\/uploads\/2020\/07\/villareal14-1024x659.jpg 1024w, https:\/\/resarquitectura.blogs.upv.es\/wp-content\/uploads\/2020\/07\/villareal14-768x494.jpg 768w, https:\/\/resarquitectura.blogs.upv.es\/wp-content\/uploads\/2020\/07\/villareal14-1536x988.jpg 1536w\" sizes=\"auto, (max-width: 2000px) 100vw, 2000px\" \/><\/p>\n<p style=\"text-align: justify\">Esta b\u00f3veda ha sido dise\u00f1ada por los arquitectos Fernando Vegas y Camilla Mileto y construida por Salvador Gomis con la direcci\u00f3n de Salvador Tom\u00e1s. La b\u00f3veda nace como un homenaje tanto a la tradici\u00f3n ceramista de la zona, como a la t\u00e9cnica de la b\u00f3veda tabicada, tan arraigada y propia de la historia del Levante, y que el arquitecto valenciano Rafael Guastavino supo difundir entre la generaci\u00f3n de arquitectos modernistas, con Gaud\u00ed a la cabeza, y exportar a Estados Unidos, donde se convirti\u00f3 en su principal carta de presentaci\u00f3n. El dise\u00f1o del pante\u00f3n ha requerido trabajar con programas de ordenador especiales de dise\u00f1o tridimensional persiguiendo un resultado \u00f3ptimo a nivel est\u00e9tico y estructural. Todas las curvas presentes en el pante\u00f3n responden a perfiles de catenaria, unas curvas con una extraordinaria dificultad de expresi\u00f3n matem\u00e1tica y gr\u00e1fica, que permiten sin embargo optimizar el funcionamiento estructural del conjunto.<\/p>\n<p style=\"text-align: justify\">Para su construcci\u00f3n se han empleado cerca de 20.000 rasillas cer\u00e1micas fabricadas manualmente, previa realizaci\u00f3n de varias pruebas para determinar el tipo de arcilla, la textura, pruebas de durabilidad y envejecido, y el tama\u00f1o y el espesor, estos \u00faltimos en funci\u00f3n del radio de las curvas del pante\u00f3n y el peso calculado necesario de las tres capas de cer\u00e1mica para compensar el efecto de succi\u00f3n del viento. La b\u00f3veda, que responde geom\u00e9tricamente a cuatro paraboloides hiperb\u00f3licos encadenados entre s\u00ed, es muy ligera pero extraordinariamente resistente por sus curvas. Se ha erigido sin necesidad de cimbra, \u00fanicamente con la ayuda de unas gu\u00edas met\u00e1licas para no perder la curvatura. El aparejo del ladrillo ha sido estudiado para emplear siempre m\u00f3dulos enteros y evitar tanto recortes, puntas y parches cer\u00e1micos, como las denominadas juntas en escopeta. Est\u00e1 construida \u00fanicamente con ladrillo, yeso y cemento blanco, sin necesidad de hormig\u00f3n armado.<\/p>\n<p style=\"text-align: justify\">El pavimento est\u00e1 formado por unos 50 formatos diferentes de losas de piedra Senia, que conforman un puzle is\u00f3tropo que se repite en cada uno de los cuatro m\u00f3dulos. Los bancos son bloques monol\u00edticos de piedra Senia que han sido tallados espec\u00edficamente para incorporar la ventilaci\u00f3n de los nichos y las tomas de corriente. Los maceteros son igualmente bloques monol\u00edticos de piedra Senia vaciados en su interior y con un desag\u00fce imperceptible perforado en su base.<\/p>\n<p style=\"text-align: justify\">El pavimento central est\u00e1 formado por unas baldosas cer\u00e1micas que despliegan un juego de curvas y contracurvas que dialoga con la b\u00f3veda, baldosas dise\u00f1adas y fabricadas para la ocasi\u00f3n por el ceramista Enric Mestre, ceramista que tambi\u00e9n ha dise\u00f1ado el monolito y la placa cer\u00e1mica de la cabecera del pante\u00f3n. La losa de la cripta, una pieza monol\u00edtica de piedra Senia de gran dificultad de extracci\u00f3n y producci\u00f3n por su gran tama\u00f1o, pesa aproximadamente una tonelada, pero se desliza sin esfuerzo con extrema suavidad gracias a sus rieles y ruedas adosadas en su intrad\u00f3s, instalados por Unisystem. El interior, que alberga espacio para 24 nichos y 12 columbarios, es un espacio longitudinal de un acabado terso y liso gracias a un revestido con placas de Butech del Grupo Porcelanosa, iluminado con un sencillo LED lineal adosado al techo.<\/p>\n<p>&nbsp;<\/p>\n<p><iframe loading=\"lazy\" title=\"Documental ENDORA PRODUCCIONES Pante\u00f3n Soriano-Manzanet\" width=\"870\" height=\"489\" src=\"https:\/\/www.youtube.com\/embed\/sc6r36F5044?feature=oembed\" frameborder=\"0\" allow=\"accelerometer; autoplay; clipboard-write; encrypted-media; gyroscope; picture-in-picture; web-share\" allowfullscreen><\/iframe><\/p>\n<p>&nbsp;<\/p>\n<p><strong>A\u00f1o:&nbsp;<\/strong>2015<\/p>\n<p><strong>Ubicaci\u00f3n:&nbsp;<\/strong>Cementerio Municipal (Villarreal, Castell\u00f3n)<\/p>\n<p><strong>Promotor:&nbsp;<\/strong>Familia Soriano Manzanet<\/p>\n<p><strong>Arquitectos:&nbsp;<\/strong>Fernando Vegas L\u00f3pez-Manzanares y Camilla Mileto<\/p>\n<p><strong>Arquitecto t\u00e9cnico:&nbsp;<\/strong>Salvador Tom\u00e1s M\u00e1rquez<\/p>\n<p><strong>Colaboradores: <\/strong>M.&nbsp;Soledad Garc\u00eda S\u00e1ez, Lidia Garc\u00eda Soriano y F. Javier G\u00f3mez Patrocinio<\/p>\n<p><strong>Ceramista:<\/strong> Enric Mestre<\/p>\n<p><strong>C\u00e1lculo estructural:<\/strong> Adolfo Alonso Dur\u00e0<\/p>\n<p><strong>Iluminaci\u00f3n:<\/strong> El\u00edas Hurtado P\u00e9rez<\/p>\n<p><strong>Constructor de la b\u00f3veda:<\/strong> Salvador Gomis Avi\u00f1\u00f3<\/p>\n<p><strong>Constructora:<\/strong> Construcciones Angose S.A.<\/p>\n<p><strong>Restaurador:<\/strong> Noema Restauradores S.L.<\/p>\n<p><strong>Premios:<\/strong><\/p>\n<ul>\n<li><em>2019 Design and Build Awards<\/em>. Most Outstanding in Memorial Architectura (Mortuary Chapel). 2019<\/li>\n<li><em>The American Architecture Prize AAP 2017<\/em>&nbsp;(secci\u00f3n Miscellanous Architecture) por el&nbsp;Pante\u00f3n Soriano-Manzanet de Vila-Real. 2017<\/li>\n<li><img loading=\"lazy\" decoding=\"async\" class=\"wp-image-4857 alignleft\" style=\"font-size: 16px\" src=\"http:\/\/resarquitectura.blogs.upv.es\/wp-content\/uploads\/2016\/02\/A_Mention2017-black-e1488923405610.png\" alt=\"\" width=\"183\" height=\"196\"><\/li>\n<\/ul>\n<p>&nbsp;<\/p>\n<p>&nbsp;<\/p>\n<p>2017 A+Awards Special Mention<\/p>\n<p>&nbsp;<\/p>\n<p>&nbsp;<\/p>\n<p>&nbsp;<\/p>\n<p>ngg_shortcode_0_placeholder<strong>El proyecto en plataformas de arquitectura:<\/strong><\/p>\n<ul>\n<li><span style=\"color: #000000\"><a style=\"color: #000000\" href=\"https:\/\/architizer.com\/projects\/mortuary-chapel-for-the-soriano-manzanet-family-1\/\">Architizer<\/a><\/span><\/li>\n<li><span style=\"color: #000000\"><a style=\"color: #000000\" href=\"http:\/\/www.plataformaarquitectura.cl\/cl\/783472\/panteon-soriano-manzanet-camilla-mileto-plus-fernando-vegas?ad_medium=widget&amp;ad_name=more-from-office-article-show\" target=\"_blank\" rel=\"noopener noreferrer\">Plataforma de arquitectura<\/a><\/span><\/li>\n<li><span style=\"color: #000000\"><a style=\"color: #000000\" href=\"https:\/\/www.plazatio.com\/es\/proyecto\/panteon-de-la-familia-soriano-manzanet\" target=\"_blank\" rel=\"noopener noreferrer\">Plazatio<\/a><\/span><\/li>\n<li><span style=\"color: #000000\"><a style=\"color: #000000\" href=\"http:\/\/divisare.com\/projects\/322263-camilla-mileto-fernando-vegas-lopez-manzanares-mortuary-chapel-for-the-soriano-manzanet-family\" target=\"_blank\" rel=\"noopener noreferrer\">Divisare<\/a><\/span><\/li>\n<li><span style=\"color: #000000\"><a style=\"color: #000000\" href=\"http:\/\/www.archello.com\/en\/project\/mortuary-chapel-soriano-manzanet-family-vila-real\">Archello<\/a><\/span><\/li>\n<\/ul>\n<p>&nbsp;<\/p>\n<p><a href=\"http:\/\/resarquitectura.blogs.upv.es\/?page_id=94\">Volver<\/a><\/p>","protected":false},"excerpt":{"rendered":"<p class=\"excerpt\">Esta b\u00f3veda ha sido dise\u00f1ada por los arquitectos Fernando Vegas y Camilla Mileto y construida por Salvador Gomis con la direcci\u00f3n de Salvador Tom\u00e1s. La b\u00f3veda nace como un homenaje tanto a la tradici\u00f3n ceramista de la zona, como a la t\u00e9cnica de la b\u00f3veda tabicada, tan arraigada y propia de la historia del Levante, y que el arquitecto valenciano&hellip;<\/p>\n<p class=\"more-link-p\"><a class=\"btn btn-default\" href=\"https:\/\/resarquitectura.blogs.upv.es\/?page_id=157\">Read more<\/a><\/p>\n","protected":false},"author":5990,"featured_media":0,"parent":0,"menu_order":0,"comment_status":"closed","ping_status":"closed","template":"","meta":{"ngg_post_thumbnail":0,"footnotes":""},"class_list":["post-157","page","type-page","status-publish","hentry"],"aioseo_notices":[],"_links":{"self":[{"href":"https:\/\/resarquitectura.blogs.upv.es\/index.php?rest_route=\/wp\/v2\/pages\/157","targetHints":{"allow":["GET"]}}],"collection":[{"href":"https:\/\/resarquitectura.blogs.upv.es\/index.php?rest_route=\/wp\/v2\/pages"}],"about":[{"href":"https:\/\/resarquitectura.blogs.upv.es\/index.php?rest_route=\/wp\/v2\/types\/page"}],"author":[{"embeddable":true,"href":"https:\/\/resarquitectura.blogs.upv.es\/index.php?rest_route=\/wp\/v2\/users\/5990"}],"replies":[{"embeddable":true,"href":"https:\/\/resarquitectura.blogs.upv.es\/index.php?rest_route=%2Fwp%2Fv2%2Fcomments&post=157"}],"version-history":[{"count":4,"href":"https:\/\/resarquitectura.blogs.upv.es\/index.php?rest_route=\/wp\/v2\/pages\/157\/revisions"}],"predecessor-version":[{"id":17270,"href":"https:\/\/resarquitectura.blogs.upv.es\/index.php?rest_route=\/wp\/v2\/pages\/157\/revisions\/17270"}],"wp:attachment":[{"href":"https:\/\/resarquitectura.blogs.upv.es\/index.php?rest_route=%2Fwp%2Fv2%2Fmedia&parent=157"}],"curies":[{"name":"wp","href":"https:\/\/api.w.org\/{rel}","templated":true}]}}