{"id":1574,"date":"2016-03-10T12:37:14","date_gmt":"2016-03-10T11:37:14","guid":{"rendered":"http:\/\/resarquitectura.blogs.upv.es\/?page_id=1574"},"modified":"2025-04-14T15:33:28","modified_gmt":"2025-04-14T14:33:28","slug":"contratos-de-investigacion","status":"publish","type":"page","link":"https:\/\/resarquitectura.blogs.upv.es\/?page_id=1574","title":{"rendered":"Contratos de investigaci\u00f3n"},"content":{"rendered":"<p><\/p>\n\n\n\n<h3 class=\"wp-block-heading has-cyan-bluish-gray-color has-text-color has-link-color wp-elements-2da2e37a8e5127160ba6d0014186a78d\">Dirigidos<\/h3>\n\n\n\n<ul class=\"wp-block-list\">\n<li><span style=\"color: #000000\"><a style=\"color: #000000\" href=\"https:\/\/www.culturaydeporte.gob.es\/planes-nacionales\/planes-nacionales\/arquitectura-tradicional\/actuaciones\/diseno-desarrollo-y-puesta-en-marcha-de-la-maleta-educativa-de-apoyo-a-la-arquitectura-tradicional.html\">Dise\u00f1o, desarrollo y puesta en marcha de una maleta educativa de apoyo a la arquitectura tradicional.<\/a>\u00a0Ministerio de Educaci\u00f3n, Cultura y Deporte (2016)<\/span><\/li>\n\n\n\n<li><span style=\"color: #000000\"><a style=\"color: #000000\" href=\"https:\/\/www.culturaydeporte.gob.es\/planes-nacionales\/planes-nacionales\/arquitectura-tradicional\/actuaciones\/estudio-de-buenas-practicas-en-las-intervenciones-de-arquitectura-tradicional-espanola.html\">Estudio de buenas pr\u00e1cticas en las intervenciones de arquitectura tradicional espa\u00f1ola en el marco del Plan Nacional.<\/a> Ministerio de Educaci\u00f3n, Cultura y Deporte (2015-2016)<\/span><\/li>\n\n\n\n<li><span style=\"color: #000000\"><a style=\"color: #000000\" href=\"http:\/\/resarquitectura.blogs.upv.es\/?page_id=612\">Documentaci\u00f3n e Investigaci\u00f3n\u00a0para el Conocimiento de la Situaci\u00f3n Actual de la Extracci\u00f3n, Utilizaci\u00f3n y Puesta en obra de los Materiales\u00a0Tradicionales de Construcci\u00f3n en Espa\u00f1a<\/a>. Ministerio de Educaci\u00f3n, Cultura y Deporte (2013-2014)<\/span><\/li>\n\n\n\n<li><span style=\"color: #000000\">Elaboraci\u00f3n de un manual de restauraci\u00f3n de arquitectura rural de la Comunidad Valenciana. AIDICO &#8211; Instituto Tecnol\u00f3gico de la Construcci\u00f3n (2007-2009)<\/span><\/li>\n\n\n\n<li><span style=\"color: #000000\">Redacci\u00f3n de una gu\u00eda para la elaboraci\u00f3n del proyecto de restauraci\u00f3n. Gobierno de Arag\u00f3n (2008)<\/span><\/li>\n<\/ul>\n\n\n\n<p>&nbsp;<\/p>\n\n\n\n<h3 class=\"wp-block-heading has-cyan-bluish-gray-color has-text-color has-link-color wp-elements-46b4cd76233b00dd321f66c1a47cfa87\">Participados<\/h3>\n\n\n\n<ul class=\"wp-block-list\">\n<li><span style=\"color: #000000\"><a style=\"color: #000000\" href=\"https:\/\/redmaestros.com\/\" target=\"_blank\" rel=\"noopener noreferrer\">Network of Traditional Building Masters<\/a>.\u00a0INTBAU UK ltd (2017-2016). I.P.: Alejandro Garc\u00eda Hermida<\/span><\/li>\n<\/ul>\n\n\n\n<p>&nbsp;<\/p>\n\n\n\n<p><a href=\"http:\/\/resarquitectura.blogs.upv.es\">Volver<\/a><\/p>","protected":false},"excerpt":{"rendered":"<p class=\"excerpt\">Dirigidos &nbsp; Participados &nbsp; Volver<\/p>\n<p class=\"more-link-p\"><a class=\"btn btn-default\" href=\"https:\/\/resarquitectura.blogs.upv.es\/?page_id=1574\">Read more<\/a><\/p>\n","protected":false},"author":41051,"featured_media":0,"parent":0,"menu_order":0,"comment_status":"closed","ping_status":"closed","template":"","meta":{"ngg_post_thumbnail":0,"footnotes":""},"class_list":["post-1574","page","type-page","status-publish","hentry"],"aioseo_notices":[],"_links":{"self":[{"href":"https:\/\/resarquitectura.blogs.upv.es\/index.php?rest_route=\/wp\/v2\/pages\/1574","targetHints":{"allow":["GET"]}}],"collection":[{"href":"https:\/\/resarquitectura.blogs.upv.es\/index.php?rest_route=\/wp\/v2\/pages"}],"about":[{"href":"https:\/\/resarquitectura.blogs.upv.es\/index.php?rest_route=\/wp\/v2\/types\/page"}],"author":[{"embeddable":true,"href":"https:\/\/resarquitectura.blogs.upv.es\/index.php?rest_route=\/wp\/v2\/users\/41051"}],"replies":[{"embeddable":true,"href":"https:\/\/resarquitectura.blogs.upv.es\/index.php?rest_route=%2Fwp%2Fv2%2Fcomments&post=1574"}],"version-history":[{"count":1,"href":"https:\/\/resarquitectura.blogs.upv.es\/index.php?rest_route=\/wp\/v2\/pages\/1574\/revisions"}],"predecessor-version":[{"id":21553,"href":"https:\/\/resarquitectura.blogs.upv.es\/index.php?rest_route=\/wp\/v2\/pages\/1574\/revisions\/21553"}],"wp:attachment":[{"href":"https:\/\/resarquitectura.blogs.upv.es\/index.php?rest_route=%2Fwp%2Fv2%2Fmedia&parent=1574"}],"curies":[{"name":"wp","href":"https:\/\/api.w.org\/{rel}","templated":true}]}}