{"id":16102,"date":"2020-12-01T12:13:39","date_gmt":"2020-12-01T11:13:39","guid":{"rendered":"http:\/\/resarquitectura.blogs.upv.es\/?page_id=16102"},"modified":"2020-12-01T12:13:39","modified_gmt":"2020-12-01T11:13:39","slug":"estudio-preliminar-del-castillo-de-bellver-palma-de-mallorca-2-2-2-3","status":"publish","type":"page","link":"https:\/\/resarquitectura.blogs.upv.es\/?page_id=16102","title":{"rendered":"Estudio previo del edificio sito en Plaza del Autor, 4"},"content":{"rendered":"<p><\/p>\n<p style=\"text-align: justify\"><strong>A\u00f1o:<\/strong> 2020<\/p>\n<p style=\"text-align: justify\"><strong>Ubicaci\u00f3n:<\/strong> Valencia<\/p>\n<p style=\"text-align: justify\"><strong>Promotor:<\/strong> Estudio13 Arquitectos<\/p>\n<p style=\"text-align: justify\"><strong>Arquitectos:<\/strong> Camilla Mileto y Fernando Vegas L\u00f3pez-Manzanares<\/p>\n<p style=\"text-align: justify\"><strong>Colaboradores:<\/strong> Sergio Manzano Fern\u00e1ndez, Federico Iborra Bernad, Valentina Cristini, Vincenzina La Spina, Jos\u00e9 Ferrandis Montesinos, M\u00aa Teresa Gil Piqueras, Pablo Rodr\u00edguez Navarro, Anna P\u00e9rez Vila<\/p>\n<p>ngg_shortcode_0_placeholder<a href=\"http:\/\/resarquitectura.blogs.upv.es\/?page_id=2606\">Volver<\/a><\/p>","protected":false},"excerpt":{"rendered":"<p class=\"excerpt\">A\u00f1o: 2020 Ubicaci\u00f3n: Valencia Promotor: Estudio13 Arquitectos Arquitectos: Camilla Mileto y Fernando Vegas L\u00f3pez-Manzanares Colaboradores: Sergio Manzano Fern\u00e1ndez, Federico Iborra Bernad, Valentina Cristini, Vincenzina La Spina, Jos\u00e9 Ferrandis Montesinos, M\u00aa Teresa Gil Piqueras, Pablo Rodr\u00edguez Navarro, Anna P\u00e9rez Vila Volver<\/p>\n<p class=\"more-link-p\"><a class=\"btn btn-default\" href=\"https:\/\/resarquitectura.blogs.upv.es\/?page_id=16102\">Read more<\/a><\/p>\n","protected":false},"author":26148,"featured_media":0,"parent":0,"menu_order":0,"comment_status":"closed","ping_status":"closed","template":"","meta":{"ngg_post_thumbnail":0,"footnotes":""},"class_list":["post-16102","page","type-page","status-publish","hentry"],"aioseo_notices":[],"_links":{"self":[{"href":"https:\/\/resarquitectura.blogs.upv.es\/index.php?rest_route=\/wp\/v2\/pages\/16102","targetHints":{"allow":["GET"]}}],"collection":[{"href":"https:\/\/resarquitectura.blogs.upv.es\/index.php?rest_route=\/wp\/v2\/pages"}],"about":[{"href":"https:\/\/resarquitectura.blogs.upv.es\/index.php?rest_route=\/wp\/v2\/types\/page"}],"author":[{"embeddable":true,"href":"https:\/\/resarquitectura.blogs.upv.es\/index.php?rest_route=\/wp\/v2\/users\/26148"}],"replies":[{"embeddable":true,"href":"https:\/\/resarquitectura.blogs.upv.es\/index.php?rest_route=%2Fwp%2Fv2%2Fcomments&post=16102"}],"version-history":[{"count":2,"href":"https:\/\/resarquitectura.blogs.upv.es\/index.php?rest_route=\/wp\/v2\/pages\/16102\/revisions"}],"predecessor-version":[{"id":18266,"href":"https:\/\/resarquitectura.blogs.upv.es\/index.php?rest_route=\/wp\/v2\/pages\/16102\/revisions\/18266"}],"wp:attachment":[{"href":"https:\/\/resarquitectura.blogs.upv.es\/index.php?rest_route=%2Fwp%2Fv2%2Fmedia&parent=16102"}],"curies":[{"name":"wp","href":"https:\/\/api.w.org\/{rel}","templated":true}]}}