{"id":16141,"date":"2020-07-15T18:53:56","date_gmt":"2020-07-15T17:53:56","guid":{"rendered":"http:\/\/resarquitectura.blogs.upv.es\/?page_id=16141"},"modified":"2024-10-03T09:59:17","modified_gmt":"2024-10-03T08:59:17","slug":"proyecto-de-restauracion-de-la-torreta-del-castillo-de-jerica","status":"publish","type":"page","link":"https:\/\/resarquitectura.blogs.upv.es\/?page_id=16141","title":{"rendered":"Proyecto de intervenci\u00f3n de urgencia del Castillo de Petr\u00e9s"},"content":{"rendered":"<p><\/p>\n<p style=\"text-align: justify\"><strong>A\u00f1o:&nbsp;<\/strong>2017-2019<\/p>\n<p style=\"text-align: justify\"><strong>Emplazamiento:<\/strong> Petr\u00e9s (Valencia)<\/p>\n<p style=\"text-align: justify\"><strong>Promotor:<\/strong> Ayuntamiento de Petr\u00e9s<\/p>\n<p style=\"text-align: justify\"><strong>Arquitectos:<\/strong>&nbsp;Camilla Mileto y Fernando Vegas<\/p>\n<p><strong>Arquitecto t\u00e9cnico:<\/strong> Salvador Tom\u00e1s M\u00e1rquez<\/p>\n<p style=\"text-align: justify\"><strong>Colaboradores:&nbsp;<\/strong>M. Soledad Garc\u00eda S\u00e1ez, F. Javier G\u00f3mez Patrocinio, Alicia Hueto Escobar, Pablo Rodr\u00edguez Navarro, M\u00aa Teresa Gil Piqueras, Anna P\u00e9rez Vila, Santiago Lillo Giner<\/p>\nngg_shortcode_0_placeholder\n<p style=\"text-align: justify\"><a href=\"http:\/\/resarquitectura.blogs.upv.es\/?page_id=92\">Volver<\/a><\/p>\n<p><\/p>","protected":false},"excerpt":{"rendered":"<p class=\"excerpt\">A\u00f1o:&nbsp;2017-2019 Emplazamiento: Petr\u00e9s (Valencia) Promotor: Ayuntamiento de Petr\u00e9s Arquitectos:&nbsp;Camilla Mileto y Fernando Vegas Arquitecto t\u00e9cnico: Salvador Tom\u00e1s M\u00e1rquez Colaboradores:&nbsp;M. Soledad Garc\u00eda S\u00e1ez, F. Javier G\u00f3mez Patrocinio, Alicia Hueto Escobar, Pablo Rodr\u00edguez Navarro, M\u00aa Teresa Gil Piqueras, Anna P\u00e9rez Vila, Santiago Lillo Giner Volver<\/p>\n<p class=\"more-link-p\"><a class=\"btn btn-default\" href=\"https:\/\/resarquitectura.blogs.upv.es\/?page_id=16141\">Read more<\/a><\/p>\n","protected":false},"author":26148,"featured_media":0,"parent":0,"menu_order":0,"comment_status":"closed","ping_status":"closed","template":"","meta":{"ngg_post_thumbnail":0,"footnotes":""},"class_list":["post-16141","page","type-page","status-publish","hentry"],"aioseo_notices":[],"_links":{"self":[{"href":"https:\/\/resarquitectura.blogs.upv.es\/index.php?rest_route=\/wp\/v2\/pages\/16141","targetHints":{"allow":["GET"]}}],"collection":[{"href":"https:\/\/resarquitectura.blogs.upv.es\/index.php?rest_route=\/wp\/v2\/pages"}],"about":[{"href":"https:\/\/resarquitectura.blogs.upv.es\/index.php?rest_route=\/wp\/v2\/types\/page"}],"author":[{"embeddable":true,"href":"https:\/\/resarquitectura.blogs.upv.es\/index.php?rest_route=\/wp\/v2\/users\/26148"}],"replies":[{"embeddable":true,"href":"https:\/\/resarquitectura.blogs.upv.es\/index.php?rest_route=%2Fwp%2Fv2%2Fcomments&post=16141"}],"version-history":[{"count":2,"href":"https:\/\/resarquitectura.blogs.upv.es\/index.php?rest_route=\/wp\/v2\/pages\/16141\/revisions"}],"predecessor-version":[{"id":21369,"href":"https:\/\/resarquitectura.blogs.upv.es\/index.php?rest_route=\/wp\/v2\/pages\/16141\/revisions\/21369"}],"wp:attachment":[{"href":"https:\/\/resarquitectura.blogs.upv.es\/index.php?rest_route=%2Fwp%2Fv2%2Fmedia&parent=16141"}],"curies":[{"name":"wp","href":"https:\/\/api.w.org\/{rel}","templated":true}]}}