{"id":16501,"date":"2020-07-16T16:29:51","date_gmt":"2020-07-16T15:29:51","guid":{"rendered":"http:\/\/resarquitectura.blogs.upv.es\/?page_id=16501"},"modified":"2020-07-16T16:32:36","modified_gmt":"2020-07-16T15:32:36","slug":"jardin-en-el-barrio-de-velluters-valencia-2","status":"publish","type":"page","link":"https:\/\/resarquitectura.blogs.upv.es\/?page_id=16501","title":{"rendered":"Urbanizaci\u00f3n en el barrio de Velluters"},"content":{"rendered":"<p><\/p>\n<p style=\"text-align: justify\"><strong>A\u00f1o finalizaci\u00f3n obra:&nbsp;<\/strong>2002<\/p>\n<p style=\"text-align: justify\"><strong>A\u00f1o realizaci\u00f3n proyecto:<\/strong>&nbsp;1998<\/p>\n<p style=\"text-align: justify\"><strong>Ubicaci\u00f3n:<\/strong> Barrio Velluters (Valencia)<\/p>\n<p style=\"text-align: justify\"><strong>Promotor:<\/strong> AUMSA &#8211; Ayuntamiento de Valencia<\/p>\n<p style=\"text-align: justify\"><strong>Arquitectos:&nbsp;<\/strong>Fernando Vegas L\u00f3pez-Manzanares y Camilla Mileto<\/p>\n<p style=\"text-align: justify\"><strong>Colaboradores: <\/strong>Francisco Cervera, Vicente Roman\u00ed, Miguel Ortiz, Miguel Noguera, Aurora P\u00e9rez, Pablo Sancho, Juan C. L\u00f3pez, Magal\u00ed Roig, Hugo Bar\u00f3n<\/p>\n<p>ngg_shortcode_0_placeholder<a href=\"http:\/\/resarquitectura.blogs.upv.es\/?page_id=94\">Volver<\/a><\/p>","protected":false},"excerpt":{"rendered":"<p class=\"excerpt\">A\u00f1o finalizaci\u00f3n obra:&nbsp;2002 A\u00f1o realizaci\u00f3n proyecto:&nbsp;1998 Ubicaci\u00f3n: Barrio Velluters (Valencia) Promotor: AUMSA &#8211; Ayuntamiento de Valencia Arquitectos:&nbsp;Fernando Vegas L\u00f3pez-Manzanares y Camilla Mileto Colaboradores: Francisco Cervera, Vicente Roman\u00ed, Miguel Ortiz, Miguel Noguera, Aurora P\u00e9rez, Pablo Sancho, Juan C. L\u00f3pez, Magal\u00ed Roig, Hugo Bar\u00f3n Volver<\/p>\n<p class=\"more-link-p\"><a class=\"btn btn-default\" href=\"https:\/\/resarquitectura.blogs.upv.es\/?page_id=16501\">Read more<\/a><\/p>\n","protected":false},"author":26148,"featured_media":0,"parent":0,"menu_order":0,"comment_status":"closed","ping_status":"closed","template":"","meta":{"ngg_post_thumbnail":0,"footnotes":""},"class_list":["post-16501","page","type-page","status-publish","hentry"],"aioseo_notices":[],"_links":{"self":[{"href":"https:\/\/resarquitectura.blogs.upv.es\/index.php?rest_route=\/wp\/v2\/pages\/16501","targetHints":{"allow":["GET"]}}],"collection":[{"href":"https:\/\/resarquitectura.blogs.upv.es\/index.php?rest_route=\/wp\/v2\/pages"}],"about":[{"href":"https:\/\/resarquitectura.blogs.upv.es\/index.php?rest_route=\/wp\/v2\/types\/page"}],"author":[{"embeddable":true,"href":"https:\/\/resarquitectura.blogs.upv.es\/index.php?rest_route=\/wp\/v2\/users\/26148"}],"replies":[{"embeddable":true,"href":"https:\/\/resarquitectura.blogs.upv.es\/index.php?rest_route=%2Fwp%2Fv2%2Fcomments&post=16501"}],"version-history":[{"count":2,"href":"https:\/\/resarquitectura.blogs.upv.es\/index.php?rest_route=\/wp\/v2\/pages\/16501\/revisions"}],"predecessor-version":[{"id":16543,"href":"https:\/\/resarquitectura.blogs.upv.es\/index.php?rest_route=\/wp\/v2\/pages\/16501\/revisions\/16543"}],"wp:attachment":[{"href":"https:\/\/resarquitectura.blogs.upv.es\/index.php?rest_route=%2Fwp%2Fv2%2Fmedia&parent=16501"}],"curies":[{"name":"wp","href":"https:\/\/api.w.org\/{rel}","templated":true}]}}