{"id":16681,"date":"2020-07-17T16:00:50","date_gmt":"2020-07-17T15:00:50","guid":{"rendered":"http:\/\/resarquitectura.blogs.upv.es\/?page_id=16681"},"modified":"2024-10-03T09:59:54","modified_gmt":"2024-10-03T08:59:54","slug":"proyecto-de-restauracion-de-la-torreta-del-castillo-de-jerica-3-2","status":"publish","type":"page","link":"https:\/\/resarquitectura.blogs.upv.es\/?page_id=16681","title":{"rendered":"Proyecto de restauraci\u00f3n del Castillo de la Vilavella"},"content":{"rendered":"<p><\/p>\n<p style=\"text-align: justify\"><strong>A\u00f1o:&nbsp;<\/strong>2018-2019<\/p>\n<p style=\"text-align: justify\"><strong>Emplazamiento:<\/strong> La Vilavella (Castell\u00f3n)<\/p>\n<p style=\"text-align: justify\"><strong>Promotor:<\/strong> Ayuntamiento de La Vilavella<\/p>\n<p style=\"text-align: justify\"><strong>Arquitectos:<\/strong>&nbsp;Camilla Mileto y Fernando Vegas<\/p>\n<p style=\"text-align: justify\"><strong>Colaboradores: <\/strong>Sergio Manzano Fern\u00e1ndez, M. Soledad Garc\u00eda S\u00e1ez, M\u00aa Teresa Gil Piqueras, Pablo Rodr\u00edguez Navarro, Anna P\u00e9rez Vila, Sergio Estruch Gonz\u00e1lez<\/p>\n<p><strong>Arquitecto t\u00e9cnico:<\/strong> Salvador Tom\u00e1s M\u00e1rquez<\/p>\n<p>ngg_shortcode_0_placeholder<a href=\"http:\/\/resarquitectura.blogs.upv.es\/?page_id=92\">Volver<\/a><\/p>","protected":false},"excerpt":{"rendered":"<p class=\"excerpt\">A\u00f1o:&nbsp;2018-2019 Emplazamiento: La Vilavella (Castell\u00f3n) Promotor: Ayuntamiento de La Vilavella Arquitectos:&nbsp;Camilla Mileto y Fernando Vegas Colaboradores: Sergio Manzano Fern\u00e1ndez, M. Soledad Garc\u00eda S\u00e1ez, M\u00aa Teresa Gil Piqueras, Pablo Rodr\u00edguez Navarro, Anna P\u00e9rez Vila, Sergio Estruch Gonz\u00e1lez Arquitecto t\u00e9cnico: Salvador Tom\u00e1s M\u00e1rquez Volver<\/p>\n<p class=\"more-link-p\"><a class=\"btn btn-default\" href=\"https:\/\/resarquitectura.blogs.upv.es\/?page_id=16681\">Read more<\/a><\/p>\n","protected":false},"author":26148,"featured_media":0,"parent":0,"menu_order":0,"comment_status":"closed","ping_status":"closed","template":"","meta":{"ngg_post_thumbnail":0,"footnotes":""},"class_list":["post-16681","page","type-page","status-publish","hentry"],"aioseo_notices":[],"_links":{"self":[{"href":"https:\/\/resarquitectura.blogs.upv.es\/index.php?rest_route=\/wp\/v2\/pages\/16681","targetHints":{"allow":["GET"]}}],"collection":[{"href":"https:\/\/resarquitectura.blogs.upv.es\/index.php?rest_route=\/wp\/v2\/pages"}],"about":[{"href":"https:\/\/resarquitectura.blogs.upv.es\/index.php?rest_route=\/wp\/v2\/types\/page"}],"author":[{"embeddable":true,"href":"https:\/\/resarquitectura.blogs.upv.es\/index.php?rest_route=\/wp\/v2\/users\/26148"}],"replies":[{"embeddable":true,"href":"https:\/\/resarquitectura.blogs.upv.es\/index.php?rest_route=%2Fwp%2Fv2%2Fcomments&post=16681"}],"version-history":[{"count":2,"href":"https:\/\/resarquitectura.blogs.upv.es\/index.php?rest_route=\/wp\/v2\/pages\/16681\/revisions"}],"predecessor-version":[{"id":21370,"href":"https:\/\/resarquitectura.blogs.upv.es\/index.php?rest_route=\/wp\/v2\/pages\/16681\/revisions\/21370"}],"wp:attachment":[{"href":"https:\/\/resarquitectura.blogs.upv.es\/index.php?rest_route=%2Fwp%2Fv2%2Fmedia&parent=16681"}],"curies":[{"name":"wp","href":"https:\/\/api.w.org\/{rel}","templated":true}]}}