{"id":16714,"date":"2020-07-17T17:53:18","date_gmt":"2020-07-17T16:53:18","guid":{"rendered":"http:\/\/resarquitectura.blogs.upv.es\/?page_id=16714"},"modified":"2020-07-17T17:53:18","modified_gmt":"2020-07-17T16:53:18","slug":"proyecto-de-restauracion-de-la-torreta-del-castillo-de-jerica-3-3","status":"publish","type":"page","link":"https:\/\/resarquitectura.blogs.upv.es\/?page_id=16714","title":{"rendered":"Proyecto de restauraci\u00f3n y puesta en valor de la Casa del Relojero y recomposici\u00f3n de su manzana"},"content":{"rendered":"<p><strong>A\u00f1o:&nbsp;<\/strong>2017<\/p>\n<p><strong>Emplazamiento:<\/strong> Ciutat Vella (Valencia)<\/p>\n<p><strong>Promotor:<\/strong> Ayuntamiento de Valencia<\/p>\n<p><strong>Arquitectos:<\/strong>&nbsp;Camilla Mileto y Fernando Vegas<\/p>\n<p style=\"text-align: justify\"><strong>Colaboradores:&nbsp;<\/strong>Adolfo Alonso Dur\u00e1, Javier C\u00e1rcel Carrasco, Francisco Hidalgo Delgado, Giorgia Di Domenico, Marina Elia, F. Javier G\u00f3mez Patrocinio, Laura Villacampa Crespo, Alicia Hueto Escobar<\/p>\n<p style=\"text-align: justify\"><strong>Premios:<\/strong><\/p>\n<ul>\n<li style=\"text-align: justify\">2\u00ba Clasificado para el <em>Concurso de ideas para el Concurso de la Casa del Relojero al pie de la Catedral 2018<\/em>, por el Ayuntamiento de Valencia.<\/li>\n<\/ul>\n<p>ngg_shortcode_0_placeholder<a href=\"http:\/\/resarquitectura.blogs.upv.es\/?page_id=92\">Volver<\/a><\/p>","protected":false},"excerpt":{"rendered":"<p class=\"excerpt\">A\u00f1o:&nbsp;2017 Emplazamiento: Ciutat Vella (Valencia) Promotor: Ayuntamiento de Valencia Arquitectos:&nbsp;Camilla Mileto y Fernando Vegas Colaboradores:&nbsp;Adolfo Alonso Dur\u00e1, Javier C\u00e1rcel Carrasco, Francisco Hidalgo Delgado, Giorgia Di Domenico, Marina Elia, F. Javier G\u00f3mez Patrocinio, Laura Villacampa Crespo, Alicia Hueto Escobar Premios: 2\u00ba Clasificado para el Concurso de ideas para el Concurso de la Casa del Relojero al pie de la Catedral 2018,&hellip;<\/p>\n<p class=\"more-link-p\"><a class=\"btn btn-default\" href=\"https:\/\/resarquitectura.blogs.upv.es\/?page_id=16714\">Read more<\/a><\/p>\n","protected":false},"author":26148,"featured_media":0,"parent":0,"menu_order":0,"comment_status":"closed","ping_status":"closed","template":"","meta":{"ngg_post_thumbnail":0,"footnotes":""},"class_list":["post-16714","page","type-page","status-publish","hentry"],"aioseo_notices":[],"_links":{"self":[{"href":"https:\/\/resarquitectura.blogs.upv.es\/index.php?rest_route=\/wp\/v2\/pages\/16714","targetHints":{"allow":["GET"]}}],"collection":[{"href":"https:\/\/resarquitectura.blogs.upv.es\/index.php?rest_route=\/wp\/v2\/pages"}],"about":[{"href":"https:\/\/resarquitectura.blogs.upv.es\/index.php?rest_route=\/wp\/v2\/types\/page"}],"author":[{"embeddable":true,"href":"https:\/\/resarquitectura.blogs.upv.es\/index.php?rest_route=\/wp\/v2\/users\/26148"}],"replies":[{"embeddable":true,"href":"https:\/\/resarquitectura.blogs.upv.es\/index.php?rest_route=%2Fwp%2Fv2%2Fcomments&post=16714"}],"version-history":[{"count":2,"href":"https:\/\/resarquitectura.blogs.upv.es\/index.php?rest_route=\/wp\/v2\/pages\/16714\/revisions"}],"predecessor-version":[{"id":16756,"href":"https:\/\/resarquitectura.blogs.upv.es\/index.php?rest_route=\/wp\/v2\/pages\/16714\/revisions\/16756"}],"wp:attachment":[{"href":"https:\/\/resarquitectura.blogs.upv.es\/index.php?rest_route=%2Fwp%2Fv2%2Fmedia&parent=16714"}],"curies":[{"name":"wp","href":"https:\/\/api.w.org\/{rel}","templated":true}]}}