{"id":17766,"date":"2020-11-03T16:16:39","date_gmt":"2020-11-03T15:16:39","guid":{"rendered":"http:\/\/resarquitectura.blogs.upv.es\/?page_id=17766"},"modified":"2025-04-12T15:12:39","modified_gmt":"2025-04-12T14:12:39","slug":"videos-de-conferencias-impartidas","status":"publish","type":"page","link":"https:\/\/resarquitectura.blogs.upv.es\/?page_id=17766","title":{"rendered":"V\u00eddeos y multimedia"},"content":{"rendered":"<p><\/p>\n\n\n\n<p>&nbsp;<\/p>\n\n\n\n<p><strong>Restauraci\u00f3n de la casa n\u00ba 119 de Sesga, Valencia<\/strong><\/p>\n\n\n\n<p>Documental sobre proceso de restauraci\u00f3n una vivienda tradicional en la aldea de Sesga<\/p>\n\n\n\n<figure class=\"wp-block-embed is-type-video is-provider-youtube wp-block-embed-youtube wp-embed-aspect-16-9 wp-has-aspect-ratio\"><div class=\"wp-block-embed__wrapper\">\n<iframe loading=\"lazy\" title=\"Documental: Restauraci\u00f3n de la casa n\u00ba 119 de Sesga, Valencia\" width=\"870\" height=\"489\" src=\"https:\/\/www.youtube.com\/embed\/B8dOTSF9B4g?feature=oembed\" frameborder=\"0\" allow=\"accelerometer; autoplay; clipboard-write; encrypted-media; gyroscope; picture-in-picture; web-share\" referrerpolicy=\"strict-origin-when-cross-origin\" allowfullscreen><\/iframe>\n<\/div><\/figure>\n\n\n\n<div style=\"height:46px\" aria-hidden=\"true\" class=\"wp-block-spacer\"><\/div>\n\n\n\n<p><strong>Restauraci\u00f3n de la barraca de los Aranda en El Palmar, Valencia<\/strong><\/p>\n\n\n\n<p>Documental sobre proceso de restauraci\u00f3n de la barraca de los Aranda<\/p>\n\n\n\n<figure class=\"wp-block-embed is-type-video is-provider-youtube wp-block-embed-youtube wp-embed-aspect-16-9 wp-has-aspect-ratio\"><div class=\"wp-block-embed__wrapper\">\n<iframe loading=\"lazy\" title=\"Documental: Restauraci\u00f3n de la barraca de los Aranda en El Palmar, Valencia\" width=\"870\" height=\"489\" src=\"https:\/\/www.youtube.com\/embed\/2RQqV-S_NIU?feature=oembed\" frameborder=\"0\" allow=\"accelerometer; autoplay; clipboard-write; encrypted-media; gyroscope; picture-in-picture; web-share\" referrerpolicy=\"strict-origin-when-cross-origin\" allowfullscreen><\/iframe>\n<\/div><\/figure>\n\n\n\n<div style=\"height:46px\" aria-hidden=\"true\" class=\"wp-block-spacer\"><\/div>\n\n\n\n<p><strong>Las Barracas<\/strong><\/p>\n\n\n\n<p>Conferencia impartida en el curso &#8220;Di\u00e1logos en torno a la Arquitectura y al Arte Valenciano. Segunda edici\u00f3n: di\u00e1logos en tiempo de coronavirus&#8221;.<\/p>\n\n\n\n<figure class=\"wp-block-embed is-type-video is-provider-youtube wp-block-embed-youtube wp-embed-aspect-16-9 wp-has-aspect-ratio\"><div class=\"wp-block-embed__wrapper\">\n<iframe loading=\"lazy\" title=\"5  Las barracas\" width=\"870\" height=\"489\" src=\"https:\/\/www.youtube.com\/embed\/lNAbo0lw33U?feature=oembed\" frameborder=\"0\" allow=\"accelerometer; autoplay; clipboard-write; encrypted-media; gyroscope; picture-in-picture; web-share\" referrerpolicy=\"strict-origin-when-cross-origin\" allowfullscreen><\/iframe>\n<\/div><\/figure>\n\n\n\n<p>&nbsp;<\/p>\n\n\n\n<p><strong>Pante\u00f3n Familia Soriano-Manzanet<\/strong><\/p>\n\n\n\n<p>Documental realizado por ENDORA PRODUCCIONES sobre la ejecuci\u00f3n del Pante\u00f3n de la familia Soriano-Manzanet en Villarreal (Castell\u00f3n).<\/p>\n\n\n\n<figure class=\"wp-block-embed is-type-video is-provider-youtube wp-block-embed-youtube wp-embed-aspect-16-9 wp-has-aspect-ratio\"><div class=\"wp-block-embed__wrapper\">\n<iframe loading=\"lazy\" title=\"Documental ENDORA PRODUCCIONES Pante\u00f3n Soriano-Manzanet\" width=\"870\" height=\"489\" src=\"https:\/\/www.youtube.com\/embed\/sc6r36F5044?feature=oembed\" frameborder=\"0\" allow=\"accelerometer; autoplay; clipboard-write; encrypted-media; gyroscope; picture-in-picture; web-share\" referrerpolicy=\"strict-origin-when-cross-origin\" allowfullscreen><\/iframe>\n<\/div><\/figure>\n\n\n\n<p>&nbsp;&nbsp;<\/p>\n\n\n\n<p><strong>Ejecuci\u00f3n de la b\u00f3veda del Pante\u00f3n de la familia Soriano Manzanet<\/strong><\/p>\n\n\n\n<p>V\u00eddeo del proceso constructivo de la b\u00f3veda tabicada en el pante\u00f3n de la familia Soriano Manzanet.<\/p>\n\n\n\n<figure class=\"wp-block-embed is-type-video is-provider-youtube wp-block-embed-youtube wp-embed-aspect-16-9 wp-has-aspect-ratio\"><div class=\"wp-block-embed__wrapper\">\n<iframe loading=\"lazy\" title=\"Ejecuci\u00f2n de la b\u00f2veda del Panteon de la familia Soriano Manzanet\" width=\"870\" height=\"489\" src=\"https:\/\/www.youtube.com\/embed\/6b8FZ9tSP2M?feature=oembed\" frameborder=\"0\" allow=\"accelerometer; autoplay; clipboard-write; encrypted-media; gyroscope; picture-in-picture; web-share\" referrerpolicy=\"strict-origin-when-cross-origin\" allowfullscreen><\/iframe>\n<\/div><\/figure>\n\n\n\n<p>&nbsp;<\/p>\n\n\n\n<p><\/p>\n\n\n\n<p><strong>V\u00eddeo de presentaci\u00f3n del proyecto 3dPast<\/strong><\/p>\n\n\n\n<p>Presentaci\u00f3n del proyecto europeo de investigaci\u00f3n y difusi\u00f3n del patrimonio vern\u00e1cula 3DPast<\/p>\n\n\n\n<figure class=\"wp-block-embed is-type-video is-provider-vimeo wp-block-embed-vimeo wp-embed-aspect-16-9 wp-has-aspect-ratio\"><div class=\"wp-block-embed__wrapper\">\n<iframe loading=\"lazy\" title=\"3d Past Project video presentation\" src=\"https:\/\/player.vimeo.com\/video\/445608988?dnt=1&amp;app_id=122963\" width=\"870\" height=\"489\" frameborder=\"0\" allow=\"autoplay; fullscreen; picture-in-picture; clipboard-write; encrypted-media\"><\/iframe>\n<\/div><\/figure>\n\n\n\n<p>&nbsp;<\/p>\n\n\n\n<p><\/p>\n\n\n\n<p><strong>Edificios preindustriales en Ademuz \/ Sesga, Valencia, Spain<\/strong><\/p>\n\n\n\n<p>Proyecto de restauraci\u00f3n, evaluaci\u00f3n y puesta en valor de doce edificios preindustriales de la arquitectura popular en riesgo de abandono en Sesga, Ademuz.<\/p>\n\n\n\n<figure class=\"wp-block-embed is-type-video is-provider-youtube wp-block-embed-youtube wp-embed-aspect-16-9 wp-has-aspect-ratio\"><div class=\"wp-block-embed__wrapper\">\n<iframe loading=\"lazy\" title=\"Preindustrial buildings in Ademuz \/ Sesga, Ademuz, Valencia SPAIN\" width=\"870\" height=\"489\" src=\"https:\/\/www.youtube.com\/embed\/ootfIsXj-tg?start=24&#038;feature=oembed\" frameborder=\"0\" allow=\"accelerometer; autoplay; clipboard-write; encrypted-media; gyroscope; picture-in-picture; web-share\" referrerpolicy=\"strict-origin-when-cross-origin\" allowfullscreen><\/iframe>\n<\/div><\/figure>\n\n\n\n<p>&nbsp;<\/p>\n\n\n\n<p><strong>Jard\u00edn de la memoria y Bienal de Venecia<\/strong><\/p>\n\n\n\n<p>Jard\u00edn de la memoria en el convento desaparecido de Vinar\u00f2s y participaci\u00f3n en la Bienal de Venecia.<\/p>\n\n\n\n<figure class=\"wp-block-embed is-type-video is-provider-youtube wp-block-embed-youtube wp-embed-aspect-16-9 wp-has-aspect-ratio\"><div class=\"wp-block-embed__wrapper\">\n<iframe loading=\"lazy\" title=\"Camila Mileto y Fernando Vegas: t\u00e1ndem ganador - Noticia @UPVTV, 25-07-2016\" width=\"870\" height=\"489\" src=\"https:\/\/www.youtube.com\/embed\/-q5eXr9njDg?feature=oembed\" frameborder=\"0\" allow=\"accelerometer; autoplay; clipboard-write; encrypted-media; gyroscope; picture-in-picture; web-share\" referrerpolicy=\"strict-origin-when-cross-origin\" allowfullscreen><\/iframe>\n<\/div><\/figure>\n\n\n\n<p><\/p>","protected":false},"excerpt":{"rendered":"<p class=\"excerpt\">&nbsp; Restauraci\u00f3n de la casa n\u00ba 119 de Sesga, Valencia Documental sobre proceso de restauraci\u00f3n una vivienda tradicional en la aldea de Sesga Restauraci\u00f3n de la barraca de los Aranda en El Palmar, Valencia Documental sobre proceso de restauraci\u00f3n de la barraca de los Aranda Las Barracas Conferencia impartida en el curso &#8220;Di\u00e1logos en torno a la Arquitectura y al&hellip;<\/p>\n<p class=\"more-link-p\"><a class=\"btn btn-default\" href=\"https:\/\/resarquitectura.blogs.upv.es\/?page_id=17766\">Read more<\/a><\/p>\n","protected":false},"author":23693,"featured_media":0,"parent":0,"menu_order":0,"comment_status":"closed","ping_status":"closed","template":"","meta":{"ngg_post_thumbnail":0,"footnotes":""},"class_list":["post-17766","page","type-page","status-publish","hentry"],"aioseo_notices":[],"_links":{"self":[{"href":"https:\/\/resarquitectura.blogs.upv.es\/index.php?rest_route=\/wp\/v2\/pages\/17766","targetHints":{"allow":["GET"]}}],"collection":[{"href":"https:\/\/resarquitectura.blogs.upv.es\/index.php?rest_route=\/wp\/v2\/pages"}],"about":[{"href":"https:\/\/resarquitectura.blogs.upv.es\/index.php?rest_route=\/wp\/v2\/types\/page"}],"author":[{"embeddable":true,"href":"https:\/\/resarquitectura.blogs.upv.es\/index.php?rest_route=\/wp\/v2\/users\/23693"}],"replies":[{"embeddable":true,"href":"https:\/\/resarquitectura.blogs.upv.es\/index.php?rest_route=%2Fwp%2Fv2%2Fcomments&post=17766"}],"version-history":[{"count":1,"href":"https:\/\/resarquitectura.blogs.upv.es\/index.php?rest_route=\/wp\/v2\/pages\/17766\/revisions"}],"predecessor-version":[{"id":21493,"href":"https:\/\/resarquitectura.blogs.upv.es\/index.php?rest_route=\/wp\/v2\/pages\/17766\/revisions\/21493"}],"wp:attachment":[{"href":"https:\/\/resarquitectura.blogs.upv.es\/index.php?rest_route=%2Fwp%2Fv2%2Fmedia&parent=17766"}],"curies":[{"name":"wp","href":"https:\/\/api.w.org\/{rel}","templated":true}]}}