{"id":17978,"date":"2020-11-30T13:17:22","date_gmt":"2020-11-30T12:17:22","guid":{"rendered":"http:\/\/resarquitectura.blogs.upv.es\/?page_id=17978"},"modified":"2020-11-30T13:17:23","modified_gmt":"2020-11-30T12:17:23","slug":"estudio-preliminar-del-castillo-de-bellver-palma-de-mallorca-2-2-2-2-3","status":"publish","type":"page","link":"https:\/\/resarquitectura.blogs.upv.es\/?page_id=17978","title":{"rendered":"Plan Especial de Protecciones del Palau Marqu\u00e9s de Malferit"},"content":{"rendered":"<p><\/p>\n<p style=\"text-align: justify\"><strong>A\u00f1o:<\/strong> 2020<\/p>\n<p style=\"text-align: justify\"><strong>Ubicaci\u00f3n:<\/strong> Aielo de Malferit (Valencia)<\/p>\n<p style=\"text-align: justify\"><strong>Promotor:<\/strong> Ayuntamiento de Aielo de Malferit<\/p>\n<p style=\"text-align: justify\"><strong>Arquitectos:<\/strong> Camilla Mileto y Fernando Vegas L\u00f3pez-Manzanares<\/p>\n<p style=\"text-align: justify\"><strong>Colaboradores:<\/strong> Mireia Mart\u00ednez Lled\u00f3, Cristina Ramos Furi\u00f3, Jose Lu\u00eds Calabuig Ortu\u00f1o, Ferran Castell\u00f3, Miguel Vicente Gabarda<\/p>\n<p>ngg_shortcode_0_placeholder<a href=\"http:\/\/resarquitectura.blogs.upv.es\/?page_id=2606\">Volver<\/a><\/p>","protected":false},"excerpt":{"rendered":"<p class=\"excerpt\">A\u00f1o: 2020 Ubicaci\u00f3n: Aielo de Malferit (Valencia) Promotor: Ayuntamiento de Aielo de Malferit Arquitectos: Camilla Mileto y Fernando Vegas L\u00f3pez-Manzanares Colaboradores: Mireia Mart\u00ednez Lled\u00f3, Cristina Ramos Furi\u00f3, Jose Lu\u00eds Calabuig Ortu\u00f1o, Ferran Castell\u00f3, Miguel Vicente Gabarda Volver<\/p>\n<p class=\"more-link-p\"><a class=\"btn btn-default\" href=\"https:\/\/resarquitectura.blogs.upv.es\/?page_id=17978\">Read more<\/a><\/p>\n","protected":false},"author":26148,"featured_media":0,"parent":0,"menu_order":0,"comment_status":"closed","ping_status":"closed","template":"","meta":{"ngg_post_thumbnail":0,"footnotes":""},"class_list":["post-17978","page","type-page","status-publish","hentry"],"aioseo_notices":[],"_links":{"self":[{"href":"https:\/\/resarquitectura.blogs.upv.es\/index.php?rest_route=\/wp\/v2\/pages\/17978","targetHints":{"allow":["GET"]}}],"collection":[{"href":"https:\/\/resarquitectura.blogs.upv.es\/index.php?rest_route=\/wp\/v2\/pages"}],"about":[{"href":"https:\/\/resarquitectura.blogs.upv.es\/index.php?rest_route=\/wp\/v2\/types\/page"}],"author":[{"embeddable":true,"href":"https:\/\/resarquitectura.blogs.upv.es\/index.php?rest_route=\/wp\/v2\/users\/26148"}],"replies":[{"embeddable":true,"href":"https:\/\/resarquitectura.blogs.upv.es\/index.php?rest_route=%2Fwp%2Fv2%2Fcomments&post=17978"}],"version-history":[{"count":2,"href":"https:\/\/resarquitectura.blogs.upv.es\/index.php?rest_route=\/wp\/v2\/pages\/17978\/revisions"}],"predecessor-version":[{"id":18041,"href":"https:\/\/resarquitectura.blogs.upv.es\/index.php?rest_route=\/wp\/v2\/pages\/17978\/revisions\/18041"}],"wp:attachment":[{"href":"https:\/\/resarquitectura.blogs.upv.es\/index.php?rest_route=%2Fwp%2Fv2%2Fmedia&parent=17978"}],"curies":[{"name":"wp","href":"https:\/\/api.w.org\/{rel}","templated":true}]}}