{"id":19156,"date":"2021-05-28T12:36:16","date_gmt":"2021-05-28T11:36:16","guid":{"rendered":"https:\/\/resarquitectura.blogs.upv.es\/?page_id=19156"},"modified":"2021-05-28T12:36:17","modified_gmt":"2021-05-28T11:36:17","slug":"estudio-preliminar-del-castillo-de-bellver-palma-de-mallorca-2-2-2-3-2","status":"publish","type":"page","link":"https:\/\/resarquitectura.blogs.upv.es\/?page_id=19156","title":{"rendered":"Estudio previo para la reconstrucci\u00f3n del Puente de All\u00e0 Baix en Aielo de Malferit"},"content":{"rendered":"<p><\/p>\n<p style=\"text-align: justify\"><strong>A\u00f1o:<\/strong> 2021<\/p>\n<p style=\"text-align: justify\"><strong>Ubicaci\u00f3n:<\/strong> Aielo de Malferit (Valencia)<\/p>\n<p style=\"text-align: justify\"><strong>Promotor:<\/strong> Ayuntamiento de Aielo de Malferit<\/p>\n<p style=\"text-align: justify\"><strong>Arquitectos:<\/strong> Camilla Mileto y Fernando Vegas L\u00f3pez-Manzanares<\/p>\n<p style=\"text-align: justify\"><strong>Colaboradores:<\/strong> Adolfo Alonso Dur\u00e1, Ricardo Perell\u00f3 Rosso, Carlos L\u00e1zaro Fern\u00e1ndez, Pablo Rodr\u00edguez Navarro, Teresa Gil Piqueras, Anna P\u00e9rez Vila, Matilde Caruso, Sergio Manzano Fern\u00e1ndez, Fabio Fratini, Silvia Rescic, Miguel Vicente Gabarda<\/p>\n<p>ngg_shortcode_0_placeholder<a href=\"http:\/\/resarquitectura.blogs.upv.es\/?page_id=2606\">Volver<\/a><\/p>","protected":false},"excerpt":{"rendered":"<p class=\"excerpt\">A\u00f1o: 2021 Ubicaci\u00f3n: Aielo de Malferit (Valencia) Promotor: Ayuntamiento de Aielo de Malferit Arquitectos: Camilla Mileto y Fernando Vegas L\u00f3pez-Manzanares Colaboradores: Adolfo Alonso Dur\u00e1, Ricardo Perell\u00f3 Rosso, Carlos L\u00e1zaro Fern\u00e1ndez, Pablo Rodr\u00edguez Navarro, Teresa Gil Piqueras, Anna P\u00e9rez Vila, Matilde Caruso, Sergio Manzano Fern\u00e1ndez, Fabio Fratini, Silvia Rescic, Miguel Vicente Gabarda Volver<\/p>\n<p class=\"more-link-p\"><a class=\"btn btn-default\" href=\"https:\/\/resarquitectura.blogs.upv.es\/?page_id=19156\">Read more<\/a><\/p>\n","protected":false},"author":26148,"featured_media":0,"parent":0,"menu_order":0,"comment_status":"closed","ping_status":"closed","template":"","meta":{"ngg_post_thumbnail":0,"footnotes":""},"class_list":["post-19156","page","type-page","status-publish","hentry"],"aioseo_notices":[],"_links":{"self":[{"href":"https:\/\/resarquitectura.blogs.upv.es\/index.php?rest_route=\/wp\/v2\/pages\/19156","targetHints":{"allow":["GET"]}}],"collection":[{"href":"https:\/\/resarquitectura.blogs.upv.es\/index.php?rest_route=\/wp\/v2\/pages"}],"about":[{"href":"https:\/\/resarquitectura.blogs.upv.es\/index.php?rest_route=\/wp\/v2\/types\/page"}],"author":[{"embeddable":true,"href":"https:\/\/resarquitectura.blogs.upv.es\/index.php?rest_route=\/wp\/v2\/users\/26148"}],"replies":[{"embeddable":true,"href":"https:\/\/resarquitectura.blogs.upv.es\/index.php?rest_route=%2Fwp%2Fv2%2Fcomments&post=19156"}],"version-history":[{"count":2,"href":"https:\/\/resarquitectura.blogs.upv.es\/index.php?rest_route=\/wp\/v2\/pages\/19156\/revisions"}],"predecessor-version":[{"id":19327,"href":"https:\/\/resarquitectura.blogs.upv.es\/index.php?rest_route=\/wp\/v2\/pages\/19156\/revisions\/19327"}],"wp:attachment":[{"href":"https:\/\/resarquitectura.blogs.upv.es\/index.php?rest_route=%2Fwp%2Fv2%2Fmedia&parent=19156"}],"curies":[{"name":"wp","href":"https:\/\/api.w.org\/{rel}","templated":true}]}}