{"id":19508,"date":"2021-06-01T12:33:20","date_gmt":"2021-06-01T11:33:20","guid":{"rendered":"https:\/\/resarquitectura.blogs.upv.es\/?page_id=19508"},"modified":"2024-10-03T10:03:46","modified_gmt":"2024-10-03T09:03:46","slug":"proyecto-de-restauracion-de-la-torreta-del-castillo-de-jerica-2-2-2","status":"publish","type":"page","link":"https:\/\/resarquitectura.blogs.upv.es\/?page_id=19508","title":{"rendered":"Proyecto de restauraci\u00f3n de una vivienda en Sesga 129"},"content":{"rendered":"<p><\/p>\n<p style=\"text-align: justify\"><strong>A\u00f1o:&nbsp;<\/strong>2021<\/p>\n<p style=\"text-align: justify\"><strong>Emplazamiento:<\/strong> Sesga, Ademuz (Valencia)<\/p>\n<p style=\"text-align: justify\"><strong>Promotor:<\/strong> privado<\/p>\n<p style=\"text-align: justify\"><strong>Arquitectos:<\/strong> Camilla Mileto y Fernando Vegas<\/p>\n<p style=\"text-align: justify\"><strong>Colaboradores: <\/strong>Laura Anatol Roman\u00ed, Sergio Manzano Fern\u00e1ndez, Salvador Tom\u00e1s M\u00e1rquez<\/p>\nngg_shortcode_0_placeholder\n<p><a href=\"http:\/\/resarquitectura.blogs.upv.es\/?page_id=92\">Volver<\/a><\/p>\n<p>&nbsp;<\/p>\n\n\n<p><\/p>","protected":false},"excerpt":{"rendered":"<p class=\"excerpt\">A\u00f1o:&nbsp;2021 Emplazamiento: Sesga, Ademuz (Valencia) Promotor: privado Arquitectos: Camilla Mileto y Fernando Vegas Colaboradores: Laura Anatol Roman\u00ed, Sergio Manzano Fern\u00e1ndez, Salvador Tom\u00e1s M\u00e1rquez Volver &nbsp;<\/p>\n<p class=\"more-link-p\"><a class=\"btn btn-default\" href=\"https:\/\/resarquitectura.blogs.upv.es\/?page_id=19508\">Read more<\/a><\/p>\n","protected":false},"author":26148,"featured_media":0,"parent":0,"menu_order":0,"comment_status":"closed","ping_status":"closed","template":"","meta":{"ngg_post_thumbnail":0,"footnotes":""},"class_list":["post-19508","page","type-page","status-publish","hentry"],"aioseo_notices":[],"_links":{"self":[{"href":"https:\/\/resarquitectura.blogs.upv.es\/index.php?rest_route=\/wp\/v2\/pages\/19508","targetHints":{"allow":["GET"]}}],"collection":[{"href":"https:\/\/resarquitectura.blogs.upv.es\/index.php?rest_route=\/wp\/v2\/pages"}],"about":[{"href":"https:\/\/resarquitectura.blogs.upv.es\/index.php?rest_route=\/wp\/v2\/types\/page"}],"author":[{"embeddable":true,"href":"https:\/\/resarquitectura.blogs.upv.es\/index.php?rest_route=\/wp\/v2\/users\/26148"}],"replies":[{"embeddable":true,"href":"https:\/\/resarquitectura.blogs.upv.es\/index.php?rest_route=%2Fwp%2Fv2%2Fcomments&post=19508"}],"version-history":[{"count":2,"href":"https:\/\/resarquitectura.blogs.upv.es\/index.php?rest_route=\/wp\/v2\/pages\/19508\/revisions"}],"predecessor-version":[{"id":21375,"href":"https:\/\/resarquitectura.blogs.upv.es\/index.php?rest_route=\/wp\/v2\/pages\/19508\/revisions\/21375"}],"wp:attachment":[{"href":"https:\/\/resarquitectura.blogs.upv.es\/index.php?rest_route=%2Fwp%2Fv2%2Fmedia&parent=19508"}],"curies":[{"name":"wp","href":"https:\/\/api.w.org\/{rel}","templated":true}]}}