{"id":19706,"date":"2021-12-15T13:16:05","date_gmt":"2021-12-15T12:16:05","guid":{"rendered":"https:\/\/resarquitectura.blogs.upv.es\/?page_id=19706"},"modified":"2022-02-02T11:48:03","modified_gmt":"2022-02-02T10:48:03","slug":"proyecto-coremans-criterios-de-intervencion-en-la-arquitectura-de-tierra-2","status":"publish","type":"page","link":"https:\/\/resarquitectura.blogs.upv.es\/?page_id=19706","title":{"rendered":"3D Past. Guidelines and strategies for maintenance of vernacular architecture in World Heritage sites"},"content":{"rendered":"<p><\/p>\n\n\n\n<div class=\"wp-block-image\"><figure class=\"alignleft\"><img loading=\"lazy\" decoding=\"async\" width=\"300\" height=\"300\" src=\"http:\/\/resarquitectura.blogs.upv.es\/wp-content\/uploads\/2021\/12\/Sin-titulo-1-300x300.jpg\" alt=\"\" class=\"wp-image-19707\" srcset=\"https:\/\/resarquitectura.blogs.upv.es\/wp-content\/uploads\/2021\/12\/Sin-titulo-1-300x300.jpg 300w, https:\/\/resarquitectura.blogs.upv.es\/wp-content\/uploads\/2021\/12\/Sin-titulo-1-1024x1024.jpg 1024w, https:\/\/resarquitectura.blogs.upv.es\/wp-content\/uploads\/2021\/12\/Sin-titulo-1-150x150.jpg 150w, https:\/\/resarquitectura.blogs.upv.es\/wp-content\/uploads\/2021\/12\/Sin-titulo-1-768x768.jpg 768w, https:\/\/resarquitectura.blogs.upv.es\/wp-content\/uploads\/2021\/12\/Sin-titulo-1-1536x1536.jpg 1536w, https:\/\/resarquitectura.blogs.upv.es\/wp-content\/uploads\/2021\/12\/Sin-titulo-1-2048x2048.jpg 2048w\" sizes=\"auto, (max-width: 300px) 100vw, 300px\" \/><\/figure><\/div>\n\n\n\n<p><strong>T\u00edtulo completo: <\/strong>3D Past. Guidelines and strategies for maintenance of vernacular architecture in World Heritage sites<\/p>\n\n\n\n<p><strong>Autores:<\/strong>&nbsp;AA. VV.<\/p>\n\n\n\n<p><strong>Coordinaci\u00f3n cient\u00edfica:<\/strong> Fernando Vegas, Camilla Mileto, Mar\u00eda Diodato, Valentina Cristini, Lidia Garc\u00eda<\/p>\n\n\n\n<p><strong>A\u00f1o<\/strong><strong>:&nbsp;<\/strong>2020<\/p>\n\n\n\n<p><strong>Edita: <\/strong>La Imprenta<\/p>\n\n\n\n<p><strong>ISBN:<\/strong>978-84-18514-09-8<\/p>\n\n\n\n<p><a href=\"https:\/\/esg.pt\/3dpast\/3d-past-booklet\/\" target=\"_blank\" rel=\"noopener\">Descarga<\/a><\/p>\n\n\n\n<p><a href=\"http:\/\/resarquitectura.blogs.upv.es\/?page_id=120\">Volver<\/a><\/p>","protected":false},"excerpt":{"rendered":"<p class=\"excerpt\">T\u00edtulo completo: 3D Past. Guidelines and strategies for maintenance of vernacular architecture in World Heritage sites Autores:&nbsp;AA. VV. Coordinaci\u00f3n cient\u00edfica: Fernando Vegas, Camilla Mileto, Mar\u00eda Diodato, Valentina Cristini, Lidia Garc\u00eda A\u00f1o:&nbsp;2020 Edita: La Imprenta ISBN:978-84-18514-09-8 Descarga Volver<\/p>\n<p class=\"more-link-p\"><a class=\"btn btn-default\" href=\"https:\/\/resarquitectura.blogs.upv.es\/?page_id=19706\">Read more<\/a><\/p>\n","protected":false},"author":26148,"featured_media":0,"parent":0,"menu_order":0,"comment_status":"closed","ping_status":"closed","template":"","meta":{"ngg_post_thumbnail":0,"footnotes":""},"class_list":["post-19706","page","type-page","status-publish","hentry"],"aioseo_notices":[],"_links":{"self":[{"href":"https:\/\/resarquitectura.blogs.upv.es\/index.php?rest_route=\/wp\/v2\/pages\/19706","targetHints":{"allow":["GET"]}}],"collection":[{"href":"https:\/\/resarquitectura.blogs.upv.es\/index.php?rest_route=\/wp\/v2\/pages"}],"about":[{"href":"https:\/\/resarquitectura.blogs.upv.es\/index.php?rest_route=\/wp\/v2\/types\/page"}],"author":[{"embeddable":true,"href":"https:\/\/resarquitectura.blogs.upv.es\/index.php?rest_route=\/wp\/v2\/users\/26148"}],"replies":[{"embeddable":true,"href":"https:\/\/resarquitectura.blogs.upv.es\/index.php?rest_route=%2Fwp%2Fv2%2Fcomments&post=19706"}],"version-history":[{"count":2,"href":"https:\/\/resarquitectura.blogs.upv.es\/index.php?rest_route=\/wp\/v2\/pages\/19706\/revisions"}],"predecessor-version":[{"id":21149,"href":"https:\/\/resarquitectura.blogs.upv.es\/index.php?rest_route=\/wp\/v2\/pages\/19706\/revisions\/21149"}],"wp:attachment":[{"href":"https:\/\/resarquitectura.blogs.upv.es\/index.php?rest_route=%2Fwp%2Fv2%2Fmedia&parent=19706"}],"curies":[{"name":"wp","href":"https:\/\/api.w.org\/{rel}","templated":true}]}}