{"id":19713,"date":"2021-12-22T12:56:32","date_gmt":"2021-12-22T11:56:32","guid":{"rendered":"https:\/\/resarquitectura.blogs.upv.es\/?page_id=19713"},"modified":"2021-12-22T12:59:38","modified_gmt":"2021-12-22T11:59:38","slug":"estudio-preliminar-del-castillo-de-bellver-palma-de-mallorca-2-3-2-2","status":"publish","type":"page","link":"https:\/\/resarquitectura.blogs.upv.es\/?page_id=19713","title":{"rendered":"Plan Director del yacimiento arqueol\u00f3gico de la Alquer\u00eda de Bofilla"},"content":{"rendered":"<p><\/p>\n<p style=\"text-align: justify\"><strong>A\u00f1o:<\/strong> 2021<\/p>\n<p style=\"text-align: justify\"><strong>Ubicaci\u00f3n:<\/strong> B\u00e9tera (Valencia)<\/p>\n<p style=\"text-align: justify\"><strong>Promotor:<\/strong> Ayuntamiento de B\u00e9tera<\/p>\n<p style=\"text-align: justify\"><strong>Arquitectos:<\/strong> Camilla Mileto y Fernando Vegas L\u00f3pez-Manzanares<\/p>\n<p style=\"text-align: justify\"><strong>Colaboradores:<\/strong> Sergio Ort\u00edn Molina, Valentina Cristini, Mar\u00eda Jos\u00e9 Vi\u00f1als Blasco, Sandra Ombuena Benlloch, Sergio Manzano Fern\u00e1ndez, Salvador Tom\u00e1s M\u00e1rquez, Pablo Rodr\u00edguez Navarro, Teresa Gil Piqueras, Miguel \u00c1ngel Ort\u00edn Molina, Guillermo Guimaraens Igual, Jos\u00e9 Ferrandis Montesinos, Antonio S\u00e1ez Landete, Adolfo Alonso Dur\u00e1, Santiago Tormo Esteve, Rafael Royo Pastor<\/p>\n<p>ngg_shortcode_0_placeholder<a href=\"http:\/\/resarquitectura.blogs.upv.es\/?page_id=2606\">Volver<\/a><\/p>","protected":false},"excerpt":{"rendered":"<p class=\"excerpt\">A\u00f1o: 2021 Ubicaci\u00f3n: B\u00e9tera (Valencia) Promotor: Ayuntamiento de B\u00e9tera Arquitectos: Camilla Mileto y Fernando Vegas L\u00f3pez-Manzanares Colaboradores: Sergio Ort\u00edn Molina, Valentina Cristini, Mar\u00eda Jos\u00e9 Vi\u00f1als Blasco, Sandra Ombuena Benlloch, Sergio Manzano Fern\u00e1ndez, Salvador Tom\u00e1s M\u00e1rquez, Pablo Rodr\u00edguez Navarro, Teresa Gil Piqueras, Miguel \u00c1ngel Ort\u00edn Molina, Guillermo Guimaraens Igual, Jos\u00e9 Ferrandis Montesinos, Antonio S\u00e1ez Landete, Adolfo Alonso Dur\u00e1, Santiago Tormo Esteve,&hellip;<\/p>\n<p class=\"more-link-p\"><a class=\"btn btn-default\" href=\"https:\/\/resarquitectura.blogs.upv.es\/?page_id=19713\">Read more<\/a><\/p>\n","protected":false},"author":26148,"featured_media":0,"parent":0,"menu_order":0,"comment_status":"closed","ping_status":"closed","template":"","meta":{"ngg_post_thumbnail":0,"footnotes":""},"class_list":["post-19713","page","type-page","status-publish","hentry"],"aioseo_notices":[],"_links":{"self":[{"href":"https:\/\/resarquitectura.blogs.upv.es\/index.php?rest_route=\/wp\/v2\/pages\/19713","targetHints":{"allow":["GET"]}}],"collection":[{"href":"https:\/\/resarquitectura.blogs.upv.es\/index.php?rest_route=\/wp\/v2\/pages"}],"about":[{"href":"https:\/\/resarquitectura.blogs.upv.es\/index.php?rest_route=\/wp\/v2\/types\/page"}],"author":[{"embeddable":true,"href":"https:\/\/resarquitectura.blogs.upv.es\/index.php?rest_route=\/wp\/v2\/users\/26148"}],"replies":[{"embeddable":true,"href":"https:\/\/resarquitectura.blogs.upv.es\/index.php?rest_route=%2Fwp%2Fv2%2Fcomments&post=19713"}],"version-history":[{"count":2,"href":"https:\/\/resarquitectura.blogs.upv.es\/index.php?rest_route=\/wp\/v2\/pages\/19713\/revisions"}],"predecessor-version":[{"id":19724,"href":"https:\/\/resarquitectura.blogs.upv.es\/index.php?rest_route=\/wp\/v2\/pages\/19713\/revisions\/19724"}],"wp:attachment":[{"href":"https:\/\/resarquitectura.blogs.upv.es\/index.php?rest_route=%2Fwp%2Fv2%2Fmedia&parent=19713"}],"curies":[{"name":"wp","href":"https:\/\/api.w.org\/{rel}","templated":true}]}}