{"id":19725,"date":"2021-12-22T13:24:04","date_gmt":"2021-12-22T12:24:04","guid":{"rendered":"https:\/\/resarquitectura.blogs.upv.es\/?page_id=19725"},"modified":"2024-10-03T10:05:21","modified_gmt":"2024-10-03T09:05:21","slug":"proyecto-de-restauracion-de-la-torreta-del-castillo-de-jerica-2-2-3","status":"publish","type":"page","link":"https:\/\/resarquitectura.blogs.upv.es\/?page_id=19725","title":{"rendered":"Proyecto de restauraci\u00f3n de la Torre 7 del Castillo de La Vilavella y su entorno"},"content":{"rendered":"<p><\/p>\n<p style=\"text-align: justify\"><strong>A\u00f1o:&nbsp;<\/strong>2021<\/p>\n<p style=\"text-align: justify\"><strong>Emplazamiento:<\/strong> La Vilavella (Castell\u00f3n)<\/p>\n<p style=\"text-align: justify\"><strong>Promotor:<\/strong> Ayuntamiento de La Vilavella<\/p>\n<p style=\"text-align: justify\"><strong>Arquitectos:<\/strong>&nbsp;Camilla Mileto y Fernando Vegas<\/p>\n<p style=\"text-align: justify\"><strong>Colaboradores: <\/strong>Sergio Manzano Fern\u00e1ndez, Salvador Tom\u00e1s M\u00e1rquez, Antonio S\u00e1ez Landete<\/p>\nngg_shortcode_0_placeholder\n<p><a href=\"http:\/\/resarquitectura.blogs.upv.es\/?page_id=92\">Volver<\/a><\/p>\n<p>&nbsp;<\/p>\n\n\n<p><\/p>","protected":false},"excerpt":{"rendered":"<p class=\"excerpt\">A\u00f1o:&nbsp;2021 Emplazamiento: La Vilavella (Castell\u00f3n) Promotor: Ayuntamiento de La Vilavella Arquitectos:&nbsp;Camilla Mileto y Fernando Vegas Colaboradores: Sergio Manzano Fern\u00e1ndez, Salvador Tom\u00e1s M\u00e1rquez, Antonio S\u00e1ez Landete Volver &nbsp;<\/p>\n<p class=\"more-link-p\"><a class=\"btn btn-default\" href=\"https:\/\/resarquitectura.blogs.upv.es\/?page_id=19725\">Read more<\/a><\/p>\n","protected":false},"author":26148,"featured_media":0,"parent":0,"menu_order":0,"comment_status":"closed","ping_status":"closed","template":"","meta":{"ngg_post_thumbnail":0,"footnotes":""},"class_list":["post-19725","page","type-page","status-publish","hentry"],"aioseo_notices":[],"_links":{"self":[{"href":"https:\/\/resarquitectura.blogs.upv.es\/index.php?rest_route=\/wp\/v2\/pages\/19725","targetHints":{"allow":["GET"]}}],"collection":[{"href":"https:\/\/resarquitectura.blogs.upv.es\/index.php?rest_route=\/wp\/v2\/pages"}],"about":[{"href":"https:\/\/resarquitectura.blogs.upv.es\/index.php?rest_route=\/wp\/v2\/types\/page"}],"author":[{"embeddable":true,"href":"https:\/\/resarquitectura.blogs.upv.es\/index.php?rest_route=\/wp\/v2\/users\/26148"}],"replies":[{"embeddable":true,"href":"https:\/\/resarquitectura.blogs.upv.es\/index.php?rest_route=%2Fwp%2Fv2%2Fcomments&post=19725"}],"version-history":[{"count":2,"href":"https:\/\/resarquitectura.blogs.upv.es\/index.php?rest_route=\/wp\/v2\/pages\/19725\/revisions"}],"predecessor-version":[{"id":21377,"href":"https:\/\/resarquitectura.blogs.upv.es\/index.php?rest_route=\/wp\/v2\/pages\/19725\/revisions\/21377"}],"wp:attachment":[{"href":"https:\/\/resarquitectura.blogs.upv.es\/index.php?rest_route=%2Fwp%2Fv2%2Fmedia&parent=19725"}],"curies":[{"name":"wp","href":"https:\/\/api.w.org\/{rel}","templated":true}]}}