{"id":19752,"date":"2021-12-27T17:57:55","date_gmt":"2021-12-27T16:57:55","guid":{"rendered":"https:\/\/resarquitectura.blogs.upv.es\/?page_id=19752"},"modified":"2021-12-27T18:01:47","modified_gmt":"2021-12-27T17:01:47","slug":"estudio-preliminar-del-castillo-de-bellver-palma-de-mallorca-2-3-2-2-2","status":"publish","type":"page","link":"https:\/\/resarquitectura.blogs.upv.es\/?page_id=19752","title":{"rendered":"Plan Director de la iglesia San Jaime Ap\u00f3stol en Algemes\u00ed"},"content":{"rendered":"<p><\/p>\n<p style=\"text-align: justify\"><strong>A\u00f1o:<\/strong> 2021<\/p>\n<p style=\"text-align: justify\"><strong>Ubicaci\u00f3n:<\/strong> Algemes\u00ed (Valencia)<\/p>\n<p style=\"text-align: justify\"><strong>Promotor:<\/strong> Ayuntamiento de Algemes\u00ed<\/p>\n<p style=\"text-align: justify\"><strong>Arquitectos:<\/strong> Camilla Mileto y Fernando Vegas L\u00f3pez-Manzanares<\/p>\n<p style=\"text-align: justify\"><strong>Colaboradores:<\/strong> Marina Elia, Anna P\u00e9rez Vila, Sergio Manzano Fern\u00e1ndez, Salvador Tom\u00e1s M\u00e1rquez, Lisa Cattoli, Alexandra Maria C\u00eempean, Pablo Rodr\u00edguez Navarro, Teresa Gil Piqueras, Federico Iborra Bernad, Jos\u00e9 Ferrandis Montesinos, Antonio S\u00e1ez Landete, Rafael Royo Pastor, Santiago Tormo Esteve, Adolfo Alonso Dur\u00e1, Jose Luis Calabuig<\/p>\n<p>ngg_shortcode_0_placeholder<a href=\"http:\/\/resarquitectura.blogs.upv.es\/?page_id=2606\">Volver<\/a><\/p>","protected":false},"excerpt":{"rendered":"<p class=\"excerpt\">A\u00f1o: 2021 Ubicaci\u00f3n: Algemes\u00ed (Valencia) Promotor: Ayuntamiento de Algemes\u00ed Arquitectos: Camilla Mileto y Fernando Vegas L\u00f3pez-Manzanares Colaboradores: Marina Elia, Anna P\u00e9rez Vila, Sergio Manzano Fern\u00e1ndez, Salvador Tom\u00e1s M\u00e1rquez, Lisa Cattoli, Alexandra Maria C\u00eempean, Pablo Rodr\u00edguez Navarro, Teresa Gil Piqueras, Federico Iborra Bernad, Jos\u00e9 Ferrandis Montesinos, Antonio S\u00e1ez Landete, Rafael Royo Pastor, Santiago Tormo Esteve, Adolfo Alonso Dur\u00e1, Jose Luis Calabuig&hellip;<\/p>\n<p class=\"more-link-p\"><a class=\"btn btn-default\" href=\"https:\/\/resarquitectura.blogs.upv.es\/?page_id=19752\">Read more<\/a><\/p>\n","protected":false},"author":26148,"featured_media":0,"parent":0,"menu_order":0,"comment_status":"closed","ping_status":"closed","template":"","meta":{"ngg_post_thumbnail":0,"footnotes":""},"class_list":["post-19752","page","type-page","status-publish","hentry"],"aioseo_notices":[],"_links":{"self":[{"href":"https:\/\/resarquitectura.blogs.upv.es\/index.php?rest_route=\/wp\/v2\/pages\/19752","targetHints":{"allow":["GET"]}}],"collection":[{"href":"https:\/\/resarquitectura.blogs.upv.es\/index.php?rest_route=\/wp\/v2\/pages"}],"about":[{"href":"https:\/\/resarquitectura.blogs.upv.es\/index.php?rest_route=\/wp\/v2\/types\/page"}],"author":[{"embeddable":true,"href":"https:\/\/resarquitectura.blogs.upv.es\/index.php?rest_route=\/wp\/v2\/users\/26148"}],"replies":[{"embeddable":true,"href":"https:\/\/resarquitectura.blogs.upv.es\/index.php?rest_route=%2Fwp%2Fv2%2Fcomments&post=19752"}],"version-history":[{"count":2,"href":"https:\/\/resarquitectura.blogs.upv.es\/index.php?rest_route=\/wp\/v2\/pages\/19752\/revisions"}],"predecessor-version":[{"id":19758,"href":"https:\/\/resarquitectura.blogs.upv.es\/index.php?rest_route=\/wp\/v2\/pages\/19752\/revisions\/19758"}],"wp:attachment":[{"href":"https:\/\/resarquitectura.blogs.upv.es\/index.php?rest_route=%2Fwp%2Fv2%2Fmedia&parent=19752"}],"curies":[{"name":"wp","href":"https:\/\/api.w.org\/{rel}","templated":true}]}}