{"id":199,"date":"2016-02-10T13:58:49","date_gmt":"2016-02-10T12:58:49","guid":{"rendered":"http:\/\/resarquitectura.blogs.upv.es\/?page_id=199"},"modified":"2020-07-22T18:02:20","modified_gmt":"2020-07-22T17:02:20","slug":"2010-torre-bofilla","status":"publish","type":"page","link":"https:\/\/resarquitectura.blogs.upv.es\/?page_id=199","title":{"rendered":"Torre Bofilla"},"content":{"rendered":"<p><strong>A\u00f1o:&nbsp;<\/strong>2009-2010<\/p>\n<p><strong>Ubicaci\u00f3n:&nbsp;<\/strong>Yacimiento isl\u00e1mica de Bofilla, B\u00e9tera,&nbsp;Valencia<\/p>\n<p><strong>Promotor:&nbsp;<\/strong>Ayuntamiento de B\u00e9tera<\/p>\n<p><strong>Arquitectos:&nbsp;<\/strong>Fernando Vegas L\u00f3pez-Manzanares y Camilla Mileto<\/p>\n<p><strong>Arquitecto t\u00e9cnico:&nbsp;<\/strong>Raquel Gim\u00e9nez Ib\u00e1\u00f1ez<\/p>\n<p style=\"text-align: justify\"><strong>Colaboradores: <\/strong>Valentina Cristini, Maria Diodato, F. Javier Gallego Baviera, M. Soledad Garc\u00eda S\u00e1ez,&nbsp;Luca Maioli, Paolo Privitera, Jos\u00e9 Miguel Zapata Peral<\/p>\n<p><strong>Arqueolog\u00eda y musealizaci\u00f3n:&nbsp;<\/strong>Josep M. Burriel y Anna Lorena Ruiz<\/p>\n<p><strong>C\u00e1lculo estructural:<\/strong> Adolfo Alonso Dur\u00e0 y Arturo Mart\u00ednez Boquera<\/p>\n<p><strong>Premios:&nbsp;<\/strong><\/p>\n<ul>\n<li>Premio <em>Arquitectura Terra Ib\u00e9rica<\/em>. 1er Premio. 2019<\/li>\n<li>Premios<em> Europa Nostra.&nbsp;<\/em>Menci\u00f3n especial. 2013<\/li>\n<li>Premio Internazionale<em> Domus Restauro e Conservazione &#8211; Fassa Bortolo<\/em>. 1er Premio. 2012<\/li>\n<li>Premio Internazionale di Restauro Architettonico&nbsp;<em>Domus Ferrara<\/em>. Gold Medal. 2011<\/li>\n<li><em>Label Outstanding Earthen Architecture in Europe<\/em>. 2011<\/li>\n<\/ul>\n<p>ngg_shortcode_0_placeholder<a href=\"http:\/\/resarquitectura.blogs.upv.es\/?page_id=92\">Volver<\/a><\/p>","protected":false},"excerpt":{"rendered":"<p class=\"excerpt\">A\u00f1o:&nbsp;2009-2010 Ubicaci\u00f3n:&nbsp;Yacimiento isl\u00e1mica de Bofilla, B\u00e9tera,&nbsp;Valencia Promotor:&nbsp;Ayuntamiento de B\u00e9tera Arquitectos:&nbsp;Fernando Vegas L\u00f3pez-Manzanares y Camilla Mileto Arquitecto t\u00e9cnico:&nbsp;Raquel Gim\u00e9nez Ib\u00e1\u00f1ez Colaboradores: Valentina Cristini, Maria Diodato, F. Javier Gallego Baviera, M. Soledad Garc\u00eda S\u00e1ez,&nbsp;Luca Maioli, Paolo Privitera, Jos\u00e9 Miguel Zapata Peral Arqueolog\u00eda y musealizaci\u00f3n:&nbsp;Josep M. Burriel y Anna Lorena Ruiz C\u00e1lculo estructural: Adolfo Alonso Dur\u00e0 y Arturo Mart\u00ednez Boquera Premios:&nbsp; Premio Arquitectura&hellip;<\/p>\n<p class=\"more-link-p\"><a class=\"btn btn-default\" href=\"https:\/\/resarquitectura.blogs.upv.es\/?page_id=199\">Read more<\/a><\/p>\n","protected":false},"author":5990,"featured_media":0,"parent":0,"menu_order":0,"comment_status":"closed","ping_status":"closed","template":"","meta":{"ngg_post_thumbnail":0,"footnotes":""},"class_list":["post-199","page","type-page","status-publish","hentry"],"aioseo_notices":[],"_links":{"self":[{"href":"https:\/\/resarquitectura.blogs.upv.es\/index.php?rest_route=\/wp\/v2\/pages\/199","targetHints":{"allow":["GET"]}}],"collection":[{"href":"https:\/\/resarquitectura.blogs.upv.es\/index.php?rest_route=\/wp\/v2\/pages"}],"about":[{"href":"https:\/\/resarquitectura.blogs.upv.es\/index.php?rest_route=\/wp\/v2\/types\/page"}],"author":[{"embeddable":true,"href":"https:\/\/resarquitectura.blogs.upv.es\/index.php?rest_route=\/wp\/v2\/users\/5990"}],"replies":[{"embeddable":true,"href":"https:\/\/resarquitectura.blogs.upv.es\/index.php?rest_route=%2Fwp%2Fv2%2Fcomments&post=199"}],"version-history":[{"count":3,"href":"https:\/\/resarquitectura.blogs.upv.es\/index.php?rest_route=\/wp\/v2\/pages\/199\/revisions"}],"predecessor-version":[{"id":17264,"href":"https:\/\/resarquitectura.blogs.upv.es\/index.php?rest_route=\/wp\/v2\/pages\/199\/revisions\/17264"}],"wp:attachment":[{"href":"https:\/\/resarquitectura.blogs.upv.es\/index.php?rest_route=%2Fwp%2Fv2%2Fmedia&parent=199"}],"curies":[{"name":"wp","href":"https:\/\/api.w.org\/{rel}","templated":true}]}}