{"id":19911,"date":"2022-02-01T21:15:30","date_gmt":"2022-02-01T20:15:30","guid":{"rendered":"https:\/\/resarquitectura.blogs.upv.es\/?page_id=19911"},"modified":"2022-02-01T21:15:30","modified_gmt":"2022-02-01T20:15:30","slug":"muros-mixtos-de-tierra-y-madera-en-espana-aproximacion-a-su-logica-constructiva-y-caracterizacion-2-4","status":"publish","type":"page","link":"https:\/\/resarquitectura.blogs.upv.es\/?page_id=19911","title":{"rendered":"La arquitectura barroca y sus pieles de cal y t\u00e9cnicas. El caso del pla de la ciutat de Barcelona"},"content":{"rendered":"<p><strong><img loading=\"lazy\" decoding=\"async\" class=\"wp-image-19912 size-medium alignleft\" src=\"http:\/\/resarquitectura.blogs.upv.es\/wp-content\/uploads\/2022\/02\/cartel-2021-04_low-212x300.jpg\" alt=\"\" width=\"212\" height=\"300\" srcset=\"https:\/\/resarquitectura.blogs.upv.es\/wp-content\/uploads\/2022\/02\/cartel-2021-04_low-212x300.jpg 212w, https:\/\/resarquitectura.blogs.upv.es\/wp-content\/uploads\/2022\/02\/cartel-2021-04_low-724x1024.jpg 724w, https:\/\/resarquitectura.blogs.upv.es\/wp-content\/uploads\/2022\/02\/cartel-2021-04_low-768x1086.jpg 768w, https:\/\/resarquitectura.blogs.upv.es\/wp-content\/uploads\/2022\/02\/cartel-2021-04_low.jpg 1000w\" sizes=\"auto, (max-width: 212px) 100vw, 212px\" \/>T\u00edtulo:<\/strong> La arquitectura barroca y sus pieles de cal y t\u00e9cnicas. El caso del pla de la ciutat de Barcelona.<\/p>\n<p><strong>Ponente: <\/strong>Cristina Thi\u00f3 Lluch<\/p>\n<p><strong>Fecha:<\/strong> 30 de abril de 2021<\/p>\n<p><strong>Conferencia online:<\/strong> <a href=\"https:\/\/www.youtube.com\/watch?v=nY6rkf4IDLE&amp;t=1s\">Enlace a la conferencia<\/a><\/p>\n<p>&nbsp;<\/p>\n<p><a href=\"http:\/\/resarquitectura.blogs.upv.es\/?page_id=285\">Volver<\/a><\/p>","protected":false},"excerpt":{"rendered":"<p class=\"excerpt\">T\u00edtulo: La arquitectura barroca y sus pieles de cal y t\u00e9cnicas. El caso del pla de la ciutat de Barcelona. Ponente: Cristina Thi\u00f3 Lluch Fecha: 30 de abril de 2021 Conferencia online: Enlace a la conferencia &nbsp; Volver<\/p>\n<p class=\"more-link-p\"><a class=\"btn btn-default\" href=\"https:\/\/resarquitectura.blogs.upv.es\/?page_id=19911\">Read more<\/a><\/p>\n","protected":false},"author":26148,"featured_media":0,"parent":0,"menu_order":0,"comment_status":"closed","ping_status":"closed","template":"","meta":{"ngg_post_thumbnail":0,"footnotes":""},"class_list":["post-19911","page","type-page","status-publish","hentry"],"aioseo_notices":[],"_links":{"self":[{"href":"https:\/\/resarquitectura.blogs.upv.es\/index.php?rest_route=\/wp\/v2\/pages\/19911","targetHints":{"allow":["GET"]}}],"collection":[{"href":"https:\/\/resarquitectura.blogs.upv.es\/index.php?rest_route=\/wp\/v2\/pages"}],"about":[{"href":"https:\/\/resarquitectura.blogs.upv.es\/index.php?rest_route=\/wp\/v2\/types\/page"}],"author":[{"embeddable":true,"href":"https:\/\/resarquitectura.blogs.upv.es\/index.php?rest_route=\/wp\/v2\/users\/26148"}],"replies":[{"embeddable":true,"href":"https:\/\/resarquitectura.blogs.upv.es\/index.php?rest_route=%2Fwp%2Fv2%2Fcomments&post=19911"}],"version-history":[{"count":1,"href":"https:\/\/resarquitectura.blogs.upv.es\/index.php?rest_route=\/wp\/v2\/pages\/19911\/revisions"}],"predecessor-version":[{"id":19913,"href":"https:\/\/resarquitectura.blogs.upv.es\/index.php?rest_route=\/wp\/v2\/pages\/19911\/revisions\/19913"}],"wp:attachment":[{"href":"https:\/\/resarquitectura.blogs.upv.es\/index.php?rest_route=%2Fwp%2Fv2%2Fmedia&parent=19911"}],"curies":[{"name":"wp","href":"https:\/\/api.w.org\/{rel}","templated":true}]}}