{"id":20539,"date":"2023-06-09T18:07:00","date_gmt":"2023-06-09T17:07:00","guid":{"rendered":"https:\/\/resarquitectura.blogs.upv.es\/?page_id=20539"},"modified":"2023-06-13T09:51:40","modified_gmt":"2023-06-13T08:51:40","slug":"miniarquitecturas-el-imaginario-colectivo-a-traves-de-las-miniaturas-de-la-arquitectura-3-2","status":"publish","type":"page","link":"https:\/\/resarquitectura.blogs.upv.es\/?page_id=20539","title":{"rendered":"Rehabilitando El Cabanyal"},"content":{"rendered":"<p><\/p>\n<p style=\"text-align: justify\"><img loading=\"lazy\" decoding=\"async\" class=\"wp-image-20541 size-medium alignleft\" style=\"font-family: 'Open Sans', sans-serif;font-size: 16px;font-style: normal;font-weight: 400\" src=\"http:\/\/resarquitectura.blogs.upv.es\/wp-content\/uploads\/2023\/06\/Cabanyal-portada-2-300x300.jpg\" alt=\"\" width=\"300\" height=\"300\" srcset=\"https:\/\/resarquitectura.blogs.upv.es\/wp-content\/uploads\/2023\/06\/Cabanyal-portada-2-300x300.jpg 300w, https:\/\/resarquitectura.blogs.upv.es\/wp-content\/uploads\/2023\/06\/Cabanyal-portada-2-1024x1024.jpg 1024w, https:\/\/resarquitectura.blogs.upv.es\/wp-content\/uploads\/2023\/06\/Cabanyal-portada-2-150x150.jpg 150w, https:\/\/resarquitectura.blogs.upv.es\/wp-content\/uploads\/2023\/06\/Cabanyal-portada-2-768x768.jpg 768w, https:\/\/resarquitectura.blogs.upv.es\/wp-content\/uploads\/2023\/06\/Cabanyal-portada-2-1536x1536.jpg 1536w, https:\/\/resarquitectura.blogs.upv.es\/wp-content\/uploads\/2023\/06\/Cabanyal-portada-2-2048x2048.jpg 2048w\" sizes=\"auto, (max-width: 300px) 100vw, 300px\" \/><strong>T\u00edtulo completo: <\/strong>Rehabilitando el Cabanyal. Un recorrido arquitect\u00f3nico por el barrio de El Cabanyal, El Canyamelar y El Cap de Fran\u00e7a<\/p>\n<p style=\"text-align: justify\"><strong>Autores: <\/strong>Fernando Vegas, Camilla Mileto<\/p>\n<p style=\"text-align: justify\"><strong>Dise\u00f1o de portada:<\/strong> David Vegas Skoglund<\/p>\n<p><strong>Direcci\u00f3n de arte, dise\u00f1o gr\u00e1fico:<\/strong> David Vegas Skoglund, M\u00f3nica S\u00e1nchez Robles<\/p>\n<p><strong>Documentaci\u00f3n fotogr\u00e1fica, dise\u00f1o de las derivas:<\/strong> David Eduardo Morocho Jaramillo<\/p>\n<p><strong>Maquetaci\u00f3n:<\/strong> David Eduardo Morocho Jaramillo, David Vegas Skoglund, M\u00f3nica S\u00e1nchez Robles<\/p>\n<p style=\"text-align: justify\"><strong>A\u00f1o<\/strong><strong>:&nbsp;<\/strong>2023<\/p>\n<p style=\"text-align: justify\"><strong>Edita: <\/strong>Ajuntament de Val\u00e8ncia, Concejal\u00eda de Patrimonio y Recursos Humanos, Servicio de Patrimonio Hist\u00f3rico y Art\u00edstico<\/p>\n<p style=\"text-align: justify\"><strong>ISBN: <\/strong>978-84-9089-482-8<\/p>\n<p style=\"text-align: justify\">&nbsp;<\/p>\n<p>&nbsp;<\/p>\n<p style=\"text-align: justify\"><a href=\"http:\/\/resarquitectura.blogs.upv.es\/?page_id=120\">Volver<\/a><\/p>\n<p style=\"text-align: justify\">&nbsp;<\/p>\n<p><\/p>","protected":false},"excerpt":{"rendered":"<p class=\"excerpt\">T\u00edtulo completo: Rehabilitando el Cabanyal. Un recorrido arquitect\u00f3nico por el barrio de El Cabanyal, El Canyamelar y El Cap de Fran\u00e7a Autores: Fernando Vegas, Camilla Mileto Dise\u00f1o de portada: David Vegas Skoglund Direcci\u00f3n de arte, dise\u00f1o gr\u00e1fico: David Vegas Skoglund, M\u00f3nica S\u00e1nchez Robles Documentaci\u00f3n fotogr\u00e1fica, dise\u00f1o de las derivas: David Eduardo Morocho Jaramillo Maquetaci\u00f3n: David Eduardo Morocho Jaramillo, David Vegas&hellip;<\/p>\n<p class=\"more-link-p\"><a class=\"btn btn-default\" href=\"https:\/\/resarquitectura.blogs.upv.es\/?page_id=20539\">Read more<\/a><\/p>\n","protected":false},"author":26148,"featured_media":0,"parent":0,"menu_order":0,"comment_status":"closed","ping_status":"closed","template":"","meta":{"ngg_post_thumbnail":0,"footnotes":""},"class_list":["post-20539","page","type-page","status-publish","hentry"],"aioseo_notices":[],"_links":{"self":[{"href":"https:\/\/resarquitectura.blogs.upv.es\/index.php?rest_route=\/wp\/v2\/pages\/20539","targetHints":{"allow":["GET"]}}],"collection":[{"href":"https:\/\/resarquitectura.blogs.upv.es\/index.php?rest_route=\/wp\/v2\/pages"}],"about":[{"href":"https:\/\/resarquitectura.blogs.upv.es\/index.php?rest_route=\/wp\/v2\/types\/page"}],"author":[{"embeddable":true,"href":"https:\/\/resarquitectura.blogs.upv.es\/index.php?rest_route=\/wp\/v2\/users\/26148"}],"replies":[{"embeddable":true,"href":"https:\/\/resarquitectura.blogs.upv.es\/index.php?rest_route=%2Fwp%2Fv2%2Fcomments&post=20539"}],"version-history":[{"count":3,"href":"https:\/\/resarquitectura.blogs.upv.es\/index.php?rest_route=\/wp\/v2\/pages\/20539\/revisions"}],"predecessor-version":[{"id":20587,"href":"https:\/\/resarquitectura.blogs.upv.es\/index.php?rest_route=\/wp\/v2\/pages\/20539\/revisions\/20587"}],"wp:attachment":[{"href":"https:\/\/resarquitectura.blogs.upv.es\/index.php?rest_route=%2Fwp%2Fv2%2Fmedia&parent=20539"}],"curies":[{"name":"wp","href":"https:\/\/api.w.org\/{rel}","templated":true}]}}