{"id":20676,"date":"2023-10-17T10:03:06","date_gmt":"2023-10-17T09:03:06","guid":{"rendered":"https:\/\/resarquitectura.blogs.upv.es\/?page_id=20676"},"modified":"2024-10-03T10:06:50","modified_gmt":"2024-10-03T09:06:50","slug":"proyecto-de-restauracion-de-la-torreta-del-castillo-de-jerica-2-2-3-2-2","status":"publish","type":"page","link":"https:\/\/resarquitectura.blogs.upv.es\/?page_id=20676","title":{"rendered":"Proyecto de restauraci\u00f3n de una barraca en El Palmar"},"content":{"rendered":"<p><\/p>\n<p style=\"text-align: justify\"><strong>A\u00f1o:&nbsp;<\/strong>2021-2023<\/p>\n<p style=\"text-align: justify\"><strong>Emplazamiento:<\/strong> El Palmar (Valencia)<\/p>\n<p style=\"text-align: justify\"><strong>Promotor:<\/strong> Privado<\/p>\n<p style=\"text-align: justify\"><strong>Arquitectos:<\/strong>&nbsp;Camilla Mileto y Fernando Vegas<\/p>\n<p style=\"text-align: justify\"><strong>Colaboradores: <\/strong>M\u00aa Soledad Garc\u00eda S\u00e1ez, Salvador Tom\u00e1s M\u00e1rquez, Giorgia di Domenico, Marina Elia, Alicia Hueto Escobar, Laura Villacampa Crespo, Sergio Manzano Fern\u00e1ndez<\/p>\nngg_shortcode_0_placeholder\n<p><a href=\"http:\/\/resarquitectura.blogs.upv.es\/?page_id=92\">Volver<\/a><\/p>\n<p>&nbsp;<\/p>\n\n\n<p><\/p>","protected":false},"excerpt":{"rendered":"<p class=\"excerpt\">A\u00f1o:&nbsp;2021-2023 Emplazamiento: El Palmar (Valencia) Promotor: Privado Arquitectos:&nbsp;Camilla Mileto y Fernando Vegas Colaboradores: M\u00aa Soledad Garc\u00eda S\u00e1ez, Salvador Tom\u00e1s M\u00e1rquez, Giorgia di Domenico, Marina Elia, Alicia Hueto Escobar, Laura Villacampa Crespo, Sergio Manzano Fern\u00e1ndez Volver &nbsp;<\/p>\n<p class=\"more-link-p\"><a class=\"btn btn-default\" href=\"https:\/\/resarquitectura.blogs.upv.es\/?page_id=20676\">Read more<\/a><\/p>\n","protected":false},"author":26148,"featured_media":0,"parent":0,"menu_order":0,"comment_status":"closed","ping_status":"closed","template":"","meta":{"ngg_post_thumbnail":0,"footnotes":""},"class_list":["post-20676","page","type-page","status-publish","hentry"],"aioseo_notices":[],"_links":{"self":[{"href":"https:\/\/resarquitectura.blogs.upv.es\/index.php?rest_route=\/wp\/v2\/pages\/20676","targetHints":{"allow":["GET"]}}],"collection":[{"href":"https:\/\/resarquitectura.blogs.upv.es\/index.php?rest_route=\/wp\/v2\/pages"}],"about":[{"href":"https:\/\/resarquitectura.blogs.upv.es\/index.php?rest_route=\/wp\/v2\/types\/page"}],"author":[{"embeddable":true,"href":"https:\/\/resarquitectura.blogs.upv.es\/index.php?rest_route=\/wp\/v2\/users\/26148"}],"replies":[{"embeddable":true,"href":"https:\/\/resarquitectura.blogs.upv.es\/index.php?rest_route=%2Fwp%2Fv2%2Fcomments&post=20676"}],"version-history":[{"count":2,"href":"https:\/\/resarquitectura.blogs.upv.es\/index.php?rest_route=\/wp\/v2\/pages\/20676\/revisions"}],"predecessor-version":[{"id":21379,"href":"https:\/\/resarquitectura.blogs.upv.es\/index.php?rest_route=\/wp\/v2\/pages\/20676\/revisions\/21379"}],"wp:attachment":[{"href":"https:\/\/resarquitectura.blogs.upv.es\/index.php?rest_route=%2Fwp%2Fv2%2Fmedia&parent=20676"}],"curies":[{"name":"wp","href":"https:\/\/api.w.org\/{rel}","templated":true}]}}