{"id":21051,"date":"2023-10-19T15:41:11","date_gmt":"2023-10-19T14:41:11","guid":{"rendered":"https:\/\/resarquitectura.blogs.upv.es\/?page_id=21051"},"modified":"2023-10-19T15:41:12","modified_gmt":"2023-10-19T14:41:12","slug":"estudio-preliminar-del-castillo-de-bellver-palma-de-mallorca-3","status":"publish","type":"page","link":"https:\/\/resarquitectura.blogs.upv.es\/?page_id=21051","title":{"rendered":"Estudio de patolog\u00edas y an\u00e1lisis estructural del convento de San Jos\u00e9 de las Carmelitas Descalzas de Caravaca de la Cruz (Murcia)"},"content":{"rendered":"<p><strong>A\u00f1o:<\/strong> 2022<\/p>\n<p><strong>Ubicaci\u00f3n:<\/strong> Caravaca de la Cruz (Murcia)<\/p>\n<p><strong>Promotor:<\/strong> Consejer\u00eda de Presidencia, Turismo y Deportes, a trav\u00e9s del Instituto de Turismo de la Regi\u00f3n de Murcia<\/p>\n<p><strong>Arquitectos:<\/strong> Camilla Mileto y Fernando Vegas L\u00f3pez-Manzanares<\/p>\n<p><strong>Colaboradores:<\/strong> Francisco Sandoval G\u00f3mez, Alicia Hueto Escobar, Beatriz Mart\u00edn Peinado, Adolfo Alonso Dur\u00e1, Santiago Tormo Esteve, Eduardo Lama-Ossorio Blanch, EVANIA S.L., Stefania Farina, Francesca Trizio, Salvador Tom\u00e1s M\u00e1rquez, Arqueotec S.L.<\/p>\n<p>ngg_shortcode_0_placeholder<a href=\"http:\/\/resarquitectura.blogs.upv.es\/?page_id=2606\">Volver<\/a><\/p>\n<p><\/p>","protected":false},"excerpt":{"rendered":"<p class=\"excerpt\">A\u00f1o: 2022 Ubicaci\u00f3n: Caravaca de la Cruz (Murcia) Promotor: Consejer\u00eda de Presidencia, Turismo y Deportes, a trav\u00e9s del Instituto de Turismo de la Regi\u00f3n de Murcia Arquitectos: Camilla Mileto y Fernando Vegas L\u00f3pez-Manzanares Colaboradores: Francisco Sandoval G\u00f3mez, Alicia Hueto Escobar, Beatriz Mart\u00edn Peinado, Adolfo Alonso Dur\u00e1, Santiago Tormo Esteve, Eduardo Lama-Ossorio Blanch, EVANIA S.L., Stefania Farina, Francesca Trizio, Salvador Tom\u00e1s&hellip;<\/p>\n<p class=\"more-link-p\"><a class=\"btn btn-default\" href=\"https:\/\/resarquitectura.blogs.upv.es\/?page_id=21051\">Read more<\/a><\/p>\n","protected":false},"author":26148,"featured_media":0,"parent":0,"menu_order":0,"comment_status":"closed","ping_status":"closed","template":"","meta":{"ngg_post_thumbnail":0,"footnotes":""},"class_list":["post-21051","page","type-page","status-publish","hentry"],"aioseo_notices":[],"_links":{"self":[{"href":"https:\/\/resarquitectura.blogs.upv.es\/index.php?rest_route=\/wp\/v2\/pages\/21051","targetHints":{"allow":["GET"]}}],"collection":[{"href":"https:\/\/resarquitectura.blogs.upv.es\/index.php?rest_route=\/wp\/v2\/pages"}],"about":[{"href":"https:\/\/resarquitectura.blogs.upv.es\/index.php?rest_route=\/wp\/v2\/types\/page"}],"author":[{"embeddable":true,"href":"https:\/\/resarquitectura.blogs.upv.es\/index.php?rest_route=\/wp\/v2\/users\/26148"}],"replies":[{"embeddable":true,"href":"https:\/\/resarquitectura.blogs.upv.es\/index.php?rest_route=%2Fwp%2Fv2%2Fcomments&post=21051"}],"version-history":[{"count":1,"href":"https:\/\/resarquitectura.blogs.upv.es\/index.php?rest_route=\/wp\/v2\/pages\/21051\/revisions"}],"predecessor-version":[{"id":21052,"href":"https:\/\/resarquitectura.blogs.upv.es\/index.php?rest_route=\/wp\/v2\/pages\/21051\/revisions\/21052"}],"wp:attachment":[{"href":"https:\/\/resarquitectura.blogs.upv.es\/index.php?rest_route=%2Fwp%2Fv2%2Fmedia&parent=21051"}],"curies":[{"name":"wp","href":"https:\/\/api.w.org\/{rel}","templated":true}]}}