{"id":21055,"date":"2023-10-19T16:16:35","date_gmt":"2023-10-19T15:16:35","guid":{"rendered":"https:\/\/resarquitectura.blogs.upv.es\/?page_id=21055"},"modified":"2024-10-03T10:10:25","modified_gmt":"2024-10-03T09:10:25","slug":"estudio-preliminar-del-castillo-de-bellver-palma-de-mallorca-4","status":"publish","type":"page","link":"https:\/\/resarquitectura.blogs.upv.es\/?page_id=21055","title":{"rendered":"Proyecto de consolidaci\u00f3n del Ba\u00f1o de Hernando de Zafra (Granada)"},"content":{"rendered":"<p><strong>A\u00f1o:<\/strong> 2022-2023<\/p>\n<p><strong>Ubicaci\u00f3n:<\/strong> C\/ Elvira (cruce callej\u00f3n de San Andr\u00e9s), Granada<\/p>\n<p><strong>Promotor:<\/strong> Patronato de la Alhambra y Generalife. Consejer\u00eda de Cultura y Patrimonio Hist\u00f3rico de la Junta de Andaluc\u00eda<\/p>\n<p><strong>Arquitectos:<\/strong> Camilla Mileto y Fernando Vegas L\u00f3pez-Manzanares<\/p>\n<p><strong>Colaboradores: <\/strong>Sergio Ort\u00edn Molina, Miguel \u00c1ngel Ort\u00edn Molina, Matilde Caruso, Valentina Cristini, Marina Elia, Stefania Farina, Lidia Garc\u00eda Soriano, Alicia Hueto Escobar, David Morocho Jaramillo, Sergio Manzano Fern\u00e1ndez, Anna P\u00e9rez Vila, Eva Tortajada Montalv\u00e1, Francesca Trizio, Adolfo Alonso Dur\u00e1, Ricardo Perell\u00f3 Rosso, Pablo Rodr\u00edguez Navarro, Teresa Gil Piqueras, Santiago Tormo Esteve, Roberto Quintana Asia, Ana Laborel Ib\u00e1\u00f1ez, Mar\u00eda Lid\u00f3n de Miguel, Francisco Sandoval G\u00f3mez, Eduardo Loma-Ossorio Blanch, Salvador Tom\u00e1s M\u00e1rquez<\/p>\n<p>ngg_shortcode_0_placeholder<a href=\"http:\/\/resarquitectura.blogs.upv.es\/?page_id=2606\">Volver<\/a><\/p>\n<p><\/p>","protected":false},"excerpt":{"rendered":"<p class=\"excerpt\">A\u00f1o: 2022-2023 Ubicaci\u00f3n: C\/ Elvira (cruce callej\u00f3n de San Andr\u00e9s), Granada Promotor: Patronato de la Alhambra y Generalife. Consejer\u00eda de Cultura y Patrimonio Hist\u00f3rico de la Junta de Andaluc\u00eda Arquitectos: Camilla Mileto y Fernando Vegas L\u00f3pez-Manzanares Colaboradores: Sergio Ort\u00edn Molina, Miguel \u00c1ngel Ort\u00edn Molina, Matilde Caruso, Valentina Cristini, Marina Elia, Stefania Farina, Lidia Garc\u00eda Soriano, Alicia Hueto Escobar, David Morocho&hellip;<\/p>\n<p class=\"more-link-p\"><a class=\"btn btn-default\" href=\"https:\/\/resarquitectura.blogs.upv.es\/?page_id=21055\">Read more<\/a><\/p>\n","protected":false},"author":26148,"featured_media":0,"parent":0,"menu_order":0,"comment_status":"closed","ping_status":"closed","template":"","meta":{"ngg_post_thumbnail":0,"footnotes":""},"class_list":["post-21055","page","type-page","status-publish","hentry"],"aioseo_notices":[],"_links":{"self":[{"href":"https:\/\/resarquitectura.blogs.upv.es\/index.php?rest_route=\/wp\/v2\/pages\/21055","targetHints":{"allow":["GET"]}}],"collection":[{"href":"https:\/\/resarquitectura.blogs.upv.es\/index.php?rest_route=\/wp\/v2\/pages"}],"about":[{"href":"https:\/\/resarquitectura.blogs.upv.es\/index.php?rest_route=\/wp\/v2\/types\/page"}],"author":[{"embeddable":true,"href":"https:\/\/resarquitectura.blogs.upv.es\/index.php?rest_route=\/wp\/v2\/users\/26148"}],"replies":[{"embeddable":true,"href":"https:\/\/resarquitectura.blogs.upv.es\/index.php?rest_route=%2Fwp%2Fv2%2Fcomments&post=21055"}],"version-history":[{"count":1,"href":"https:\/\/resarquitectura.blogs.upv.es\/index.php?rest_route=\/wp\/v2\/pages\/21055\/revisions"}],"predecessor-version":[{"id":21384,"href":"https:\/\/resarquitectura.blogs.upv.es\/index.php?rest_route=\/wp\/v2\/pages\/21055\/revisions\/21384"}],"wp:attachment":[{"href":"https:\/\/resarquitectura.blogs.upv.es\/index.php?rest_route=%2Fwp%2Fv2%2Fmedia&parent=21055"}],"curies":[{"name":"wp","href":"https:\/\/api.w.org\/{rel}","templated":true}]}}