{"id":21076,"date":"2023-10-19T17:53:20","date_gmt":"2023-10-19T16:53:20","guid":{"rendered":"https:\/\/resarquitectura.blogs.upv.es\/?page_id=21076"},"modified":"2024-10-03T10:08:54","modified_gmt":"2024-10-03T09:08:54","slug":"estudio-preliminar-del-castillo-de-bellver-palma-de-mallorca-5","status":"publish","type":"page","link":"https:\/\/resarquitectura.blogs.upv.es\/?page_id=21076","title":{"rendered":"Proyecto de restauraci\u00f3n del Horno medieval de Petr\u00e9s (Valencia)"},"content":{"rendered":"<p><strong>A\u00f1o:<\/strong> 2022<\/p>\n<p><strong>Ubicaci\u00f3n:<\/strong> Petr\u00e9s (Valencia)<\/p>\n<p><strong>Promotor:<\/strong> Ayuntamiento de Petr\u00e9s<\/p>\n<p><strong>Arquitectos:<\/strong> Camilla Mileto y Fernando Vegas L\u00f3pez-Manzanares<\/p>\n<p><strong>Colaboradores: <\/strong>Laura Rom\u00e1n Santiana, Salvador Tom\u00e1s M\u00e1rquez, Pablo Rodr\u00edguez Navarro, Mar\u00eda Teresa Gil Piqueras, Anna P\u00e9rez Vila, Jos\u00e9 Ferrandis Montesinos, Antonio S\u00e1ez Landete<\/p>\n<p>ngg_shortcode_0_placeholder<a href=\"http:\/\/resarquitectura.blogs.upv.es\/?page_id=2606\">Volver<\/a><\/p>\n<p><\/p>","protected":false},"excerpt":{"rendered":"<p class=\"excerpt\">A\u00f1o: 2022 Ubicaci\u00f3n: Petr\u00e9s (Valencia) Promotor: Ayuntamiento de Petr\u00e9s Arquitectos: Camilla Mileto y Fernando Vegas L\u00f3pez-Manzanares Colaboradores: Laura Rom\u00e1n Santiana, Salvador Tom\u00e1s M\u00e1rquez, Pablo Rodr\u00edguez Navarro, Mar\u00eda Teresa Gil Piqueras, Anna P\u00e9rez Vila, Jos\u00e9 Ferrandis Montesinos, Antonio S\u00e1ez Landete Volver<\/p>\n<p class=\"more-link-p\"><a class=\"btn btn-default\" href=\"https:\/\/resarquitectura.blogs.upv.es\/?page_id=21076\">Read more<\/a><\/p>\n","protected":false},"author":26148,"featured_media":0,"parent":0,"menu_order":0,"comment_status":"closed","ping_status":"closed","template":"","meta":{"ngg_post_thumbnail":0,"footnotes":""},"class_list":["post-21076","page","type-page","status-publish","hentry"],"aioseo_notices":[],"_links":{"self":[{"href":"https:\/\/resarquitectura.blogs.upv.es\/index.php?rest_route=\/wp\/v2\/pages\/21076","targetHints":{"allow":["GET"]}}],"collection":[{"href":"https:\/\/resarquitectura.blogs.upv.es\/index.php?rest_route=\/wp\/v2\/pages"}],"about":[{"href":"https:\/\/resarquitectura.blogs.upv.es\/index.php?rest_route=\/wp\/v2\/types\/page"}],"author":[{"embeddable":true,"href":"https:\/\/resarquitectura.blogs.upv.es\/index.php?rest_route=\/wp\/v2\/users\/26148"}],"replies":[{"embeddable":true,"href":"https:\/\/resarquitectura.blogs.upv.es\/index.php?rest_route=%2Fwp%2Fv2%2Fcomments&post=21076"}],"version-history":[{"count":2,"href":"https:\/\/resarquitectura.blogs.upv.es\/index.php?rest_route=\/wp\/v2\/pages\/21076\/revisions"}],"predecessor-version":[{"id":21382,"href":"https:\/\/resarquitectura.blogs.upv.es\/index.php?rest_route=\/wp\/v2\/pages\/21076\/revisions\/21382"}],"wp:attachment":[{"href":"https:\/\/resarquitectura.blogs.upv.es\/index.php?rest_route=%2Fwp%2Fv2%2Fmedia&parent=21076"}],"curies":[{"name":"wp","href":"https:\/\/api.w.org\/{rel}","templated":true}]}}