{"id":21087,"date":"2023-10-19T19:01:24","date_gmt":"2023-10-19T18:01:24","guid":{"rendered":"https:\/\/resarquitectura.blogs.upv.es\/?page_id=21087"},"modified":"2023-10-19T19:01:25","modified_gmt":"2023-10-19T18:01:25","slug":"estudio-preliminar-del-castillo-de-bellver-palma-de-mallorca-6","status":"publish","type":"page","link":"https:\/\/resarquitectura.blogs.upv.es\/?page_id=21087","title":{"rendered":"Plan director de rehabilitaci\u00f3n de les coves de Mallorca (B\u00e9tera)"},"content":{"rendered":"<p><strong>A\u00f1o:<\/strong> 2022<\/p>\n<p><strong>Ubicaci\u00f3n:<\/strong> B\u00e9tera (Valencia)<\/p>\n<p><strong>Promotor:<\/strong> Ayuntamiento de B\u00e9tera<\/p>\n<p><strong>Arquitectos:<\/strong> Camilla Mileto y Fernando Vegas L\u00f3pez-Manzanares<\/p>\n<p><strong>Colaboradores: <\/strong>Alicia Hueto Escobar, Ana Laborel Ib\u00e1\u00f1ez, Salvador Tom\u00e1s M\u00e1rquez, Francesca Trizio, Pablo Rodr\u00edguez-Navarro, Beatriz Mart\u00edn Peinado, Jos\u00e9 Ferrandis Montesinos, Antonio S\u00e1ez Landete<\/p>\n<p>ngg_shortcode_0_placeholder<a href=\"http:\/\/resarquitectura.blogs.upv.es\/?page_id=2606\">Volver<\/a><\/p>\n<p><\/p>","protected":false},"excerpt":{"rendered":"<p class=\"excerpt\">A\u00f1o: 2022 Ubicaci\u00f3n: B\u00e9tera (Valencia) Promotor: Ayuntamiento de B\u00e9tera Arquitectos: Camilla Mileto y Fernando Vegas L\u00f3pez-Manzanares Colaboradores: Alicia Hueto Escobar, Ana Laborel Ib\u00e1\u00f1ez, Salvador Tom\u00e1s M\u00e1rquez, Francesca Trizio, Pablo Rodr\u00edguez-Navarro, Beatriz Mart\u00edn Peinado, Jos\u00e9 Ferrandis Montesinos, Antonio S\u00e1ez Landete Volver<\/p>\n<p class=\"more-link-p\"><a class=\"btn btn-default\" href=\"https:\/\/resarquitectura.blogs.upv.es\/?page_id=21087\">Read more<\/a><\/p>\n","protected":false},"author":26148,"featured_media":0,"parent":0,"menu_order":0,"comment_status":"closed","ping_status":"closed","template":"","meta":{"ngg_post_thumbnail":0,"footnotes":""},"class_list":["post-21087","page","type-page","status-publish","hentry"],"aioseo_notices":[],"_links":{"self":[{"href":"https:\/\/resarquitectura.blogs.upv.es\/index.php?rest_route=\/wp\/v2\/pages\/21087","targetHints":{"allow":["GET"]}}],"collection":[{"href":"https:\/\/resarquitectura.blogs.upv.es\/index.php?rest_route=\/wp\/v2\/pages"}],"about":[{"href":"https:\/\/resarquitectura.blogs.upv.es\/index.php?rest_route=\/wp\/v2\/types\/page"}],"author":[{"embeddable":true,"href":"https:\/\/resarquitectura.blogs.upv.es\/index.php?rest_route=\/wp\/v2\/users\/26148"}],"replies":[{"embeddable":true,"href":"https:\/\/resarquitectura.blogs.upv.es\/index.php?rest_route=%2Fwp%2Fv2%2Fcomments&post=21087"}],"version-history":[{"count":1,"href":"https:\/\/resarquitectura.blogs.upv.es\/index.php?rest_route=\/wp\/v2\/pages\/21087\/revisions"}],"predecessor-version":[{"id":21088,"href":"https:\/\/resarquitectura.blogs.upv.es\/index.php?rest_route=\/wp\/v2\/pages\/21087\/revisions\/21088"}],"wp:attachment":[{"href":"https:\/\/resarquitectura.blogs.upv.es\/index.php?rest_route=%2Fwp%2Fv2%2Fmedia&parent=21087"}],"curies":[{"name":"wp","href":"https:\/\/api.w.org\/{rel}","templated":true}]}}