{"id":21108,"date":"2023-11-06T11:05:02","date_gmt":"2023-11-06T10:05:02","guid":{"rendered":"https:\/\/resarquitectura.blogs.upv.es\/?page_id=21108"},"modified":"2024-10-03T10:11:00","modified_gmt":"2024-10-03T09:11:00","slug":"proyecto-de-restauracion-de-la-torreta-del-castillo-de-jerica-2-2-3-5","status":"publish","type":"page","link":"https:\/\/resarquitectura.blogs.upv.es\/?page_id=21108","title":{"rendered":"Proyecto de restauraci\u00f3n de pajares en Sesga"},"content":{"rendered":"<p><\/p>\n<p style=\"text-align: justify\"><strong>A\u00f1o:&nbsp;<\/strong>2023<\/p>\n<p style=\"text-align: justify\"><strong>Emplazamiento:<\/strong> Aldea de Sesga (Ademuz, Valencia)<\/p>\n<p style=\"text-align: justify\"><strong>Promotor:<\/strong> Privado<\/p>\n<p style=\"text-align: justify\"><strong>Arquitectos:<\/strong>&nbsp;Camilla Mileto y Fernando Vegas<\/p>\n<p style=\"text-align: justify\"><strong>Colaboradores: <\/strong>Alicia Hueto Escobar, Francisco Sandoval G\u00f3mez, Salvador Tom\u00e1s M\u00e1rquez<\/p>\nngg_shortcode_0_placeholder\n<p><a href=\"http:\/\/resarquitectura.blogs.upv.es\/?page_id=92\">Volver<\/a><\/p>\n<p>&nbsp;<\/p>\n\n\n<p><\/p>","protected":false},"excerpt":{"rendered":"<p class=\"excerpt\">A\u00f1o:&nbsp;2023 Emplazamiento: Aldea de Sesga (Ademuz, Valencia) Promotor: Privado Arquitectos:&nbsp;Camilla Mileto y Fernando Vegas Colaboradores: Alicia Hueto Escobar, Francisco Sandoval G\u00f3mez, Salvador Tom\u00e1s M\u00e1rquez Volver &nbsp;<\/p>\n<p class=\"more-link-p\"><a class=\"btn btn-default\" href=\"https:\/\/resarquitectura.blogs.upv.es\/?page_id=21108\">Read more<\/a><\/p>\n","protected":false},"author":26148,"featured_media":0,"parent":0,"menu_order":0,"comment_status":"closed","ping_status":"closed","template":"","meta":{"ngg_post_thumbnail":0,"footnotes":""},"class_list":["post-21108","page","type-page","status-publish","hentry"],"aioseo_notices":[],"_links":{"self":[{"href":"https:\/\/resarquitectura.blogs.upv.es\/index.php?rest_route=\/wp\/v2\/pages\/21108","targetHints":{"allow":["GET"]}}],"collection":[{"href":"https:\/\/resarquitectura.blogs.upv.es\/index.php?rest_route=\/wp\/v2\/pages"}],"about":[{"href":"https:\/\/resarquitectura.blogs.upv.es\/index.php?rest_route=\/wp\/v2\/types\/page"}],"author":[{"embeddable":true,"href":"https:\/\/resarquitectura.blogs.upv.es\/index.php?rest_route=\/wp\/v2\/users\/26148"}],"replies":[{"embeddable":true,"href":"https:\/\/resarquitectura.blogs.upv.es\/index.php?rest_route=%2Fwp%2Fv2%2Fcomments&post=21108"}],"version-history":[{"count":2,"href":"https:\/\/resarquitectura.blogs.upv.es\/index.php?rest_route=\/wp\/v2\/pages\/21108\/revisions"}],"predecessor-version":[{"id":21385,"href":"https:\/\/resarquitectura.blogs.upv.es\/index.php?rest_route=\/wp\/v2\/pages\/21108\/revisions\/21385"}],"wp:attachment":[{"href":"https:\/\/resarquitectura.blogs.upv.es\/index.php?rest_route=%2Fwp%2Fv2%2Fmedia&parent=21108"}],"curies":[{"name":"wp","href":"https:\/\/api.w.org\/{rel}","templated":true}]}}