{"id":21146,"date":"2023-12-16T15:57:04","date_gmt":"2023-12-16T14:57:04","guid":{"rendered":"https:\/\/resarquitectura.blogs.upv.es\/?page_id=21146"},"modified":"2023-12-16T16:22:02","modified_gmt":"2023-12-16T15:22:02","slug":"proyecto-coremans-criterios-de-intervencion-en-la-arquitectura-de-tierra-2-2","status":"publish","type":"page","link":"https:\/\/resarquitectura.blogs.upv.es\/?page_id=21146","title":{"rendered":"Heritage for People. Sharing vernacular knowledge to build the future"},"content":{"rendered":"<p><\/p>\n\n\n<div class=\"wp-block-image\">\n<figure class=\"alignleft size-full is-resized\"><img loading=\"lazy\" decoding=\"async\" width=\"500\" height=\"500\" src=\"https:\/\/resarquitectura.blogs.upv.es\/wp-content\/uploads\/2023\/12\/HERITAGE-FOR-PEOPLE-1.jpg\" alt=\"\" class=\"wp-image-21148\" style=\"width:300px;height:auto\" srcset=\"https:\/\/resarquitectura.blogs.upv.es\/wp-content\/uploads\/2023\/12\/HERITAGE-FOR-PEOPLE-1.jpg 500w, https:\/\/resarquitectura.blogs.upv.es\/wp-content\/uploads\/2023\/12\/HERITAGE-FOR-PEOPLE-1-300x300.jpg 300w, https:\/\/resarquitectura.blogs.upv.es\/wp-content\/uploads\/2023\/12\/HERITAGE-FOR-PEOPLE-1-150x150.jpg 150w\" sizes=\"auto, (max-width: 500px) 100vw, 500px\" \/><\/figure>\n<\/div>\n\n\n<p><strong>T\u00edtulo completo: <\/strong>Heritage for People. Sharing vernacular knowledge to build the future<\/p>\n\n\n\n<p><strong>Autores:<\/strong>&nbsp;AA. VV.<\/p>\n\n\n\n<p><strong>Coordinaci\u00f3n cient\u00edfica:<\/strong> Letizia Dipasquale, Saverio Mecca, Lucia Montoni<\/p>\n\n\n\n<p><strong>A\u00f1o:&nbsp;<\/strong>2023<\/p>\n\n\n\n<p><strong>Edita: <\/strong>Didapress<\/p>\n\n\n\n<p><strong>ISBN:<\/strong> 978-88-3338-200-5<\/p>\n\n\n\n<p><a href=\"https:\/\/versus-people.webs.upv.es\/wp-content\/uploads\/2023\/11\/Heritage-for-People-Sharing-vernacular-knowledge-tobuild-the-future.pdf\" target=\"_blank\" rel=\"noopener\" title=\"\">Descarga<\/a><\/p>\n\n\n\n<div style=\"height:100px\" aria-hidden=\"true\" class=\"wp-block-spacer\"><\/div>\n\n\n\n<p><a href=\"http:\/\/resarquitectura.blogs.upv.es\/?page_id=120\">Volver<\/a><\/p>","protected":false},"excerpt":{"rendered":"<p class=\"excerpt\">T\u00edtulo completo: Heritage for People. Sharing vernacular knowledge to build the future Autores:&nbsp;AA. VV. Coordinaci\u00f3n cient\u00edfica: Letizia Dipasquale, Saverio Mecca, Lucia Montoni A\u00f1o:&nbsp;2023 Edita: Didapress ISBN: 978-88-3338-200-5 Descarga Volver<\/p>\n<p class=\"more-link-p\"><a class=\"btn btn-default\" href=\"https:\/\/resarquitectura.blogs.upv.es\/?page_id=21146\">Read more<\/a><\/p>\n","protected":false},"author":26148,"featured_media":0,"parent":0,"menu_order":0,"comment_status":"closed","ping_status":"closed","template":"","meta":{"ngg_post_thumbnail":0,"footnotes":""},"class_list":["post-21146","page","type-page","status-publish","hentry"],"aioseo_notices":[],"_links":{"self":[{"href":"https:\/\/resarquitectura.blogs.upv.es\/index.php?rest_route=\/wp\/v2\/pages\/21146","targetHints":{"allow":["GET"]}}],"collection":[{"href":"https:\/\/resarquitectura.blogs.upv.es\/index.php?rest_route=\/wp\/v2\/pages"}],"about":[{"href":"https:\/\/resarquitectura.blogs.upv.es\/index.php?rest_route=\/wp\/v2\/types\/page"}],"author":[{"embeddable":true,"href":"https:\/\/resarquitectura.blogs.upv.es\/index.php?rest_route=\/wp\/v2\/users\/26148"}],"replies":[{"embeddable":true,"href":"https:\/\/resarquitectura.blogs.upv.es\/index.php?rest_route=%2Fwp%2Fv2%2Fcomments&post=21146"}],"version-history":[{"count":2,"href":"https:\/\/resarquitectura.blogs.upv.es\/index.php?rest_route=\/wp\/v2\/pages\/21146\/revisions"}],"predecessor-version":[{"id":21175,"href":"https:\/\/resarquitectura.blogs.upv.es\/index.php?rest_route=\/wp\/v2\/pages\/21146\/revisions\/21175"}],"wp:attachment":[{"href":"https:\/\/resarquitectura.blogs.upv.es\/index.php?rest_route=%2Fwp%2Fv2%2Fmedia&parent=21146"}],"curies":[{"name":"wp","href":"https:\/\/api.w.org\/{rel}","templated":true}]}}