{"id":21160,"date":"2023-12-16T16:12:04","date_gmt":"2023-12-16T15:12:04","guid":{"rendered":"https:\/\/resarquitectura.blogs.upv.es\/?page_id=21160"},"modified":"2023-12-16T16:20:58","modified_gmt":"2023-12-16T15:20:58","slug":"proyecto-coremans-criterios-de-intervencion-en-la-arquitectura-de-tierra-2-3","status":"publish","type":"page","link":"https:\/\/resarquitectura.blogs.upv.es\/?page_id=21160","title":{"rendered":"Versus+Heritage for People: educational tools to transmit heritage values"},"content":{"rendered":"<p><\/p>\n\n\n<div class=\"wp-block-image\">\n<figure class=\"alignleft size-full is-resized\"><img loading=\"lazy\" decoding=\"async\" width=\"640\" height=\"640\" src=\"https:\/\/resarquitectura.blogs.upv.es\/wp-content\/uploads\/2023\/12\/Captura-de-Pantalla-2023-06-12-a-las-16.40.21-1.png\" alt=\"\" class=\"wp-image-21161\" style=\"width:267px;height:auto\" srcset=\"https:\/\/resarquitectura.blogs.upv.es\/wp-content\/uploads\/2023\/12\/Captura-de-Pantalla-2023-06-12-a-las-16.40.21-1.png 640w, https:\/\/resarquitectura.blogs.upv.es\/wp-content\/uploads\/2023\/12\/Captura-de-Pantalla-2023-06-12-a-las-16.40.21-1-300x300.png 300w, https:\/\/resarquitectura.blogs.upv.es\/wp-content\/uploads\/2023\/12\/Captura-de-Pantalla-2023-06-12-a-las-16.40.21-1-150x150.png 150w\" sizes=\"auto, (max-width: 640px) 100vw, 640px\" \/><\/figure>\n<\/div>\n\n\n<p><strong>T\u00edtulo completo: <\/strong>Versus+Heritage for People: educational tools to transmit heritage values<\/p>\n\n\n\n<p><strong>Autores:<\/strong>&nbsp;AA. VV.<\/p>\n\n\n\n<p><strong>Coordinaci\u00f3n cient\u00edfica:<\/strong> Camilla Mileto, Fernando Vegas<\/p>\n\n\n\n<p><strong>A\u00f1o:&nbsp;<\/strong>2022<\/p>\n\n\n\n<p><strong>Edita: <\/strong>ENSAG &#8211; CRAterre <\/p>\n\n\n\n<p><strong>ISBN:<\/strong> 979-10-96446-44-5<\/p>\n\n\n\n<p><a href=\"https:\/\/versus-people.webs.upv.es\/wp-content\/uploads\/2023\/06\/18358_Versus_plus.pdf\" target=\"_blank\" rel=\"noopener\" title=\"\">Descarga<\/a><\/p>\n\n\n\n<div style=\"height:100px\" aria-hidden=\"true\" class=\"wp-block-spacer\"><\/div>\n\n\n\n<p><a href=\"http:\/\/resarquitectura.blogs.upv.es\/?page_id=120\">Volver<\/a><\/p>","protected":false},"excerpt":{"rendered":"<p class=\"excerpt\">T\u00edtulo completo: Versus+Heritage for People: educational tools to transmit heritage values Autores:&nbsp;AA. VV. Coordinaci\u00f3n cient\u00edfica: Camilla Mileto, Fernando Vegas A\u00f1o:&nbsp;2022 Edita: ENSAG &#8211; CRAterre ISBN: 979-10-96446-44-5 Descarga Volver<\/p>\n<p class=\"more-link-p\"><a class=\"btn btn-default\" href=\"https:\/\/resarquitectura.blogs.upv.es\/?page_id=21160\">Read more<\/a><\/p>\n","protected":false},"author":26148,"featured_media":0,"parent":0,"menu_order":0,"comment_status":"closed","ping_status":"closed","template":"","meta":{"ngg_post_thumbnail":0,"footnotes":""},"class_list":["post-21160","page","type-page","status-publish","hentry"],"aioseo_notices":[],"_links":{"self":[{"href":"https:\/\/resarquitectura.blogs.upv.es\/index.php?rest_route=\/wp\/v2\/pages\/21160","targetHints":{"allow":["GET"]}}],"collection":[{"href":"https:\/\/resarquitectura.blogs.upv.es\/index.php?rest_route=\/wp\/v2\/pages"}],"about":[{"href":"https:\/\/resarquitectura.blogs.upv.es\/index.php?rest_route=\/wp\/v2\/types\/page"}],"author":[{"embeddable":true,"href":"https:\/\/resarquitectura.blogs.upv.es\/index.php?rest_route=\/wp\/v2\/users\/26148"}],"replies":[{"embeddable":true,"href":"https:\/\/resarquitectura.blogs.upv.es\/index.php?rest_route=%2Fwp%2Fv2%2Fcomments&post=21160"}],"version-history":[{"count":2,"href":"https:\/\/resarquitectura.blogs.upv.es\/index.php?rest_route=\/wp\/v2\/pages\/21160\/revisions"}],"predecessor-version":[{"id":21173,"href":"https:\/\/resarquitectura.blogs.upv.es\/index.php?rest_route=\/wp\/v2\/pages\/21160\/revisions\/21173"}],"wp:attachment":[{"href":"https:\/\/resarquitectura.blogs.upv.es\/index.php?rest_route=%2Fwp%2Fv2%2Fmedia&parent=21160"}],"curies":[{"name":"wp","href":"https:\/\/api.w.org\/{rel}","templated":true}]}}