{"id":21243,"date":"2024-05-23T11:55:17","date_gmt":"2024-05-23T10:55:17","guid":{"rendered":"https:\/\/resarquitectura.blogs.upv.es\/?page_id=21243"},"modified":"2024-05-23T12:11:29","modified_gmt":"2024-05-23T11:11:29","slug":"estudio-preliminar-del-castillo-de-bellver-palma-de-mallorca-2-2-2-3-3","status":"publish","type":"page","link":"https:\/\/resarquitectura.blogs.upv.es\/?page_id=21243","title":{"rendered":"Estudio de control ambiental con simulaci\u00f3n termodin\u00e1mica de los ba\u00f1os de Hernando de Zafra en Granada"},"content":{"rendered":"<p><\/p>\n\n\n\n<p><strong>A\u00f1o:<\/strong> 2024<\/p>\n\n\n\n<p><strong>Ubicaci\u00f3n:<\/strong> Valencia<\/p>\n\n\n\n<p><strong>Promotor:<\/strong> Patronato de la Alhambra y Generalife<\/p>\n\n\n\n<p><strong>Arquitectos:<\/strong> Santiago Tormo Esteve, Eduardo Loma-Ossorio Blanch, Fernando Vegas L\u00f3pez-Manzanares y Camilla Mileto<\/p>\n\n\n\n<div style=\"height:50px\" aria-hidden=\"true\" class=\"wp-block-spacer\"><\/div>\n\n\n\n<p><strong>V\u00eddeo 1:<\/strong> Secuencia de adquisici\u00f3n de temperatura en el suelo de la sala caliente<\/p>\n\n\n\n<div style=\"width: 640px;\" class=\"wp-video\"><video class=\"wp-video-shortcode\" id=\"video-21243-1\" width=\"640\" height=\"360\" preload=\"metadata\" controls=\"controls\"><source type=\"video\/mp4\" src=\"http:\/\/resarquitectura.blogs.upv.es\/wp-content\/uploads\/2024\/05\/Video-S1.mp4?_=1\" \/><a href=\"http:\/\/resarquitectura.blogs.upv.es\/wp-content\/uploads\/2024\/05\/Video-S1.mp4\">http:\/\/resarquitectura.blogs.upv.es\/wp-content\/uploads\/2024\/05\/Video-S1.mp4<\/a><\/video><\/div>\n\n\n\n<div style=\"height:70px\" aria-hidden=\"true\" class=\"wp-block-spacer\"><\/div>\n\n\n\n<p><strong>V\u00eddeo 2:<\/strong> Vectores de la circulaci\u00f3n de aire caliente en el hipocausto<\/p>\n\n\n\n<div style=\"width: 640px;\" class=\"wp-video\"><video class=\"wp-video-shortcode\" id=\"video-21243-2\" width=\"640\" height=\"360\" preload=\"metadata\" controls=\"controls\"><source type=\"video\/mp4\" src=\"http:\/\/resarquitectura.blogs.upv.es\/wp-content\/uploads\/2024\/05\/Video-S2.mp4?_=2\" \/><a href=\"http:\/\/resarquitectura.blogs.upv.es\/wp-content\/uploads\/2024\/05\/Video-S2.mp4\">http:\/\/resarquitectura.blogs.upv.es\/wp-content\/uploads\/2024\/05\/Video-S2.mp4<\/a><\/video><\/div>\n\n\n\n<div style=\"height:70px\" aria-hidden=\"true\" class=\"wp-block-spacer\"><\/div>\n\n\n\n<p><strong>V\u00eddeo 3:<\/strong> Flujo y temperaturas de la sala caliente con y sin aperturas de puertas<\/p>\n\n\n\n<div style=\"width: 640px;\" class=\"wp-video\"><video class=\"wp-video-shortcode\" id=\"video-21243-3\" width=\"640\" height=\"360\" preload=\"metadata\" controls=\"controls\"><source type=\"video\/mp4\" src=\"http:\/\/resarquitectura.blogs.upv.es\/wp-content\/uploads\/2024\/05\/Video-S3.mp4?_=3\" \/><a href=\"http:\/\/resarquitectura.blogs.upv.es\/wp-content\/uploads\/2024\/05\/Video-S3.mp4\">http:\/\/resarquitectura.blogs.upv.es\/wp-content\/uploads\/2024\/05\/Video-S3.mp4<\/a><\/video><\/div>\n\n\n\n<div style=\"height:70px\" aria-hidden=\"true\" class=\"wp-block-spacer\"><\/div>\n\n\n\n<p><strong>V\u00eddeo 4:<\/strong> Flujos y temperaturas con y sin puertas<\/p>\n\n\n\n<div style=\"width: 640px;\" class=\"wp-video\"><video class=\"wp-video-shortcode\" id=\"video-21243-4\" width=\"640\" height=\"360\" preload=\"metadata\" controls=\"controls\"><source type=\"video\/mp4\" src=\"http:\/\/resarquitectura.blogs.upv.es\/wp-content\/uploads\/2024\/05\/Video-S4.mp4?_=4\" \/><a href=\"http:\/\/resarquitectura.blogs.upv.es\/wp-content\/uploads\/2024\/05\/Video-S4.mp4\">http:\/\/resarquitectura.blogs.upv.es\/wp-content\/uploads\/2024\/05\/Video-S4.mp4<\/a><\/video><\/div>\n\n\n\n<div style=\"height:70px\" aria-hidden=\"true\" class=\"wp-block-spacer\"><\/div>\n\n\n\n<p><strong>V\u00eddeo 5:<\/strong> Flujos y temperaturas de la secci\u00f3n longitudinal de los ba\u00f1os<\/p>\n\n\n\n<div style=\"width: 640px;\" class=\"wp-video\"><video class=\"wp-video-shortcode\" id=\"video-21243-5\" width=\"640\" height=\"360\" preload=\"metadata\" controls=\"controls\"><source type=\"video\/mp4\" src=\"http:\/\/resarquitectura.blogs.upv.es\/wp-content\/uploads\/2024\/05\/Video-S5.mp4?_=5\" \/><a href=\"http:\/\/resarquitectura.blogs.upv.es\/wp-content\/uploads\/2024\/05\/Video-S5.mp4\">http:\/\/resarquitectura.blogs.upv.es\/wp-content\/uploads\/2024\/05\/Video-S5.mp4<\/a><\/video><\/div>\n\n\n\n<div style=\"height:70px\" aria-hidden=\"true\" class=\"wp-block-spacer\"><\/div>\n\n\n\n<p><strong>V\u00eddeo 6:<\/strong> Distribuci\u00f3n de vectores de la secci\u00f3n longitudinal de los ba\u00f1os<\/p>\n\n\n\n<div style=\"width: 640px;\" class=\"wp-video\"><video class=\"wp-video-shortcode\" id=\"video-21243-6\" width=\"640\" height=\"360\" preload=\"metadata\" controls=\"controls\"><source type=\"video\/mp4\" src=\"http:\/\/resarquitectura.blogs.upv.es\/wp-content\/uploads\/2024\/05\/Video-S6.mp4?_=6\" \/><a href=\"http:\/\/resarquitectura.blogs.upv.es\/wp-content\/uploads\/2024\/05\/Video-S6.mp4\">http:\/\/resarquitectura.blogs.upv.es\/wp-content\/uploads\/2024\/05\/Video-S6.mp4<\/a><\/video><\/div>\n\n\n\n<div style=\"height:70px\" aria-hidden=\"true\" class=\"wp-block-spacer\"><\/div>\n\n\n\n<p><strong>V\u00eddeo 7:<\/strong> Flujos de temperatura en la sala caliente<\/p>\n\n\n\n<div style=\"width: 640px;\" class=\"wp-video\"><video class=\"wp-video-shortcode\" id=\"video-21243-7\" width=\"640\" height=\"360\" preload=\"metadata\" controls=\"controls\"><source type=\"video\/mp4\" src=\"http:\/\/resarquitectura.blogs.upv.es\/wp-content\/uploads\/2024\/05\/Video-S7.mp4?_=7\" \/><a href=\"http:\/\/resarquitectura.blogs.upv.es\/wp-content\/uploads\/2024\/05\/Video-S7.mp4\">http:\/\/resarquitectura.blogs.upv.es\/wp-content\/uploads\/2024\/05\/Video-S7.mp4<\/a><\/video><\/div>\n\n\n\n<div style=\"height:70px\" aria-hidden=\"true\" class=\"wp-block-spacer\"><\/div>\n\n\n\n<p><strong>Estudio completo:<\/strong> https:\/\/www.mdpi.com\/2075-5309\/14\/1\/39<\/p>\n\n\n\n<div style=\"height:70px\" aria-hidden=\"true\" class=\"wp-block-spacer\"><\/div>\n\n\n\n<p><a href=\"http:\/\/resarquitectura.blogs.upv.es\/?page_id=2606\">Volver<\/a><\/p>","protected":false},"excerpt":{"rendered":"<p class=\"excerpt\">A\u00f1o: 2024 Ubicaci\u00f3n: Valencia Promotor: Patronato de la Alhambra y Generalife Arquitectos: Santiago Tormo Esteve, Eduardo Loma-Ossorio Blanch, Fernando Vegas L\u00f3pez-Manzanares y Camilla Mileto V\u00eddeo 1: Secuencia de adquisici\u00f3n de temperatura en el suelo de la sala caliente http:\/\/resarquitectura.blogs.upv.es\/wp-content\/uploads\/2024\/05\/Video-S1.mp4 V\u00eddeo 2: Vectores de la circulaci\u00f3n de aire caliente en el hipocausto http:\/\/resarquitectura.blogs.upv.es\/wp-content\/uploads\/2024\/05\/Video-S2.mp4 V\u00eddeo 3: Flujo y temperaturas de la sala&hellip;<\/p>\n<p class=\"more-link-p\"><a class=\"btn btn-default\" href=\"https:\/\/resarquitectura.blogs.upv.es\/?page_id=21243\">Read more<\/a><\/p>\n","protected":false},"author":26148,"featured_media":0,"parent":0,"menu_order":0,"comment_status":"closed","ping_status":"closed","template":"","meta":{"ngg_post_thumbnail":0,"footnotes":""},"class_list":["post-21243","page","type-page","status-publish","hentry"],"aioseo_notices":[],"_links":{"self":[{"href":"https:\/\/resarquitectura.blogs.upv.es\/index.php?rest_route=\/wp\/v2\/pages\/21243","targetHints":{"allow":["GET"]}}],"collection":[{"href":"https:\/\/resarquitectura.blogs.upv.es\/index.php?rest_route=\/wp\/v2\/pages"}],"about":[{"href":"https:\/\/resarquitectura.blogs.upv.es\/index.php?rest_route=\/wp\/v2\/types\/page"}],"author":[{"embeddable":true,"href":"https:\/\/resarquitectura.blogs.upv.es\/index.php?rest_route=\/wp\/v2\/users\/26148"}],"replies":[{"embeddable":true,"href":"https:\/\/resarquitectura.blogs.upv.es\/index.php?rest_route=%2Fwp%2Fv2%2Fcomments&post=21243"}],"version-history":[{"count":1,"href":"https:\/\/resarquitectura.blogs.upv.es\/index.php?rest_route=\/wp\/v2\/pages\/21243\/revisions"}],"predecessor-version":[{"id":21256,"href":"https:\/\/resarquitectura.blogs.upv.es\/index.php?rest_route=\/wp\/v2\/pages\/21243\/revisions\/21256"}],"wp:attachment":[{"href":"https:\/\/resarquitectura.blogs.upv.es\/index.php?rest_route=%2Fwp%2Fv2%2Fmedia&parent=21243"}],"curies":[{"name":"wp","href":"https:\/\/api.w.org\/{rel}","templated":true}]}}