{"id":21272,"date":"2024-06-18T18:53:27","date_gmt":"2024-06-18T17:53:27","guid":{"rendered":"https:\/\/resarquitectura.blogs.upv.es\/?page_id=21272"},"modified":"2024-06-18T18:55:37","modified_gmt":"2024-06-18T17:55:37","slug":"miniarquitecturas-el-imaginario-colectivo-a-traves-de-las-miniaturas-de-la-arquitectura-3-2-2","status":"publish","type":"page","link":"https:\/\/resarquitectura.blogs.upv.es\/?page_id=21272","title":{"rendered":"Burkina Faso. Arquitectura, Cultura y Cooperaci\u00f3n"},"content":{"rendered":"<p><\/p>\n<p style=\"text-align: justify\"><img loading=\"lazy\" decoding=\"async\" class=\"wp-image-21273 size-medium alignleft\" style=\"font-family: 'Open Sans', sans-serif;font-size: 16px;font-style: normal;font-weight: 400\" src=\"http:\/\/resarquitectura.blogs.upv.es\/wp-content\/uploads\/2024\/06\/article_662_cover_es_ES-300x300.png\" alt=\"\" width=\"300\" height=\"300\" srcset=\"https:\/\/resarquitectura.blogs.upv.es\/wp-content\/uploads\/2024\/06\/article_662_cover_es_ES-300x300.png 300w, https:\/\/resarquitectura.blogs.upv.es\/wp-content\/uploads\/2024\/06\/article_662_cover_es_ES-1024x1024.png 1024w, https:\/\/resarquitectura.blogs.upv.es\/wp-content\/uploads\/2024\/06\/article_662_cover_es_ES-150x150.png 150w, https:\/\/resarquitectura.blogs.upv.es\/wp-content\/uploads\/2024\/06\/article_662_cover_es_ES-768x768.png 768w, https:\/\/resarquitectura.blogs.upv.es\/wp-content\/uploads\/2024\/06\/article_662_cover_es_ES-1536x1536.png 1536w, https:\/\/resarquitectura.blogs.upv.es\/wp-content\/uploads\/2024\/06\/article_662_cover_es_ES.png 1733w\" sizes=\"auto, (max-width: 300px) 100vw, 300px\" \/><strong>T\u00edtulo completo: <\/strong>Burkina Faso. Arquitectura, Cultura y Cooperaci\u00f3n<\/p>\n<p style=\"text-align: justify\"><strong>Autores: <\/strong>Fernando Vegas, Camilla Mileto, Lidia Garc\u00eda Soriano<\/p>\n<p style=\"text-align: justify\"><strong>A\u00f1o<\/strong><strong>:&nbsp;<\/strong>2024<\/p>\n<p style=\"text-align: justify\"><strong>Edita: <\/strong>Editorial UPV<\/p>\n<p style=\"text-align: justify\"><strong>ISBN: <\/strong>978-84-1396-177-4<\/p>\n<p><strong>Descargar:<\/strong> <a href=\"https:\/\/monografias.editorial.upv.es\/index.php\/fc\/issue\/view\/111\">[ES]<\/a> \/ <a href=\"https:\/\/monografias.editorial.upv.es\/index.php\/fc\/issue\/view\/112\">[EN]<\/a> \/ <a href=\"https:\/\/monografias.editorial.upv.es\/index.php\/fc\/issue\/view\/110\">[FR]<\/a><\/p>\n<p>&nbsp;<\/p>\n<p>&nbsp;<\/p>\n<p>&nbsp;&nbsp;<\/p>\n<p>&nbsp;&nbsp;<\/p>\n<p style=\"text-align: justify\"><a href=\"http:\/\/resarquitectura.blogs.upv.es\/?page_id=120\">Volver<\/a><\/p>\n<p style=\"text-align: justify\">&nbsp;<\/p>\n<p><\/p>","protected":false},"excerpt":{"rendered":"<p class=\"excerpt\">T\u00edtulo completo: Burkina Faso. Arquitectura, Cultura y Cooperaci\u00f3n Autores: Fernando Vegas, Camilla Mileto, Lidia Garc\u00eda Soriano A\u00f1o:&nbsp;2024 Edita: Editorial UPV ISBN: 978-84-1396-177-4 Descargar: [ES] \/ [EN] \/ [FR] &nbsp; &nbsp; &nbsp;&nbsp; &nbsp;&nbsp; Volver &nbsp;<\/p>\n<p class=\"more-link-p\"><a class=\"btn btn-default\" href=\"https:\/\/resarquitectura.blogs.upv.es\/?page_id=21272\">Read more<\/a><\/p>\n","protected":false},"author":26148,"featured_media":0,"parent":0,"menu_order":0,"comment_status":"closed","ping_status":"closed","template":"","meta":{"ngg_post_thumbnail":0,"footnotes":""},"class_list":["post-21272","page","type-page","status-publish","hentry"],"aioseo_notices":[],"_links":{"self":[{"href":"https:\/\/resarquitectura.blogs.upv.es\/index.php?rest_route=\/wp\/v2\/pages\/21272","targetHints":{"allow":["GET"]}}],"collection":[{"href":"https:\/\/resarquitectura.blogs.upv.es\/index.php?rest_route=\/wp\/v2\/pages"}],"about":[{"href":"https:\/\/resarquitectura.blogs.upv.es\/index.php?rest_route=\/wp\/v2\/types\/page"}],"author":[{"embeddable":true,"href":"https:\/\/resarquitectura.blogs.upv.es\/index.php?rest_route=\/wp\/v2\/users\/26148"}],"replies":[{"embeddable":true,"href":"https:\/\/resarquitectura.blogs.upv.es\/index.php?rest_route=%2Fwp%2Fv2%2Fcomments&post=21272"}],"version-history":[{"count":2,"href":"https:\/\/resarquitectura.blogs.upv.es\/index.php?rest_route=\/wp\/v2\/pages\/21272\/revisions"}],"predecessor-version":[{"id":21283,"href":"https:\/\/resarquitectura.blogs.upv.es\/index.php?rest_route=\/wp\/v2\/pages\/21272\/revisions\/21283"}],"wp:attachment":[{"href":"https:\/\/resarquitectura.blogs.upv.es\/index.php?rest_route=%2Fwp%2Fv2%2Fmedia&parent=21272"}],"curies":[{"name":"wp","href":"https:\/\/api.w.org\/{rel}","templated":true}]}}