{"id":21744,"date":"2026-02-20T11:14:02","date_gmt":"2026-02-20T10:14:02","guid":{"rendered":"https:\/\/resarquitectura.blogs.upv.es\/?page_id=21744"},"modified":"2026-02-20T13:59:20","modified_gmt":"2026-02-20T12:59:20","slug":"proyecto-de-restauracion-de-la-torreta-del-castillo-de-jerica-2-2-3-5-2-2","status":"publish","type":"page","link":"https:\/\/resarquitectura.blogs.upv.es\/?page_id=21744","title":{"rendered":"Restauraci\u00f3n de vivienda en C\/ Eugenia Vinyes (Valencia)"},"content":{"rendered":"<p><\/p>\n<p style=\"text-align: justify\"><strong>A\u00f1o:&nbsp;<\/strong>2025<\/p>\n<p style=\"text-align: justify\"><strong>Emplazamiento:<\/strong> Valencia<\/p>\n<p style=\"text-align: justify\"><strong>Promotor:<\/strong> Privado<\/p>\n<p style=\"text-align: justify\"><strong>Arquitectos:<\/strong>&nbsp;Camilla Mileto y Fernando Vegas<\/p>\n<p style=\"text-align: justify\"><strong>Colaboradores: <\/strong>Laura Rom\u00e1n Santiana, Francisco Sandoval G\u00f3mez, Sergio Manzano Fern\u00e1ndez, Salvador Tom\u00e1s M\u00e1rquez<\/p>\n<p><strong>Fotograf\u00edas:<\/strong> Dwell Magazine<\/p>\nngg_shortcode_0_placeholder\n<p><a href=\"http:\/\/resarquitectura.blogs.upv.es\/?page_id=92\">Volver<\/a><\/p>","protected":false},"excerpt":{"rendered":"<p class=\"excerpt\">A\u00f1o:&nbsp;2025 Emplazamiento: Valencia Promotor: Privado Arquitectos:&nbsp;Camilla Mileto y Fernando Vegas Colaboradores: Laura Rom\u00e1n Santiana, Francisco Sandoval G\u00f3mez, Sergio Manzano Fern\u00e1ndez, Salvador Tom\u00e1s M\u00e1rquez Fotograf\u00edas: Dwell Magazine Volver<\/p>\n<p class=\"more-link-p\"><a class=\"btn btn-default\" href=\"https:\/\/resarquitectura.blogs.upv.es\/?page_id=21744\">Read more<\/a><\/p>\n","protected":false},"author":26148,"featured_media":0,"parent":0,"menu_order":0,"comment_status":"closed","ping_status":"closed","template":"","meta":{"ngg_post_thumbnail":0,"footnotes":""},"class_list":["post-21744","page","type-page","status-publish","hentry"],"aioseo_notices":[],"_links":{"self":[{"href":"https:\/\/resarquitectura.blogs.upv.es\/index.php?rest_route=\/wp\/v2\/pages\/21744","targetHints":{"allow":["GET"]}}],"collection":[{"href":"https:\/\/resarquitectura.blogs.upv.es\/index.php?rest_route=\/wp\/v2\/pages"}],"about":[{"href":"https:\/\/resarquitectura.blogs.upv.es\/index.php?rest_route=\/wp\/v2\/types\/page"}],"author":[{"embeddable":true,"href":"https:\/\/resarquitectura.blogs.upv.es\/index.php?rest_route=\/wp\/v2\/users\/26148"}],"replies":[{"embeddable":true,"href":"https:\/\/resarquitectura.blogs.upv.es\/index.php?rest_route=%2Fwp%2Fv2%2Fcomments&post=21744"}],"version-history":[{"count":2,"href":"https:\/\/resarquitectura.blogs.upv.es\/index.php?rest_route=\/wp\/v2\/pages\/21744\/revisions"}],"predecessor-version":[{"id":21828,"href":"https:\/\/resarquitectura.blogs.upv.es\/index.php?rest_route=\/wp\/v2\/pages\/21744\/revisions\/21828"}],"wp:attachment":[{"href":"https:\/\/resarquitectura.blogs.upv.es\/index.php?rest_route=%2Fwp%2Fv2%2Fmedia&parent=21744"}],"curies":[{"name":"wp","href":"https:\/\/api.w.org\/{rel}","templated":true}]}}