{"id":21785,"date":"2026-02-20T12:21:06","date_gmt":"2026-02-20T11:21:06","guid":{"rendered":"https:\/\/resarquitectura.blogs.upv.es\/?page_id=21785"},"modified":"2026-02-20T13:58:54","modified_gmt":"2026-02-20T12:58:54","slug":"proyecto-de-restauracion-de-la-torreta-del-castillo-de-jerica-2-2-3-5-2-3","status":"publish","type":"page","link":"https:\/\/resarquitectura.blogs.upv.es\/?page_id=21785","title":{"rendered":"Restituci\u00f3n de la pasarela hist\u00f3rica de la torre de C\u00e0lig (Castell\u00f3n)"},"content":{"rendered":"<p><\/p>\n<p style=\"text-align: justify\"><strong>A\u00f1o:&nbsp;<\/strong>2024<\/p>\n<p style=\"text-align: justify\"><strong>Emplazamiento:<\/strong> C\u00e0lig (Castell\u00f3n)<\/p>\n<p style=\"text-align: justify\"><strong>Promotor:<\/strong> Ayuntamiento de C\u00e0lig<\/p>\n<p style=\"text-align: justify\"><strong>Arquitectos:<\/strong>&nbsp;Camilla Mileto y Fernando Vegas<\/p>\n<p style=\"text-align: justify\"><strong>Colaboradores: <\/strong>Sergio Manzano Fern\u00e1ndez, Salvador Tom\u00e1s M\u00e1rquez<\/p>\nngg_shortcode_0_placeholder\n<p><a href=\"http:\/\/resarquitectura.blogs.upv.es\/?page_id=92\">Volver<\/a><\/p>","protected":false},"excerpt":{"rendered":"<p class=\"excerpt\">A\u00f1o:&nbsp;2024 Emplazamiento: C\u00e0lig (Castell\u00f3n) Promotor: Ayuntamiento de C\u00e0lig Arquitectos:&nbsp;Camilla Mileto y Fernando Vegas Colaboradores: Sergio Manzano Fern\u00e1ndez, Salvador Tom\u00e1s M\u00e1rquez Volver<\/p>\n<p class=\"more-link-p\"><a class=\"btn btn-default\" href=\"https:\/\/resarquitectura.blogs.upv.es\/?page_id=21785\">Read more<\/a><\/p>\n","protected":false},"author":26148,"featured_media":0,"parent":0,"menu_order":0,"comment_status":"closed","ping_status":"closed","template":"","meta":{"ngg_post_thumbnail":0,"footnotes":""},"class_list":["post-21785","page","type-page","status-publish","hentry"],"aioseo_notices":[],"_links":{"self":[{"href":"https:\/\/resarquitectura.blogs.upv.es\/index.php?rest_route=\/wp\/v2\/pages\/21785","targetHints":{"allow":["GET"]}}],"collection":[{"href":"https:\/\/resarquitectura.blogs.upv.es\/index.php?rest_route=\/wp\/v2\/pages"}],"about":[{"href":"https:\/\/resarquitectura.blogs.upv.es\/index.php?rest_route=\/wp\/v2\/types\/page"}],"author":[{"embeddable":true,"href":"https:\/\/resarquitectura.blogs.upv.es\/index.php?rest_route=\/wp\/v2\/users\/26148"}],"replies":[{"embeddable":true,"href":"https:\/\/resarquitectura.blogs.upv.es\/index.php?rest_route=%2Fwp%2Fv2%2Fcomments&post=21785"}],"version-history":[{"count":2,"href":"https:\/\/resarquitectura.blogs.upv.es\/index.php?rest_route=\/wp\/v2\/pages\/21785\/revisions"}],"predecessor-version":[{"id":21827,"href":"https:\/\/resarquitectura.blogs.upv.es\/index.php?rest_route=\/wp\/v2\/pages\/21785\/revisions\/21827"}],"wp:attachment":[{"href":"https:\/\/resarquitectura.blogs.upv.es\/index.php?rest_route=%2Fwp%2Fv2%2Fmedia&parent=21785"}],"curies":[{"name":"wp","href":"https:\/\/api.w.org\/{rel}","templated":true}]}}