{"id":21795,"date":"2026-02-20T12:40:21","date_gmt":"2026-02-20T11:40:21","guid":{"rendered":"https:\/\/resarquitectura.blogs.upv.es\/?page_id=21795"},"modified":"2026-02-20T13:58:04","modified_gmt":"2026-02-20T12:58:04","slug":"proyecto-de-restauracion-de-la-torreta-del-castillo-de-jerica-2-2-3-5-2-4","status":"publish","type":"page","link":"https:\/\/resarquitectura.blogs.upv.es\/?page_id=21795","title":{"rendered":"Estudio previo y anteproyecto de Sa Senieta (Formentera)"},"content":{"rendered":"<p><\/p>\n<p style=\"text-align: justify\"><strong>A\u00f1o:&nbsp;<\/strong>2024<\/p>\n<p style=\"text-align: justify\"><strong>Emplazamiento:<\/strong> Formentera (Islas Baleares)<\/p>\n<p style=\"text-align: justify\"><strong>Promotor:<\/strong> Consell Insular de Formentera<\/p>\n<p style=\"text-align: justify\"><strong>Arquitectos:<\/strong>&nbsp;Camilla Mileto y Fernando Vegas<\/p>\n<p style=\"text-align: justify\"><strong>Colaboradores: <\/strong>Alicia Hueto Escobar, Francisco Sandoval G\u00f3mez, Sergio Manzano Fern\u00e1ndez, Ana Gabriela Serrano Gonzales, Lidia Garc\u00eda Soriano<\/p>\nngg_shortcode_0_placeholder\n<p><a href=\"http:\/\/resarquitectura.blogs.upv.es\/?page_id=92\">Volver<\/a><\/p>","protected":false},"excerpt":{"rendered":"<p class=\"excerpt\">A\u00f1o:&nbsp;2024 Emplazamiento: Formentera (Islas Baleares) Promotor: Consell Insular de Formentera Arquitectos:&nbsp;Camilla Mileto y Fernando Vegas Colaboradores: Alicia Hueto Escobar, Francisco Sandoval G\u00f3mez, Sergio Manzano Fern\u00e1ndez, Ana Gabriela Serrano Gonzales, Lidia Garc\u00eda Soriano Volver<\/p>\n<p class=\"more-link-p\"><a class=\"btn btn-default\" href=\"https:\/\/resarquitectura.blogs.upv.es\/?page_id=21795\">Read more<\/a><\/p>\n","protected":false},"author":26148,"featured_media":0,"parent":0,"menu_order":0,"comment_status":"closed","ping_status":"closed","template":"","meta":{"ngg_post_thumbnail":0,"footnotes":""},"class_list":["post-21795","page","type-page","status-publish","hentry"],"aioseo_notices":[],"_links":{"self":[{"href":"https:\/\/resarquitectura.blogs.upv.es\/index.php?rest_route=\/wp\/v2\/pages\/21795","targetHints":{"allow":["GET"]}}],"collection":[{"href":"https:\/\/resarquitectura.blogs.upv.es\/index.php?rest_route=\/wp\/v2\/pages"}],"about":[{"href":"https:\/\/resarquitectura.blogs.upv.es\/index.php?rest_route=\/wp\/v2\/types\/page"}],"author":[{"embeddable":true,"href":"https:\/\/resarquitectura.blogs.upv.es\/index.php?rest_route=\/wp\/v2\/users\/26148"}],"replies":[{"embeddable":true,"href":"https:\/\/resarquitectura.blogs.upv.es\/index.php?rest_route=%2Fwp%2Fv2%2Fcomments&post=21795"}],"version-history":[{"count":2,"href":"https:\/\/resarquitectura.blogs.upv.es\/index.php?rest_route=\/wp\/v2\/pages\/21795\/revisions"}],"predecessor-version":[{"id":21826,"href":"https:\/\/resarquitectura.blogs.upv.es\/index.php?rest_route=\/wp\/v2\/pages\/21795\/revisions\/21826"}],"wp:attachment":[{"href":"https:\/\/resarquitectura.blogs.upv.es\/index.php?rest_route=%2Fwp%2Fv2%2Fmedia&parent=21795"}],"curies":[{"name":"wp","href":"https:\/\/api.w.org\/{rel}","templated":true}]}}