{"id":21805,"date":"2026-02-20T13:18:28","date_gmt":"2026-02-20T12:18:28","guid":{"rendered":"https:\/\/resarquitectura.blogs.upv.es\/?page_id=21805"},"modified":"2026-02-20T13:57:33","modified_gmt":"2026-02-20T12:57:33","slug":"proyecto-de-restauracion-de-la-torreta-del-castillo-de-jerica-2-2-3-5-2-5","status":"publish","type":"page","link":"https:\/\/resarquitectura.blogs.upv.es\/?page_id=21805","title":{"rendered":"Restauraci\u00f3n de las fachadas del palacio de Aielo de Malferit (Valencia)"},"content":{"rendered":"<p><\/p>\n<p style=\"text-align: justify\"><strong>A\u00f1o:&nbsp;<\/strong>2025<\/p>\n<p style=\"text-align: justify\"><strong>Emplazamiento:<\/strong> Aielo de Malferit (Valencia)<\/p>\n<p style=\"text-align: justify\"><strong>Promotor:<\/strong> Ayuntamiento de Aielo de Malferit<\/p>\n<p style=\"text-align: justify\"><strong>Arquitectos:<\/strong>&nbsp;Camilla Mileto y Fernando Vegas<\/p>\n<p style=\"text-align: justify\"><strong>Colaboradores: <\/strong>Michelle Medeiros Achabal, Mar\u00eda Piqueres Mart\u00ednez, Sergio Manzano Fern\u00e1ndez, Alicia Hueto Escobar, Eva Tortajada Montalv\u00e1, Stephanie Consuelo Saavedra Llanquilef, Beatriz Mart\u00edn Peinado, Salvador Tom\u00e1s M\u00e1rquez<\/p>\nngg_shortcode_0_placeholder\n<p><a href=\"http:\/\/resarquitectura.blogs.upv.es\/?page_id=92\">Volver<\/a><\/p>","protected":false},"excerpt":{"rendered":"<p class=\"excerpt\">A\u00f1o:&nbsp;2025 Emplazamiento: Aielo de Malferit (Valencia) Promotor: Ayuntamiento de Aielo de Malferit Arquitectos:&nbsp;Camilla Mileto y Fernando Vegas Colaboradores: Michelle Medeiros Achabal, Mar\u00eda Piqueres Mart\u00ednez, Sergio Manzano Fern\u00e1ndez, Alicia Hueto Escobar, Eva Tortajada Montalv\u00e1, Stephanie Consuelo Saavedra Llanquilef, Beatriz Mart\u00edn Peinado, Salvador Tom\u00e1s M\u00e1rquez Volver<\/p>\n<p class=\"more-link-p\"><a class=\"btn btn-default\" href=\"https:\/\/resarquitectura.blogs.upv.es\/?page_id=21805\">Read more<\/a><\/p>\n","protected":false},"author":26148,"featured_media":0,"parent":0,"menu_order":0,"comment_status":"closed","ping_status":"closed","template":"","meta":{"ngg_post_thumbnail":0,"footnotes":""},"class_list":["post-21805","page","type-page","status-publish","hentry"],"aioseo_notices":[],"_links":{"self":[{"href":"https:\/\/resarquitectura.blogs.upv.es\/index.php?rest_route=\/wp\/v2\/pages\/21805","targetHints":{"allow":["GET"]}}],"collection":[{"href":"https:\/\/resarquitectura.blogs.upv.es\/index.php?rest_route=\/wp\/v2\/pages"}],"about":[{"href":"https:\/\/resarquitectura.blogs.upv.es\/index.php?rest_route=\/wp\/v2\/types\/page"}],"author":[{"embeddable":true,"href":"https:\/\/resarquitectura.blogs.upv.es\/index.php?rest_route=\/wp\/v2\/users\/26148"}],"replies":[{"embeddable":true,"href":"https:\/\/resarquitectura.blogs.upv.es\/index.php?rest_route=%2Fwp%2Fv2%2Fcomments&post=21805"}],"version-history":[{"count":2,"href":"https:\/\/resarquitectura.blogs.upv.es\/index.php?rest_route=\/wp\/v2\/pages\/21805\/revisions"}],"predecessor-version":[{"id":21825,"href":"https:\/\/resarquitectura.blogs.upv.es\/index.php?rest_route=\/wp\/v2\/pages\/21805\/revisions\/21825"}],"wp:attachment":[{"href":"https:\/\/resarquitectura.blogs.upv.es\/index.php?rest_route=%2Fwp%2Fv2%2Fmedia&parent=21805"}],"curies":[{"name":"wp","href":"https:\/\/api.w.org\/{rel}","templated":true}]}}