{"id":21818,"date":"2026-02-20T13:52:15","date_gmt":"2026-02-20T12:52:15","guid":{"rendered":"https:\/\/resarquitectura.blogs.upv.es\/?page_id=21818"},"modified":"2026-02-20T14:00:58","modified_gmt":"2026-02-20T13:00:58","slug":"proyecto-de-restauracion-de-la-torreta-del-castillo-de-jerica-2-2-3-5-2-6","status":"publish","type":"page","link":"https:\/\/resarquitectura.blogs.upv.es\/?page_id=21818","title":{"rendered":"Proyecto de restauraci\u00f3n de la Porta del Drac de los Pabellons G\u00fcell (Barcelona)"},"content":{"rendered":"<p><\/p>\n<p style=\"text-align: justify\"><strong>A\u00f1o:&nbsp;<\/strong>2024<\/p>\n<p style=\"text-align: justify\"><strong>Emplazamiento:<\/strong> Barcelona (Catalu\u00f1a)<\/p>\n<p style=\"text-align: justify\"><strong>Promotor:<\/strong> Institut Municipal del Paisatge Urb\u00e0 i la Qualitat de Vida<\/p>\n<p style=\"text-align: justify\"><strong>Arquitectos:<\/strong>&nbsp;Camilla Mileto y Fernando Vegas<\/p>\n<p style=\"text-align: justify\"><strong>Colaboradores: <\/strong>Ana Gabriela Serrano Gonzales, Malvina Gesine Frank, Federica Mercuri, Mar\u00eda Piqueres Mart\u00ednez, Sergio Manzano Fern\u00e1ndez, Lidia Garc\u00eda Soriano, Salvador Tom\u00e1s M\u00e1rquez<\/p>\nngg_shortcode_0_placeholder\n<p><a href=\"http:\/\/resarquitectura.blogs.upv.es\/?page_id=92\">Volver<\/a><\/p>","protected":false},"excerpt":{"rendered":"<p class=\"excerpt\">A\u00f1o:&nbsp;2024 Emplazamiento: Barcelona (Catalu\u00f1a) Promotor: Institut Municipal del Paisatge Urb\u00e0 i la Qualitat de Vida Arquitectos:&nbsp;Camilla Mileto y Fernando Vegas Colaboradores: Ana Gabriela Serrano Gonzales, Malvina Gesine Frank, Federica Mercuri, Mar\u00eda Piqueres Mart\u00ednez, Sergio Manzano Fern\u00e1ndez, Lidia Garc\u00eda Soriano, Salvador Tom\u00e1s M\u00e1rquez Volver<\/p>\n<p class=\"more-link-p\"><a class=\"btn btn-default\" href=\"https:\/\/resarquitectura.blogs.upv.es\/?page_id=21818\">Read more<\/a><\/p>\n","protected":false},"author":26148,"featured_media":0,"parent":0,"menu_order":0,"comment_status":"closed","ping_status":"closed","template":"","meta":{"ngg_post_thumbnail":0,"footnotes":""},"class_list":["post-21818","page","type-page","status-publish","hentry"],"aioseo_notices":[],"_links":{"self":[{"href":"https:\/\/resarquitectura.blogs.upv.es\/index.php?rest_route=\/wp\/v2\/pages\/21818","targetHints":{"allow":["GET"]}}],"collection":[{"href":"https:\/\/resarquitectura.blogs.upv.es\/index.php?rest_route=\/wp\/v2\/pages"}],"about":[{"href":"https:\/\/resarquitectura.blogs.upv.es\/index.php?rest_route=\/wp\/v2\/types\/page"}],"author":[{"embeddable":true,"href":"https:\/\/resarquitectura.blogs.upv.es\/index.php?rest_route=\/wp\/v2\/users\/26148"}],"replies":[{"embeddable":true,"href":"https:\/\/resarquitectura.blogs.upv.es\/index.php?rest_route=%2Fwp%2Fv2%2Fcomments&post=21818"}],"version-history":[{"count":2,"href":"https:\/\/resarquitectura.blogs.upv.es\/index.php?rest_route=\/wp\/v2\/pages\/21818\/revisions"}],"predecessor-version":[{"id":21831,"href":"https:\/\/resarquitectura.blogs.upv.es\/index.php?rest_route=\/wp\/v2\/pages\/21818\/revisions\/21831"}],"wp:attachment":[{"href":"https:\/\/resarquitectura.blogs.upv.es\/index.php?rest_route=%2Fwp%2Fv2%2Fmedia&parent=21818"}],"curies":[{"name":"wp","href":"https:\/\/api.w.org\/{rel}","templated":true}]}}